{"id":11589,"date":"2017-09-27T00:26:50","date_gmt":"2017-09-26T22:26:50","guid":{"rendered":"http:\/\/rsubach.de\/?page_id=11589"},"modified":"2023-02-18T15:36:09","modified_gmt":"2023-02-18T14:36:09","slug":"kunstunterricht","status":"publish","type":"page","link":"https:\/\/rsubach.de\/?page_id=11589","title":{"rendered":"Kunstunterricht"},"content":{"rendered":"<p>Auf dieser Seite m\u00f6chten wir besondere Ergebnisse aus dem Unterrichtsfach <strong>Kunst <\/strong>\u00f6ffentlich pr\u00e4sentieren. Regelm\u00e4\u00dfig wird in dieser Galerie das <em><strong>&#8222;Kunstwerk des Monats&#8220;<\/strong><\/em> mit Bild und Text ver\u00f6ffentlicht<\/p>\n<style type=\"text\/css\">\n#foogallery-gallery-12200.fg-justified .fg-item { margin-right: 1px; margin-bottom: 1px; }\n#foogallery-gallery-12200.fg-justified .fg-image { height: 150px; }<\/style>\n\t\t\t<div class=\"foogallery foogallery-container foogallery-justified foogallery-lightbox-foobox fg-justified fg-ready fg-light fg-border-thin fg-shadow-outline fg-loading-default fg-loaded-fade-in fg-caption-hover fg-hover-fade fg-hover-zoom\" id=\"foogallery-gallery-12200\" data-foogallery=\"{&quot;item&quot;:{&quot;showCaptionTitle&quot;:true,&quot;showCaptionDescription&quot;:true},&quot;lazy&quot;:true,&quot;template&quot;:{&quot;rowHeight&quot;:150,&quot;maxRowHeight&quot;:300,&quot;margins&quot;:1,&quot;align&quot;:&quot;center&quot;,&quot;lastRow&quot;:&quot;smart&quot;}}\" style=\"--fg-title-line-clamp: 0; --fg-description-line-clamp: 0;\" >\n\t<div class=\"fg-item fg-type-image fg-idle\"><figure class=\"fg-item-inner\"><a href=\"https:\/\/rsubach.de\/wp-content\/uploads\/2020\/02\/20200218_1141331-scaled.jpg\" data-caption-title=\"Januar 2020\" data-caption-desc=\"Leonie Mosebach\" data-attachment-id=\"18962\" data-type=\"image\" class=\"fg-thumb\"><span class=\"fg-image-wrap\"><img fetchpriority=\"high\" decoding=\"async\" title=\"Januar 2020\" height=\"300\" width=\"413\" class=\"skip-lazy fg-image\" data-src-fg=\"https:\/\/rsubach.de\/wp-content\/uploads\/cache\/2020\/02\/20200218_1141331-scaled\/3458667500.jpg\" src=\"data:image\/svg+xml,%3Csvg%20xmlns%3D%22http%3A%2F%2Fwww.w3.org%2F2000%2Fsvg%22%20width%3D%22413%22%20height%3D%22300%22%20viewBox%3D%220%200%20413%20300%22%3E%3C%2Fsvg%3E\" loading=\"eager\"><\/span><span class=\"fg-image-overlay\"><\/span><\/a><figcaption class=\"fg-caption\"><div class=\"fg-caption-inner\"><div class=\"fg-caption-title\">Januar 2020<\/div><div class=\"fg-caption-desc\">Leonie Mosebach<\/div><\/div><\/figcaption><\/figure><div class=\"fg-loader\"><\/div><\/div><div class=\"fg-item fg-type-image fg-idle\"><figure class=\"fg-item-inner\"><a href=\"https:\/\/rsubach.de\/wp-content\/uploads\/2019\/05\/WP_20190502_11_50_40_Pro_31.jpg\" data-caption-title=\"April 2019\" data-caption-desc=\"Jasmin B\u00f6ssel\" data-attachment-id=\"16773\" data-type=\"image\" class=\"fg-thumb\"><span class=\"fg-image-wrap\"><img decoding=\"async\" title=\"April 2019\" height=\"300\" width=\"434\" class=\"skip-lazy fg-image\" data-src-fg=\"https:\/\/rsubach.de\/wp-content\/uploads\/cache\/2019\/05\/WP_20190502_11_50_40_Pro_31\/3703978793.jpg\" src=\"data:image\/svg+xml,%3Csvg%20xmlns%3D%22http%3A%2F%2Fwww.w3.org%2F2000%2Fsvg%22%20width%3D%22434%22%20height%3D%22300%22%20viewBox%3D%220%200%20434%20300%22%3E%3C%2Fsvg%3E\" loading=\"eager\"><\/span><span class=\"fg-image-overlay\"><\/span><\/a><figcaption class=\"fg-caption\"><div class=\"fg-caption-inner\"><div class=\"fg-caption-title\">April 2019<\/div><div class=\"fg-caption-desc\">Jasmin B\u00f6ssel<\/div><\/div><\/figcaption><\/figure><div class=\"fg-loader\"><\/div><\/div><div class=\"fg-item fg-type-image fg-idle\"><figure class=\"fg-item-inner\"><a href=\"https:\/\/rsubach.de\/wp-content\/uploads\/2019\/05\/WP_20190502_12_07_55_Pro_21.jpg\" data-caption-title=\"M\u00e4rz 2019\" data-caption-desc=\"Toni Goldschmidt\" data-attachment-id=\"16769\" data-type=\"image\" class=\"fg-thumb\"><span class=\"fg-image-wrap\"><img decoding=\"async\" title=\"M\u00e4rz 2019\" height=\"300\" width=\"422\" class=\"skip-lazy fg-image\" data-src-fg=\"https:\/\/rsubach.de\/wp-content\/uploads\/cache\/2019\/05\/WP_20190502_12_07_55_Pro_21\/932437720.jpg\" src=\"data:image\/svg+xml,%3Csvg%20xmlns%3D%22http%3A%2F%2Fwww.w3.org%2F2000%2Fsvg%22%20width%3D%22422%22%20height%3D%22300%22%20viewBox%3D%220%200%20422%20300%22%3E%3C%2Fsvg%3E\" loading=\"eager\"><\/span><span class=\"fg-image-overlay\"><\/span><\/a><figcaption class=\"fg-caption\"><div class=\"fg-caption-inner\"><div class=\"fg-caption-title\">M\u00e4rz 2019<\/div><div class=\"fg-caption-desc\">Toni Goldschmidt<\/div><\/div><\/figcaption><\/figure><div class=\"fg-loader\"><\/div><\/div><div class=\"fg-item fg-type-image fg-idle\"><figure class=\"fg-item-inner\"><a href=\"https:\/\/rsubach.de\/wp-content\/uploads\/2019\/03\/WP_20190226_11_28_51_Rich_21-1-e1552254714119.jpg\" data-caption-title=\"Januar 2019\" data-caption-desc=\"Jerome Parthier\" data-attachment-id=\"16396\" data-type=\"image\" class=\"fg-thumb\"><span class=\"fg-image-wrap\"><img decoding=\"async\" title=\"Januar 2019\" height=\"300\" width=\"444\" class=\"skip-lazy fg-image\" data-src-fg=\"https:\/\/rsubach.de\/wp-content\/uploads\/cache\/2019\/03\/WP_20190226_11_28_51_Rich_21-1-e1552254714119\/2490634626.jpg\" src=\"data:image\/svg+xml,%3Csvg%20xmlns%3D%22http%3A%2F%2Fwww.w3.org%2F2000%2Fsvg%22%20width%3D%22444%22%20height%3D%22300%22%20viewBox%3D%220%200%20444%20300%22%3E%3C%2Fsvg%3E\" loading=\"eager\"><\/span><span class=\"fg-image-overlay\"><\/span><\/a><figcaption class=\"fg-caption\"><div class=\"fg-caption-inner\"><div class=\"fg-caption-title\">Januar 2019<\/div><div class=\"fg-caption-desc\">Jerome Parthier<\/div><\/div><\/figcaption><\/figure><div class=\"fg-loader\"><\/div><\/div><div class=\"fg-item fg-type-image fg-idle\"><figure class=\"fg-item-inner\"><a href=\"https:\/\/rsubach.de\/wp-content\/uploads\/2019\/01\/WP_20190109_07_36_44_Pro_31.jpg\" data-caption-title=\"Dezember 2018\" data-caption-desc=\"Selina Parzanka\" data-attachment-id=\"15740\" data-type=\"image\" class=\"fg-thumb\"><span class=\"fg-image-wrap\"><img decoding=\"async\" title=\"Dezember 2018\" height=\"300\" width=\"395\" class=\"skip-lazy fg-image\" data-src-fg=\"https:\/\/rsubach.de\/wp-content\/uploads\/cache\/2019\/01\/WP_20190109_07_36_44_Pro_31\/2466380772.jpg\" src=\"data:image\/svg+xml,%3Csvg%20xmlns%3D%22http%3A%2F%2Fwww.w3.org%2F2000%2Fsvg%22%20width%3D%22395%22%20height%3D%22300%22%20viewBox%3D%220%200%20395%20300%22%3E%3C%2Fsvg%3E\" loading=\"eager\"><\/span><span class=\"fg-image-overlay\"><\/span><\/a><figcaption class=\"fg-caption\"><div class=\"fg-caption-inner\"><div class=\"fg-caption-title\">Dezember 2018<\/div><div class=\"fg-caption-desc\">Selina Parzanka<\/div><\/div><\/figcaption><\/figure><div class=\"fg-loader\"><\/div><\/div><div class=\"fg-item fg-type-image fg-idle\"><figure class=\"fg-item-inner\"><a href=\"https:\/\/rsubach.de\/wp-content\/uploads\/2019\/01\/WP_20190109_07_32_51_Pro_31.jpg\" data-caption-title=\"November 2018\" data-caption-desc=\"Leander Jakob\" data-attachment-id=\"15739\" data-type=\"image\" class=\"fg-thumb\"><span class=\"fg-image-wrap\"><img decoding=\"async\" title=\"November 2018\" height=\"300\" width=\"432\" class=\"skip-lazy fg-image\" data-src-fg=\"https:\/\/rsubach.de\/wp-content\/uploads\/cache\/2019\/01\/WP_20190109_07_32_51_Pro_31\/2797221882.jpg\" src=\"data:image\/svg+xml,%3Csvg%20xmlns%3D%22http%3A%2F%2Fwww.w3.org%2F2000%2Fsvg%22%20width%3D%22432%22%20height%3D%22300%22%20viewBox%3D%220%200%20432%20300%22%3E%3C%2Fsvg%3E\" loading=\"eager\"><\/span><span class=\"fg-image-overlay\"><\/span><\/a><figcaption class=\"fg-caption\"><div class=\"fg-caption-inner\"><div class=\"fg-caption-title\">November 2018<\/div><div class=\"fg-caption-desc\">Leander Jakob<\/div><\/div><\/figcaption><\/figure><div class=\"fg-loader\"><\/div><\/div><div class=\"fg-item fg-type-image fg-idle\"><figure class=\"fg-item-inner\"><a href=\"https:\/\/rsubach.de\/wp-content\/uploads\/2018\/10\/20181017_081018-2.jpg\" target=\"_blank\" data-caption-title=\"Oktober 2018\" data-caption-desc=\"Elis Franke\" data-attachment-id=\"14894\" data-type=\"image\" class=\"fg-thumb\"><span class=\"fg-image-wrap\"><img decoding=\"async\" title=\"Oktober 2018\" height=\"300\" width=\"215\" class=\"skip-lazy fg-image\" data-src-fg=\"https:\/\/rsubach.de\/wp-content\/uploads\/cache\/2018\/10\/20181017_081018-2\/1263641068.jpg\" src=\"data:image\/svg+xml,%3Csvg%20xmlns%3D%22http%3A%2F%2Fwww.w3.org%2F2000%2Fsvg%22%20width%3D%22215%22%20height%3D%22300%22%20viewBox%3D%220%200%20215%20300%22%3E%3C%2Fsvg%3E\" loading=\"eager\"><\/span><span class=\"fg-image-overlay\"><\/span><\/a><figcaption class=\"fg-caption\"><div class=\"fg-caption-inner\"><div class=\"fg-caption-title\">Oktober 2018<\/div><div class=\"fg-caption-desc\">Elis Franke<\/div><\/div><\/figcaption><\/figure><div class=\"fg-loader\"><\/div><\/div><div class=\"fg-item fg-type-image fg-idle\"><figure class=\"fg-item-inner\"><a href=\"https:\/\/rsubach.de\/wp-content\/uploads\/2018\/09\/September-Tobias-K\u00fcmmel-9a-2.jpg\" target=\"foobox\" data-caption-title=\"September 2018\" data-caption-desc=\"Tobias K\u00fcmmel\" data-attachment-id=\"14804\" data-type=\"image\" class=\"fg-thumb\"><span class=\"fg-image-wrap\"><img decoding=\"async\" title=\"September 2018\" height=\"300\" width=\"534\" class=\"skip-lazy fg-image\" data-src-fg=\"https:\/\/rsubach.de\/wp-content\/uploads\/cache\/2018\/09\/September-Tobias-K\u00fcmmel-9a-2\/3867019838.jpg\" src=\"data:image\/svg+xml,%3Csvg%20xmlns%3D%22http%3A%2F%2Fwww.w3.org%2F2000%2Fsvg%22%20width%3D%22534%22%20height%3D%22300%22%20viewBox%3D%220%200%20534%20300%22%3E%3C%2Fsvg%3E\" loading=\"eager\"><\/span><span class=\"fg-image-overlay\"><\/span><\/a><figcaption class=\"fg-caption\"><div class=\"fg-caption-inner\"><div class=\"fg-caption-title\">September 2018<\/div><div class=\"fg-caption-desc\">Tobias K\u00fcmmel<\/div><\/div><\/figcaption><\/figure><div class=\"fg-loader\"><\/div><\/div><div class=\"fg-item fg-type-image fg-idle\"><figure class=\"fg-item-inner\"><a href=\"https:\/\/rsubach.de\/wp-content\/uploads\/2018\/09\/August-von-Luca-Barche-5b-2-e1537823598157.jpg\" target=\"foobox\" data-caption-title=\"August 2018\" data-caption-desc=\"Luca Barche\" data-attachment-id=\"14835\" data-type=\"image\" class=\"fg-thumb\"><span class=\"fg-image-wrap\"><img decoding=\"async\" title=\"August 2018\" height=\"300\" width=\"169\" class=\"skip-lazy fg-image\" data-src-fg=\"https:\/\/rsubach.de\/wp-content\/uploads\/cache\/2018\/09\/August-von-Luca-Barche-5b-2-e1537823598157\/1317963895.jpg\" src=\"data:image\/svg+xml,%3Csvg%20xmlns%3D%22http%3A%2F%2Fwww.w3.org%2F2000%2Fsvg%22%20width%3D%22169%22%20height%3D%22300%22%20viewBox%3D%220%200%20169%20300%22%3E%3C%2Fsvg%3E\" loading=\"eager\"><\/span><span class=\"fg-image-overlay\"><\/span><\/a><figcaption class=\"fg-caption\"><div class=\"fg-caption-inner\"><div class=\"fg-caption-title\">August 2018<\/div><div class=\"fg-caption-desc\">Luca Barche<\/div><\/div><\/figcaption><\/figure><div class=\"fg-loader\"><\/div><\/div><div class=\"fg-item fg-type-image fg-idle\"><figure class=\"fg-item-inner\"><a href=\"https:\/\/rsubach.de\/wp-content\/uploads\/2018\/09\/WP_20180725_12_17_23_Pro.jpg\" target=\"foobox\" data-caption-title=\"Juli 2018\" data-caption-desc=\"Kunstprojekt in den Ferien\" data-attachment-id=\"14630\" data-type=\"image\" class=\"fg-thumb\"><span class=\"fg-image-wrap\"><img decoding=\"async\" title=\"Juli 2018\" height=\"300\" width=\"533\" class=\"skip-lazy fg-image\" data-src-fg=\"https:\/\/rsubach.de\/wp-content\/uploads\/cache\/2018\/09\/WP_20180725_12_17_23_Pro\/64336507.jpg\" src=\"data:image\/svg+xml,%3Csvg%20xmlns%3D%22http%3A%2F%2Fwww.w3.org%2F2000%2Fsvg%22%20width%3D%22533%22%20height%3D%22300%22%20viewBox%3D%220%200%20533%20300%22%3E%3C%2Fsvg%3E\" loading=\"eager\"><\/span><span class=\"fg-image-overlay\"><\/span><\/a><figcaption class=\"fg-caption\"><div class=\"fg-caption-inner\"><div class=\"fg-caption-title\">Juli 2018<\/div><div class=\"fg-caption-desc\">Kunstprojekt in den Ferien<\/div><\/div><\/figcaption><\/figure><div class=\"fg-loader\"><\/div><\/div><div class=\"fg-item fg-type-image fg-idle\"><figure class=\"fg-item-inner\"><a href=\"https:\/\/rsubach.de\/wp-content\/uploads\/2018\/06\/WP_20180605_08_21_38_Pro1.jpg\" target=\"foobox\" data-caption-title=\"Juni 2018\" data-caption-desc=\"Mia Raillon\" data-attachment-id=\"14055\" data-type=\"image\" class=\"fg-thumb\"><span class=\"fg-image-wrap\"><img decoding=\"async\" title=\"Juni 2018\" height=\"300\" width=\"428\" class=\"skip-lazy fg-image\" data-src-fg=\"https:\/\/rsubach.de\/wp-content\/uploads\/cache\/2018\/06\/WP_20180605_08_21_38_Pro1\/2275769167.jpg\" src=\"data:image\/svg+xml,%3Csvg%20xmlns%3D%22http%3A%2F%2Fwww.w3.org%2F2000%2Fsvg%22%20width%3D%22428%22%20height%3D%22300%22%20viewBox%3D%220%200%20428%20300%22%3E%3C%2Fsvg%3E\" loading=\"eager\"><\/span><span class=\"fg-image-overlay\"><\/span><\/a><figcaption class=\"fg-caption\"><div class=\"fg-caption-inner\"><div class=\"fg-caption-title\">Juni 2018<\/div><div class=\"fg-caption-desc\">Mia Raillon<\/div><\/div><\/figcaption><\/figure><div class=\"fg-loader\"><\/div><\/div><div class=\"fg-item fg-type-image fg-idle\"><figure class=\"fg-item-inner\"><a href=\"https:\/\/rsubach.de\/wp-content\/uploads\/2018\/05\/Celine-Hobert-2.jpg\" target=\"foobox\" data-caption-title=\"Mai 2018\" data-caption-desc=\"Celine Hobert\" data-attachment-id=\"13976\" data-type=\"image\" class=\"fg-thumb\"><span class=\"fg-image-wrap\"><img decoding=\"async\" title=\"Mai 2018\" height=\"300\" width=\"411\" class=\"skip-lazy fg-image\" data-src-fg=\"https:\/\/rsubach.de\/wp-content\/uploads\/cache\/2018\/05\/Celine-Hobert-2\/3888368383.jpg\" src=\"data:image\/svg+xml,%3Csvg%20xmlns%3D%22http%3A%2F%2Fwww.w3.org%2F2000%2Fsvg%22%20width%3D%22411%22%20height%3D%22300%22%20viewBox%3D%220%200%20411%20300%22%3E%3C%2Fsvg%3E\" loading=\"eager\"><\/span><span class=\"fg-image-overlay\"><\/span><\/a><figcaption class=\"fg-caption\"><div class=\"fg-caption-inner\"><div class=\"fg-caption-title\">Mai 2018<\/div><div class=\"fg-caption-desc\">Celine Hobert<\/div><\/div><\/figcaption><\/figure><div class=\"fg-loader\"><\/div><\/div><div class=\"fg-item fg-type-image fg-idle\"><figure class=\"fg-item-inner\"><a href=\"https:\/\/rsubach.de\/wp-content\/uploads\/2018\/04\/WP_20180322_11_16_26_Pro.jpg\" target=\"foobox\" data-caption-title=\"April 2018\" data-caption-desc=\"Bastian Ernst\" data-attachment-id=\"13590\" data-type=\"image\" class=\"fg-thumb\"><span class=\"fg-image-wrap\"><img decoding=\"async\" title=\"April 2018\" height=\"300\" width=\"429\" class=\"skip-lazy fg-image\" data-src-fg=\"https:\/\/rsubach.de\/wp-content\/uploads\/cache\/2018\/04\/WP_20180322_11_16_26_Pro\/2930725563.jpg\" src=\"data:image\/svg+xml,%3Csvg%20xmlns%3D%22http%3A%2F%2Fwww.w3.org%2F2000%2Fsvg%22%20width%3D%22429%22%20height%3D%22300%22%20viewBox%3D%220%200%20429%20300%22%3E%3C%2Fsvg%3E\" loading=\"eager\"><\/span><span class=\"fg-image-overlay\"><\/span><\/a><figcaption class=\"fg-caption\"><div class=\"fg-caption-inner\"><div class=\"fg-caption-title\">April 2018<\/div><div class=\"fg-caption-desc\">Bastian Ernst<\/div><\/div><\/figcaption><\/figure><div class=\"fg-loader\"><\/div><\/div><div class=\"fg-item fg-type-image fg-idle\"><figure class=\"fg-item-inner\"><a href=\"https:\/\/rsubach.de\/wp-content\/uploads\/2018\/03\/WP_20180322_08_16_32_Pro.jpg\" target=\"foobox\" data-caption-title=\"M\u00e4rz 2018\" data-caption-desc=\"Niklas R\u00f6hrig\" data-attachment-id=\"13261\" data-type=\"image\" class=\"fg-thumb\"><span class=\"fg-image-wrap\"><img decoding=\"async\" title=\"M\u00e4rz 2018\" height=\"300\" width=\"373\" class=\"skip-lazy fg-image\" data-src-fg=\"https:\/\/rsubach.de\/wp-content\/uploads\/cache\/2018\/03\/WP_20180322_08_16_32_Pro\/3139169597.jpg\" src=\"data:image\/svg+xml,%3Csvg%20xmlns%3D%22http%3A%2F%2Fwww.w3.org%2F2000%2Fsvg%22%20width%3D%22373%22%20height%3D%22300%22%20viewBox%3D%220%200%20373%20300%22%3E%3C%2Fsvg%3E\" loading=\"eager\"><\/span><span class=\"fg-image-overlay\"><\/span><\/a><figcaption class=\"fg-caption\"><div class=\"fg-caption-inner\"><div class=\"fg-caption-title\">M\u00e4rz 2018<\/div><div class=\"fg-caption-desc\">Niklas R\u00f6hrig<\/div><\/div><\/figcaption><\/figure><div class=\"fg-loader\"><\/div><\/div><div class=\"fg-item fg-type-image fg-idle\"><figure class=\"fg-item-inner\"><a href=\"https:\/\/rsubach.de\/wp-content\/uploads\/2018\/03\/20180121_162004-e1519929280814.jpg\" target=\"foobox\" data-caption-title=\"Februar 2018\" data-caption-desc=\"Isabelle L\u00f6we\" data-attachment-id=\"12877\" data-type=\"image\" class=\"fg-thumb\"><span class=\"fg-image-wrap\"><img decoding=\"async\" title=\"Februar 2018\" height=\"300\" width=\"225\" class=\"skip-lazy fg-image\" data-src-fg=\"https:\/\/rsubach.de\/wp-content\/uploads\/cache\/2018\/03\/20180121_162004-e1519929280814\/3297589840.jpg\" src=\"data:image\/svg+xml,%3Csvg%20xmlns%3D%22http%3A%2F%2Fwww.w3.org%2F2000%2Fsvg%22%20width%3D%22225%22%20height%3D%22300%22%20viewBox%3D%220%200%20225%20300%22%3E%3C%2Fsvg%3E\" loading=\"eager\"><\/span><span class=\"fg-image-overlay\"><\/span><\/a><figcaption class=\"fg-caption\"><div class=\"fg-caption-inner\"><div class=\"fg-caption-title\">Februar 2018<\/div><div class=\"fg-caption-desc\">Isabelle L\u00f6we<\/div><\/div><\/figcaption><\/figure><div class=\"fg-loader\"><\/div><\/div><div class=\"fg-item fg-type-image fg-idle\"><figure class=\"fg-item-inner\"><a href=\"https:\/\/rsubach.de\/wp-content\/uploads\/2018\/01\/Unbenannt-1-1.jpg\" target=\"foobox\" data-caption-title=\"Januar 2018\" data-caption-desc=\"Milena Weber\" data-attachment-id=\"12432\" data-type=\"image\" class=\"fg-thumb\"><span class=\"fg-image-wrap\"><img decoding=\"async\" title=\"Januar 2018\" height=\"300\" width=\"442\" class=\"skip-lazy fg-image\" data-src-fg=\"https:\/\/rsubach.de\/wp-content\/uploads\/cache\/2018\/01\/Unbenannt-1-1\/327507854.jpg\" src=\"data:image\/svg+xml,%3Csvg%20xmlns%3D%22http%3A%2F%2Fwww.w3.org%2F2000%2Fsvg%22%20width%3D%22442%22%20height%3D%22300%22%20viewBox%3D%220%200%20442%20300%22%3E%3C%2Fsvg%3E\" loading=\"eager\"><\/span><span class=\"fg-image-overlay\"><\/span><\/a><figcaption class=\"fg-caption\"><div class=\"fg-caption-inner\"><div class=\"fg-caption-title\">Januar 2018<\/div><div class=\"fg-caption-desc\">Milena Weber<\/div><\/div><\/figcaption><\/figure><div class=\"fg-loader\"><\/div><\/div><div class=\"fg-item fg-type-image fg-idle\"><figure class=\"fg-item-inner\"><a href=\"https:\/\/rsubach.de\/wp-content\/uploads\/2017\/12\/IMG-20171207-WA0001-e1512930437621.jpg\" target=\"foobox\" data-caption-title=\"Dezember 2017\" data-caption-desc=\"Tobias J\u00e4ckel\" data-attachment-id=\"12183\" data-type=\"image\" class=\"fg-thumb\"><span class=\"fg-image-wrap\"><img decoding=\"async\" title=\"Dezember 2017\" height=\"300\" width=\"208\" class=\"skip-lazy fg-image\" data-src-fg=\"https:\/\/rsubach.de\/wp-content\/uploads\/cache\/2017\/12\/IMG-20171207-WA0001-e1512930437621\/3682486385.jpg\" src=\"data:image\/svg+xml,%3Csvg%20xmlns%3D%22http%3A%2F%2Fwww.w3.org%2F2000%2Fsvg%22%20width%3D%22208%22%20height%3D%22300%22%20viewBox%3D%220%200%20208%20300%22%3E%3C%2Fsvg%3E\" loading=\"eager\"><\/span><span class=\"fg-image-overlay\"><\/span><\/a><figcaption class=\"fg-caption\"><div class=\"fg-caption-inner\"><div class=\"fg-caption-title\">Dezember 2017<\/div><div class=\"fg-caption-desc\">Tobias J\u00e4ckel<\/div><\/div><\/figcaption><\/figure><div class=\"fg-loader\"><\/div><\/div><div class=\"fg-item fg-type-image fg-idle\"><figure class=\"fg-item-inner\"><a href=\"https:\/\/rsubach.de\/wp-content\/uploads\/2017\/12\/Kunstwerk_Monat_2017-11.jpg\" target=\"foobox\" data-caption-title=\"November 2017\" data-caption-desc=\"Anna Borken\" data-attachment-id=\"12118\" data-type=\"image\" class=\"fg-thumb\"><span class=\"fg-image-wrap\"><img decoding=\"async\" title=\"November 2017\" height=\"300\" width=\"212\" class=\"skip-lazy fg-image\" data-src-fg=\"https:\/\/rsubach.de\/wp-content\/uploads\/cache\/2017\/12\/Kunstwerk_Monat_2017-11\/298849252.jpg\" src=\"data:image\/svg+xml,%3Csvg%20xmlns%3D%22http%3A%2F%2Fwww.w3.org%2F2000%2Fsvg%22%20width%3D%22212%22%20height%3D%22300%22%20viewBox%3D%220%200%20212%20300%22%3E%3C%2Fsvg%3E\" loading=\"eager\"><\/span><span class=\"fg-image-overlay\"><\/span><\/a><figcaption class=\"fg-caption\"><div class=\"fg-caption-inner\"><div class=\"fg-caption-title\">November 2017<\/div><div class=\"fg-caption-desc\">Anna Borken<\/div><\/div><\/figcaption><\/figure><div class=\"fg-loader\"><\/div><\/div><div class=\"fg-item fg-type-image fg-idle\"><figure class=\"fg-item-inner\"><a href=\"https:\/\/rsubach.de\/wp-content\/uploads\/2017\/12\/Kunstwerk_Monat_2017-10.jpg\" target=\"foobox\" data-caption-title=\"Oktober 2017\" data-caption-desc=\"Marlene Engel\" data-attachment-id=\"12117\" data-type=\"image\" class=\"fg-thumb\"><span class=\"fg-image-wrap\"><img decoding=\"async\" title=\"Oktober 2017\" height=\"300\" width=\"207\" class=\"skip-lazy fg-image\" data-src-fg=\"https:\/\/rsubach.de\/wp-content\/uploads\/cache\/2017\/12\/Kunstwerk_Monat_2017-10\/2280027857.jpg\" src=\"data:image\/svg+xml,%3Csvg%20xmlns%3D%22http%3A%2F%2Fwww.w3.org%2F2000%2Fsvg%22%20width%3D%22207%22%20height%3D%22300%22%20viewBox%3D%220%200%20207%20300%22%3E%3C%2Fsvg%3E\" loading=\"eager\"><\/span><span class=\"fg-image-overlay\"><\/span><\/a><figcaption class=\"fg-caption\"><div class=\"fg-caption-inner\"><div class=\"fg-caption-title\">Oktober 2017<\/div><div class=\"fg-caption-desc\">Marlene Engel<\/div><\/div><\/figcaption><\/figure><div class=\"fg-loader\"><\/div><\/div><div class=\"fg-item fg-type-image fg-idle\"><figure class=\"fg-item-inner\"><a href=\"https:\/\/rsubach.de\/wp-content\/uploads\/2017\/09\/Kunstwerk_Monat_2017-09.jpg\" target=\"foobox\" data-caption-title=\"September 2017\" data-caption-desc=\"Isabell Steinhoff\" data-attachment-id=\"11591\" data-type=\"image\" class=\"fg-thumb\"><span class=\"fg-image-wrap\"><img decoding=\"async\" title=\"September 2017\" height=\"300\" width=\"425\" class=\"skip-lazy fg-image\" data-src-fg=\"https:\/\/rsubach.de\/wp-content\/uploads\/cache\/2017\/09\/Kunstwerk_Monat_2017-09\/2970526867.jpg\" src=\"data:image\/svg+xml,%3Csvg%20xmlns%3D%22http%3A%2F%2Fwww.w3.org%2F2000%2Fsvg%22%20width%3D%22425%22%20height%3D%22300%22%20viewBox%3D%220%200%20425%20300%22%3E%3C%2Fsvg%3E\" loading=\"eager\"><\/span><span class=\"fg-image-overlay\"><\/span><\/a><figcaption class=\"fg-caption\"><div class=\"fg-caption-inner\"><div class=\"fg-caption-title\">September 2017<\/div><div class=\"fg-caption-desc\">Isabell Steinhoff<\/div><\/div><\/figcaption><\/figure><div class=\"fg-loader\"><\/div><\/div><\/div>\n\n<p>&nbsp;<\/p>\n<p><strong>&nbsp;<\/strong><\/p>\n","protected":false},"excerpt":{"rendered":"<p>Auf dieser Seite m\u00f6chten wir besondere Ergebnisse aus dem Unterrichtsfach Kunst \u00f6ffentlich pr\u00e4sentieren. Regelm\u00e4\u00dfig wird in dieser Galerie das &#8222;Kunstwerk des Monats&#8220; mit Bild und Text ver\u00f6ffentlicht &nbsp; &nbsp;<\/p>\n","protected":false},"author":1,"featured_media":0,"parent":5383,"menu_order":11,"comment_status":"closed","ping_status":"closed","template":"","meta":{"ngg_post_thumbnail":0,"footnotes":""},"class_list":["post-11589","page","type-page","status-publish","hentry"],"publishpress_future_action":{"enabled":false,"date":"2026-05-07 15:10:29","action":"change-status","newStatus":"draft","terms":[],"taxonomy":"","extraData":[]},"publishpress_future_workflow_manual_trigger":{"enabledWorkflows":[]},"rttpg_featured_image_url":null,"rttpg_author":{"display_name":"Uwe Borger","author_link":"https:\/\/rsubach.de\/?author=1"},"rttpg_comment":0,"rttpg_category":null,"rttpg_excerpt":"Auf dieser Seite m\u00f6chten wir besondere Ergebnisse aus dem Unterrichtsfach Kunst \u00f6ffentlich pr\u00e4sentieren. Regelm\u00e4\u00dfig wird in dieser Galerie das &#8222;Kunstwerk des Monats&#8220; mit Bild und Text ver\u00f6ffentlicht &nbsp; &nbsp;","_links":{"self":[{"href":"https:\/\/rsubach.de\/index.php?rest_route=\/wp\/v2\/pages\/11589","targetHints":{"allow":["GET"]}}],"collection":[{"href":"https:\/\/rsubach.de\/index.php?rest_route=\/wp\/v2\/pages"}],"about":[{"href":"https:\/\/rsubach.de\/index.php?rest_route=\/wp\/v2\/types\/page"}],"author":[{"embeddable":true,"href":"https:\/\/rsubach.de\/index.php?rest_route=\/wp\/v2\/users\/1"}],"replies":[{"embeddable":true,"href":"https:\/\/rsubach.de\/index.php?rest_route=%2Fwp%2Fv2%2Fcomments&post=11589"}],"version-history":[{"count":7,"href":"https:\/\/rsubach.de\/index.php?rest_route=\/wp\/v2\/pages\/11589\/revisions"}],"predecessor-version":[{"id":25123,"href":"https:\/\/rsubach.de\/index.php?rest_route=\/wp\/v2\/pages\/11589\/revisions\/25123"}],"up":[{"embeddable":true,"href":"https:\/\/rsubach.de\/index.php?rest_route=\/wp\/v2\/pages\/5383"}],"wp:attachment":[{"href":"https:\/\/rsubach.de\/index.php?rest_route=%2Fwp%2Fv2%2Fmedia&parent=11589"}],"curies":[{"name":"wp","href":"https:\/\/api.w.org\/{rel}","templated":true}]}}