{"id":11939,"date":"2017-11-15T18:09:39","date_gmt":"2017-11-15T17:09:39","guid":{"rendered":"http:\/\/rsubach.de\/?page_id=11939"},"modified":"2023-02-18T15:57:39","modified_gmt":"2023-02-18T14:57:39","slug":"kontakt-2","status":"publish","type":"page","link":"https:\/\/rsubach.de\/?page_id=11939","title":{"rendered":"Kontakt"},"content":{"rendered":"<p>In diesem Bereich finden Sie alle Informationen zur Kontaktaufnahme mit unserer Schule sowie die Seiten mit dem Kontaktformular, dem Impressum und der Datenschutzerkl\u00e4rung f\u00fcr unsere Webpr\u00e4senz.<\/p>\n<h4 style=\"margin-bottom: 5px;\">M\u00f6glichkeiten zur Kontaktaufnahme<\/h4>\n<p>Wenn Sie mit uns in Kontakt treten wollen k\u00f6nnen Sie dies per Post, \u00fcber Telefon\/Fax, per E-Mail oder direkt \u00fcber diese Webseite tun.<\/p>\n<h5 style=\"margin-bottom: 5px;\">Ansprechpartner:<\/h5>\n<table>\n<tbody>\n<tr>\n<td>Schulleiterin:<\/td>\n<td>Frau H\u00f6rschelmann<\/td>\n<td><a href=\"mailto:gabriele.hoerschelmann@schule.thueringen.de\">gabriele.hoerschelmann@schule.thueringen.de<\/a><\/td>\n<\/tr>\n<tr>\n<td>Stellvertreter:<\/td>\n<td>Herr Hildebrandt<\/td>\n<td><a href=\"mailto:peter.hildebrandt@schule.thueringen.de\">peter.hildebrandt@schule.thueringen.de<\/a><\/td>\n<\/tr>\n<\/tbody>\n<\/table>\n<h5 style=\"margin-bottom: 5px;\">Postanschrift:<\/h5>\n<p>Staatliche Regelschule am Ulsterberg<\/p>\n<p>Alt R\u00e4sa 3<\/p>\n<p>36414 Unterbreizbach<\/p>\n<h5 style=\"margin-bottom: 5px;\">Kommunikation<\/h5>\n<ul>\n<li>Telefonnummer:<strong> 036962 20002<\/strong><\/li>\n<li>Telefaxnummer:<strong> 036962 51829<\/strong><\/li>\n<li>E-Mail Adresse: <strong><a href=\"mailto:info@rsubach.de\">info@rsubach.de<\/a><\/strong> oder <strong><a href=\"mailto:rs.unterbreizbach@schulen-wak.de\">rs.unterbreizbach@schulen-wak.de<\/a><\/strong><\/li>\n<li>Verwenden Sie das <a title=\"Nachricht an uns\" href=\"https:\/\/rsubach.de\/?page_id=253\"><strong>Kontaktformular<\/strong><\/a>, um uns Ihre Mitteilungen bzw. Anfragen zu senden.(Klicken Sie auf das Wort Kontaktformular in diesem Text oder<br \/>\n&nbsp; auf den Punkt &#8222;Nachricht an uns&#8220; in der Navigationsleiste)<\/li>\n<\/ul>\n","protected":false},"excerpt":{"rendered":"<p>In diesem Bereich finden Sie alle Informationen zur Kontaktaufnahme mit unserer Schule sowie die Seiten mit dem Kontaktformular, dem Impressum und der Datenschutzerkl\u00e4rung f\u00fcr unsere Webpr\u00e4senz. M\u00f6glichkeiten zur Kontaktaufnahme Wenn Sie mit uns in Kontakt treten <a href=\"https:\/\/rsubach.de\/?page_id=11939\" class=\"read-more\">Weiterlesen &#8230;<\/a><\/p>\n","protected":false},"author":1,"featured_media":0,"parent":0,"menu_order":70,"comment_status":"closed","ping_status":"closed","template":"","meta":{"ngg_post_thumbnail":0,"footnotes":""},"class_list":["post-11939","page","type-page","status-publish","hentry"],"publishpress_future_action":{"enabled":false,"date":"2026-04-18 23:55:34","action":"change-status","newStatus":"draft","terms":[],"taxonomy":"","extraData":[]},"publishpress_future_workflow_manual_trigger":{"enabledWorkflows":[]},"rttpg_featured_image_url":null,"rttpg_author":{"display_name":"Uwe Borger","author_link":"https:\/\/rsubach.de\/?author=1"},"rttpg_comment":0,"rttpg_category":null,"rttpg_excerpt":"In diesem Bereich finden Sie alle Informationen zur Kontaktaufnahme mit unserer Schule sowie die Seiten mit dem Kontaktformular, dem Impressum und der Datenschutzerkl\u00e4rung f\u00fcr unsere Webpr\u00e4senz. M\u00f6glichkeiten zur Kontaktaufnahme Wenn Sie mit uns in Kontakt treten Weiterlesen ...","_links":{"self":[{"href":"https:\/\/rsubach.de\/index.php?rest_route=\/wp\/v2\/pages\/11939","targetHints":{"allow":["GET"]}}],"collection":[{"href":"https:\/\/rsubach.de\/index.php?rest_route=\/wp\/v2\/pages"}],"about":[{"href":"https:\/\/rsubach.de\/index.php?rest_route=\/wp\/v2\/types\/page"}],"author":[{"embeddable":true,"href":"https:\/\/rsubach.de\/index.php?rest_route=\/wp\/v2\/users\/1"}],"replies":[{"embeddable":true,"href":"https:\/\/rsubach.de\/index.php?rest_route=%2Fwp%2Fv2%2Fcomments&post=11939"}],"version-history":[{"count":5,"href":"https:\/\/rsubach.de\/index.php?rest_route=\/wp\/v2\/pages\/11939\/revisions"}],"predecessor-version":[{"id":19587,"href":"https:\/\/rsubach.de\/index.php?rest_route=\/wp\/v2\/pages\/11939\/revisions\/19587"}],"wp:attachment":[{"href":"https:\/\/rsubach.de\/index.php?rest_route=%2Fwp%2Fv2%2Fmedia&parent=11939"}],"curies":[{"name":"wp","href":"https:\/\/api.w.org\/{rel}","templated":true}]}}