{"id":1197,"date":"2012-10-25T10:24:40","date_gmt":"2012-10-25T08:24:40","guid":{"rendered":"http:\/\/rsubach.de\/?page_id=1197"},"modified":"2025-03-05T09:15:16","modified_gmt":"2025-03-05T08:15:16","slug":"hausordnung","status":"publish","type":"page","link":"https:\/\/rsubach.de\/?page_id=1197","title":{"rendered":"Hausordnung"},"content":{"rendered":"<p style=\"text-align: left;\" align=\"center\"><strong>der Staatlichen Regelschule \u201eAm Ulsterberg\u201c<\/strong><\/p>\n<p style=\"text-align: left;\" align=\"center\">\u00a0Alt R\u00e4sa 3<\/p>\n<p style=\"text-align: left;\" align=\"center\">36414 Unterbreizbach<\/p>\n<p style=\"text-align: left;\" align=\"center\">Tel.: 036962 \/ 20002<\/p>\n<p style=\"text-align: left;\" align=\"center\">Fax:\u00a0 036962 \/\u00a0 51829<\/p>\n<p style=\"text-align: left;\" align=\"center\">E-Mail: <a href=\"mailto:rs-ubach-sekretariat@t-online.de\">rs.unterbreizbach@schulen-wak.de<\/a><\/p>\n<p style=\"text-align: left;\" align=\"center\">Schulnummer:\u00a0 20767<\/p>\n<p><strong><br \/>\nUnterrichtszeiten:<\/strong><\/p>\n<p>1. Stunde:\u00a0\u00a0\u00a0\u00a0 \u00a0\u00a0\u00a0\u00a0\u00a0\u00a0\u00a0\u00a0\u00a0\u00a0\u00a0 07.30 \u2013 08.15 Uhr<\/p>\n<p>2. Stunde:\u00a0\u00a0\u00a0\u00a0\u00a0\u00a0\u00a0\u00a0\u00a0\u00a0\u00a0\u00a0\u00a0\u00a0\u00a0\u00a0 08.25 \u2013 09.10 Uhr<\/p>\n<p>3. Stunde:\u00a0\u00a0\u00a0\u00a0\u00a0\u00a0\u00a0\u00a0\u00a0\u00a0\u00a0\u00a0\u00a0\u00a0\u00a0\u00a0 09.30 \u2013 10.15 Uhr<\/p>\n<p>4. Stunde:\u00a0\u00a0\u00a0\u00a0\u00a0\u00a0\u00a0\u00a0\u00a0\u00a0\u00a0\u00a0\u00a0\u00a0\u00a0\u00a0 10.25 &#8211;\u00a0 11.10 Uhr<\/p>\n<p><strong style=\"padding-left: 130px;\">11.10 \u2013 11.30 Uhr Schulspeisung m\u00f6glich<\/strong><\/p>\n<p>5. Stunde:\u00a0\u00a0\u00a0\u00a0\u00a0\u00a0\u00a0\u00a0\u00a0\u00a0\u00a0\u00a0\u00a0\u00a0\u00a0\u00a0 11.30 \u2013 12.15 Uhr<\/p>\n<p>6. Stunde:\u00a0\u00a0\u00a0\u00a0\u00a0\u00a0\u00a0\u00a0\u00a0\u00a0\u00a0\u00a0\u00a0\u00a0\u00a0\u00a0 12.25 \u2013 13.10 Uhr<\/p>\n<p>7. Stunde:\u00a0\u00a0\u00a0\u00a0\u00a0\u00a0\u00a0\u00a0\u00a0\u00a0\u00a0\u00a0\u00a0\u00a0\u00a0\u00a0 13.10 \u2013 13.55 Uhr<\/p>\n<p>8. Stunde:\u00a0\u00a0\u00a0\u00a0\u00a0\u00a0\u00a0\u00a0\u00a0\u00a0\u00a0\u00a0\u00a0\u00a0\u00a0\u00a0 14.00 \u2013 14.45 Uhr<\/p>\n<p><strong>Sportzeiten (nachmittags)\u00a0 <\/strong><\/p>\n<p>13.30 \u2013 15.00Uhr<br \/>\n15.00 \u2013 16.30Uhr<\/p>\n<p>Das Zusammenleben von Menschen erfordert\u00a0 bestimmte Verhaltensregeln und -normen. Durch sie wird der Einzelne in die Lage\u00a0 versetzt, eigenes Handeln vor dem Hintergrund allgemein geltender Richtlinien\u00a0 zu bewerten. Die Hausordnung ist ein schulisches Instrument im Interesse von\u00a0 Sch\u00fclern und Lehrern. Sie dient der Erg\u00e4nzung der Th\u00fcringer Schulordnung.<\/p>\n<p><strong>I. Allgemeine Verhaltensregeln<\/strong><\/p>\n<ol style=\"list-style-position: outside; padding-left: 20px;\">\n<li>Jeder Lehrer und Sch\u00fcler unserer Schule soll im eigenen Interesse alles tun, was einem guten sozialen Klima und\u00a0 guten Arbeitsbedingungen f\u00fcr alle Schulangeh\u00f6rigen dienlich ist.<\/li>\n<li>Sch\u00fcler und Lehrer sind zu einem korrekten, respektvollen Umgang miteinander verpflichtet.<\/li>\n<li>Jeder, der in der Schule t\u00e4tig ist, ist verpflichtet auf Ordnung und Sauberkeit zu achten und die R\u00e4ume,\u00a0 Einrichtungsgegenst\u00e4nde\u00a0 und Arbeitsmittel der Schule pfleglich zu behandeln, funktionsgerecht zu nutzen und\u00a0 vor vorzeitigen Verschlei\u00df zu sch\u00fctzen. Fahrl\u00e4ssige oder mutwillige Besch\u00e4digung und Zerst\u00f6rung zieht die Pflicht zu Schadensersatz und Wiedergutmachung nach sich.<\/li>\n<\/ol>\n<p><strong>II. Vor Unterrichtsbeginn<\/strong><\/p>\n<ol style=\"list-style-position: outside; padding-left: 20px;\">\n<li>Die Sch\u00fcler versammeln sich morgens auf dem Schulhof.<\/li>\n<li>Einlass der Sch\u00fcler erfolgt zur 1. Stunde ab 07.20 Uhr . Bei ung\u00fcnstiger Witterung ist allen Sch\u00fclern der Aufenthalt in der Aula gestattet.<\/li>\n<li>Mit dem Klingelzeichen um 7.20Uhr begeben sich Sch\u00fcler und Lehrer zu den Klassenr\u00e4umen, die nur im Beisein eines Lehrers betreten werden.<\/li>\n<li>Der Unterricht beginnt um 07.30 Uhr. Bis sp\u00e4testens 07.25 Uhr m\u00fcssen alle Sch\u00fcler, deren Unterricht zur ersten Stunde beginnt, das Schulgeb\u00e4ude betreten haben.<\/li>\n<li>W\u00e4hrend des Unterrichts ist das Schulgeb\u00e4ude verschlossen.<\/li>\n<li>Wenn Sch\u00fcler wiederholt versp\u00e4tet zum Unterricht erscheinen, wird eine Nacharbeit angeordnet.<\/li>\n<\/ol>\n<p><strong>III. Unterrichtszeit <\/strong><\/p>\n<ol style=\"list-style-position: outside; padding-left: 20px;\">\n<li>Der Unterricht wird nach dem Ert\u00f6nen des Klingelzeichens durch den Lehrer er\u00f6ffnet und nach 45 Minuten durch diesen geschlossen. Der unterrichtende Lehrer hat daf\u00fcr Sorge zu tragen, dass bei Unterrichtsschluss (nach jeder Stunde) Ordnung im Raum herrscht. Dabei unterst\u00fctzen ihn zwei f\u00fcr jede Woche durch den Klassenlehrer zu bestimmende Ordnungssch\u00fcler.<\/li>\n<li>Das Fehlen eines Lehrers wird zehn Minuten nach Unterrichtsbeginn durch den Klassensprecher im Sekretariat angezeigt.<\/li>\n<li>Das Betreten \u00a0und der Aufenthalt in den Fachr\u00e4umen (Physik, Biologie, Chemie, Computerkabinett, Werkraum) und in der Turnhalle sind nur in Anwesenheit eines Lehrers gestattet.<br \/>\nIm Physik-, Biologie- und Chemieraum sowie im Computerkabinett d\u00fcrfen Sch\u00fcler weder essen noch trinken.<\/li>\n<li>Bei Alarm verlassen alle Klassen entsprechend der Alarmordnung das Schulgeb\u00e4ude.<\/li>\n<\/ol>\n<p><strong>IV. Pausenordnung und Freistundenregelung<\/strong><\/p>\n<ol style=\"list-style-position: outside; padding-left: 20px;\">\n<li>In den Kurzpausen bleiben die Sch\u00fcler in den R\u00e4umen.<\/li>\n<li>In den Hofpausen verlassen alle Sch\u00fcler das Schulgeb\u00e4ude und suchen den Schulhof auf.<\/li>\n<li>Bei Regenwetter kann\u00a0durch ein Klingelzeichen signalisiert werden, dass die Sch\u00fcler in die Aula gehen. Der Aufsichtsplan besteht fort.<\/li>\n<li>Sch\u00fcler, deren Unterricht sp\u00e4ter beginnt oder die eine Freistunde haben, betreten das Schulgeb\u00e4ude in den kleinen Pausen erst nach dem Klingeln zum Stundenende und in den gro\u00dfen Pausen erst nach dem Vorklingeln.<\/li>\n<li>Um Unf\u00e4lle zu vermeiden, haben sich Sch\u00fcler im Geb\u00e4ude und auf den H\u00f6fen angemessen zu bewegen. Das Rennen ist untersagt.<\/li>\n<li>W\u00e4hrend der Unterrichtszeit d\u00fcrfen Sch\u00fcler das Schulgel\u00e4nde nicht verlassen.<\/li>\n<li>W\u00e4hrend der Pausen wird die Obhutspflicht seitens der Schule durch aufsichtf\u00fchrende Lehrer gew\u00e4hrleistet. Die Aufsicht erfolgt nach dem Aufsichtsplan, der im Lehrerzimmer und im Foyer aush\u00e4ngt.<\/li>\n<li>Die aufsichtf\u00fchrenden Lehrer werden von Sch\u00fclern aller \u00a0Klassen im Haus unterst\u00fctzt. Sch\u00fcler der 9.und 10.Klasse unterst\u00fctzen die Aufsicht auf dem Hof und hinter dem Schulgeb\u00e4ude. Der Aufsichtsplan der Sch\u00fcleraufsichten ist im Schaukasten im Eingangsbereich einsehbar.<\/li>\n<\/ol>\n<p><strong>V. Fehlen im Unterricht<\/strong><\/p>\n<ol style=\"list-style-position: outside; padding-left: 20px;\">\n<li>Fehlt ein Sch\u00fcler wegen Erkrankung, ist die Schule unverz\u00fcglich in Kenntnis zu setzen. Die Erziehungsberechtigten informieren die Schule telefonisch bis 09.00 Uhr.<br \/>\nSp\u00e4testens nach Wiedererscheinen hat der Sch\u00fcler dem Klassenleiter eine Entschuldigung vorzulegen.<\/li>\n<li>Erkrankt ein Sch\u00fcler w\u00e4hrend der Unterrichtszeit, m\u00fcssen die Erziehungsberechtigten ihr Kind von der Schule abholen.<\/li>\n<li>Bei begr\u00fcndeten Freistellungen vom Unterricht (stunden- oder tageweise) muss vorher durch die Erziehungsberechtigten um Urlaub gebeten werden.<\/li>\n<\/ol>\n<p><strong>VI. Regeln des Zusammenlebens<\/strong><\/p>\n<ol style=\"list-style-position: outside; padding-left: 20px;\">\n<li>Das Befahren der Schulh\u00f6fe mit Kraftfahrzeugen ist w\u00e4hrend der Kernschulzeit nicht erlaubt.<\/li>\n<li>Fahrr\u00e4der d\u00fcrfen nur an den daf\u00fcr vorgesehenen Standpl\u00e4tzen \u00a0abgestellt werden. Ein Versicherungsschutz\u00a0 wegen Diebstahl oder Zerst\u00f6rung besteht seitens des Tr\u00e4gers nicht.<\/li>\n<li>Auf dem Schulgel\u00e4nde und auf dem Weg zwischen Schulgeb\u00e4ude und Bushaltestelle sind der Genuss von Alkohol, anderen Rauschmitteln und das Rauchen untersagt.\u00a0Weiterhin untersagt sind Besch\u00e4digungen und Vandalismus an Zaunanlagen der an den Schulweg anliegenden Wohngrundst\u00fccke. F\u00fcr Wiedergutmachungsleistungen bei Besch\u00e4digungen des Wohneigentums haftet die Versicherung des Verursachers.<\/li>\n<li>Das Mitbringen von Gegenst\u00e4nden, die nicht dem Unterricht dienen, ist untersagt. Insbesondere gilt dies f\u00fcr Drogen, Waffen und waffen\u00e4hnliche Gegenst\u00e4nde.<\/li>\n<li>Mit Betreten des Schulgeb\u00e4udes sind Handys auszuschalten und d\u00fcrfen erst nach dem Verlassen desselbigen wieder aktiviert werden.<\/li>\n<li>Fotografieren, Filmen und Anfertigen von Tonaufnahmen ohne Sondergenehmigung sind auf dem gesamten Schulgel\u00e4nde untersagt.<\/li>\n<li>Bei Verst\u00f6\u00dfen gegen die Punkte 4-6 ist die Schule nach \u00a751 der Th\u00fcSchO befugt, den Sch\u00fclern Gegenst\u00e4nde , die den Unterricht oder die Ordnung der Schule st\u00f6ren k\u00f6nnen oder st\u00f6ren, wegzunehmen und sicherzustellen. \u00dcber den Zeitpunkt der R\u00fcckgabe\u00a0 der Gegenst\u00e4nde entscheidet der Schulleiter.<\/li>\n<li>Wertgegenst\u00e4nde, gr\u00f6\u00dfere Geldbetr\u00e4ge sollten nicht mit in die Schule gebracht werden. F\u00fcr den Sportunterricht gelten weitere Belehrungen der Sportlehrer. Bei Verlust privater Gegenst\u00e4nde tritt die Versicherung des Tr\u00e4gers der Schule nicht ein.<\/li>\n<\/ol>\n<p><strong>VII. Verst\u00f6\u00dfe gegen die Hausordnung<\/strong><\/p>\n<ol style=\"list-style-position: outside; padding-left: 20px;\">\n<li>Bei Verst\u00f6\u00dfen gegen die Hausordnung gelten die rechtlichen Bestimmungen der Th\u00fcringer Schulordnung.<\/li>\n<li>Der Schulleiter als Hausherr beh\u00e4lt sich geeignete disziplinarische Ma\u00dfnahmen vor.<\/li>\n<li>Aus erzieherischen Gr\u00fcnden werden Sch\u00fcler, die gegen die Hausordnung versto\u00dfen, dazu angehalten, den Hausmeister im zumutbaren Rahmen bei Aufr\u00e4umarbeiten auf dem Schulgel\u00e4nde oder an der Bushaltestelle zu unterst\u00fctzen.<\/li>\n<\/ol>\n","protected":false},"excerpt":{"rendered":"<p>der Staatlichen Regelschule \u201eAm Ulsterberg\u201c \u00a0Alt R\u00e4sa 3 36414 Unterbreizbach Tel.: 036962 \/ 20002 Fax:\u00a0 036962 \/\u00a0 51829 E-Mail: rs.unterbreizbach@schulen-wak.de Schulnummer:\u00a0 20767 Unterrichtszeiten: 1. Stunde:\u00a0\u00a0\u00a0\u00a0 \u00a0\u00a0\u00a0\u00a0\u00a0\u00a0\u00a0\u00a0\u00a0\u00a0\u00a0 07.30 \u2013 08.15 Uhr 2. Stunde:\u00a0\u00a0\u00a0\u00a0\u00a0\u00a0\u00a0\u00a0\u00a0\u00a0\u00a0\u00a0\u00a0\u00a0\u00a0\u00a0 08.25 \u2013 09.10 Uhr <a href=\"https:\/\/rsubach.de\/?page_id=1197\" class=\"read-more\">Weiterlesen &#8230;<\/a><\/p>\n","protected":false},"author":1,"featured_media":0,"parent":2,"menu_order":51,"comment_status":"closed","ping_status":"closed","template":"","meta":{"ngg_post_thumbnail":0,"footnotes":""},"class_list":["post-1197","page","type-page","status-publish","hentry"],"publishpress_future_action":{"enabled":false,"date":"2026-04-25 00:17:35","action":"change-status","newStatus":"draft","terms":[],"taxonomy":"","extraData":[]},"publishpress_future_workflow_manual_trigger":{"enabledWorkflows":[]},"rttpg_featured_image_url":null,"rttpg_author":{"display_name":"Uwe Borger","author_link":"https:\/\/rsubach.de\/?author=1"},"rttpg_comment":0,"rttpg_category":null,"rttpg_excerpt":"der Staatlichen Regelschule \u201eAm Ulsterberg\u201c \u00a0Alt R\u00e4sa 3 36414 Unterbreizbach Tel.: 036962 \/ 20002 Fax:\u00a0 036962 \/\u00a0 51829 E-Mail: rs.unterbreizbach@schulen-wak.de Schulnummer:\u00a0 20767 Unterrichtszeiten: 1. Stunde:\u00a0\u00a0\u00a0\u00a0 \u00a0\u00a0\u00a0\u00a0\u00a0\u00a0\u00a0\u00a0\u00a0\u00a0\u00a0 07.30 \u2013 08.15 Uhr 2. Stunde:\u00a0\u00a0\u00a0\u00a0\u00a0\u00a0\u00a0\u00a0\u00a0\u00a0\u00a0\u00a0\u00a0\u00a0\u00a0\u00a0 08.25 \u2013 09.10 Uhr Weiterlesen ...","_links":{"self":[{"href":"https:\/\/rsubach.de\/index.php?rest_route=\/wp\/v2\/pages\/1197","targetHints":{"allow":["GET"]}}],"collection":[{"href":"https:\/\/rsubach.de\/index.php?rest_route=\/wp\/v2\/pages"}],"about":[{"href":"https:\/\/rsubach.de\/index.php?rest_route=\/wp\/v2\/types\/page"}],"author":[{"embeddable":true,"href":"https:\/\/rsubach.de\/index.php?rest_route=\/wp\/v2\/users\/1"}],"replies":[{"embeddable":true,"href":"https:\/\/rsubach.de\/index.php?rest_route=%2Fwp%2Fv2%2Fcomments&post=1197"}],"version-history":[{"count":19,"href":"https:\/\/rsubach.de\/index.php?rest_route=\/wp\/v2\/pages\/1197\/revisions"}],"predecessor-version":[{"id":27481,"href":"https:\/\/rsubach.de\/index.php?rest_route=\/wp\/v2\/pages\/1197\/revisions\/27481"}],"up":[{"embeddable":true,"href":"https:\/\/rsubach.de\/index.php?rest_route=\/wp\/v2\/pages\/2"}],"wp:attachment":[{"href":"https:\/\/rsubach.de\/index.php?rest_route=%2Fwp%2Fv2%2Fmedia&parent=1197"}],"curies":[{"name":"wp","href":"https:\/\/api.w.org\/{rel}","templated":true}]}}