{"id":18,"date":"2012-01-13T15:32:15","date_gmt":"2012-01-13T14:32:15","guid":{"rendered":"http:\/\/server2003:8080\/rsubach\/wordpress_02\/?page_id=18"},"modified":"2025-01-21T10:04:22","modified_gmt":"2025-01-21T09:04:22","slug":"impressum","status":"publish","type":"page","link":"https:\/\/rsubach.de\/?page_id=18","title":{"rendered":"Impressum"},"content":{"rendered":"<h4 style=\"text-align: justify;\">Technische Betreuung dieser Seiten &#8211; Webmaster<\/h4>\n<blockquote><p>EDV-Beratung Uwe Borger<br \/>\nEmail:\u00a0 <a href=\"mailto:info@borger-edv.de\">info@borger-edv.de<\/a><br \/>\nDie Inhalte sind mit der Regelschule Unterbreizbach abgestimmt und geben deren Meinung wieder.<\/p><\/blockquote>\n<h4 style=\"text-align: justify;\">Verantwortung f\u00fcr den Inhalt dieser Seiten<\/h4>\n<blockquote><p>Staatliche Regelschule Unterbreizbach<br \/>\nAlt R\u00e4sa 3<br \/>\n36414 Unterbreizbach<\/p>\n<p>Gabriele H\u00f6rschelmann<\/p>\n<p>Telefon: 036962 \/\u00a02 00 02<br \/>\nTelefax: 036962 \/ 5 18 29<br \/>\nEmail:\u00a0 <a href=\"mailto:rs.unterbreizbach@schulen-wak.de\">rs.unterbreizbach@schulen-wak.de<\/a><\/p><\/blockquote>\n<h4 style=\"text-align: justify;\">Gew\u00e4hrleistungsausschluss<\/h4>\n<p style=\"text-align: justify;\">Die Inhalte dieser Seiten werden sorgf\u00e4ltig gepr\u00fcft. Trotzdem kann keine Haftung f\u00fcr die Richtigkeit, Vollst\u00e4ndigkeit oder Aktualit\u00e4t der publizierten Informationen \u00fcbernommen werden.<\/p>\n<h4 style=\"text-align: justify;\">Bedeutung von Links und Inhalten<\/h4>\n<p style=\"text-align: justify;\">Die Autoren erkl\u00e4ren hiermit ausdr\u00fccklich, dass zum Zeitpunkt von Linksetzungen den Autoren keine illegalen Inhalte auf den zu verlinkenden Seiten erkennbar waren.<\/p>\n<p style=\"text-align: justify;\">Auf die aktuelle und zuk\u00fcnftige Gestaltung, die Inhalte oder die Urheberschaft der verlinkten \/ verkn\u00fcpften Seiten haben die Autoren keinerlei Einfluss und k\u00f6nnen diese unm\u00f6glich \u00fcberwachen.<\/p>\n<p style=\"text-align: justify;\">Deshalb distanziert er sich hiermit ausdr\u00fccklich von s\u00e4mtlichen Inhalten aller verlinkten \/ verkn\u00fcpften Seiten.<\/p>\n<p style=\"text-align: justify;\">Diese Feststellung gilt f\u00fcr alle innerhalb des eigenen Internetangebotes gesetzten Links und Verweise sowie f\u00fcr Fremdeintr\u00e4ge in vom Autor eingerichteten G\u00e4steb\u00fcchern, Diskussionsforen und Kommentaren.<\/p>\n<p style=\"text-align: justify;\">F\u00fcr illegale, fehlerhafte oder unvollst\u00e4ndige Inhalte und insbesondere f\u00fcr Sch\u00e4den, die aus der Nutzung oder Nichtnutzung solcherart dargebotener Informationen entstehen, haftet allein der Anbieter der Seite, auf welche verwiesen wurde, nicht derjenige, der \u00fcber Links auf die jeweilige Ver\u00f6ffentlichung lediglich verweist.<\/p>\n<h4 style=\"text-align: justify;\">Rechtliche Hinweise<\/h4>\n<p style=\"text-align: justify;\">Alle Inhalte dieser Internetseiten, insbesondere Videos, Fotos und Texte sind urheberrechtlich gesch\u00fctzt. Jegliche Verwertung von Inhalten dieser Seite, auch nur auszugsweise, bed\u00fcrfen der schriftlichen Zustimmung des Urhebers bzw. des Dienstanbieters.<\/p>\n<p style=\"text-align: justify;\">\n","protected":false},"excerpt":{"rendered":"<p>Technische Betreuung dieser Seiten &#8211; Webmaster EDV-Beratung Uwe Borger Email:\u00a0 info@borger-edv.de Die Inhalte sind mit der Regelschule Unterbreizbach abgestimmt und geben deren Meinung wieder. Verantwortung f\u00fcr den Inhalt dieser Seiten Staatliche Regelschule Unterbreizbach Alt R\u00e4sa 3 <a href=\"https:\/\/rsubach.de\/?page_id=18\" class=\"read-more\">Weiterlesen &#8230;<\/a><\/p>\n","protected":false},"author":1,"featured_media":0,"parent":11939,"menu_order":67,"comment_status":"closed","ping_status":"closed","template":"","meta":{"ngg_post_thumbnail":0,"footnotes":""},"class_list":["post-18","page","type-page","status-publish","hentry"],"publishpress_future_action":{"enabled":false,"date":"2026-05-17 12:32:33","action":"change-status","newStatus":"draft","terms":[],"taxonomy":"","extraData":[]},"publishpress_future_workflow_manual_trigger":{"enabledWorkflows":[]},"rttpg_featured_image_url":null,"rttpg_author":{"display_name":"Uwe Borger","author_link":"https:\/\/rsubach.de\/?author=1"},"rttpg_comment":0,"rttpg_category":null,"rttpg_excerpt":"Technische Betreuung dieser Seiten &#8211; Webmaster EDV-Beratung Uwe Borger Email:\u00a0 info@borger-edv.de Die Inhalte sind mit der Regelschule Unterbreizbach abgestimmt und geben deren Meinung wieder. Verantwortung f\u00fcr den Inhalt dieser Seiten Staatliche Regelschule Unterbreizbach Alt R\u00e4sa 3 Weiterlesen ...","_links":{"self":[{"href":"https:\/\/rsubach.de\/index.php?rest_route=\/wp\/v2\/pages\/18","targetHints":{"allow":["GET"]}}],"collection":[{"href":"https:\/\/rsubach.de\/index.php?rest_route=\/wp\/v2\/pages"}],"about":[{"href":"https:\/\/rsubach.de\/index.php?rest_route=\/wp\/v2\/types\/page"}],"author":[{"embeddable":true,"href":"https:\/\/rsubach.de\/index.php?rest_route=\/wp\/v2\/users\/1"}],"replies":[{"embeddable":true,"href":"https:\/\/rsubach.de\/index.php?rest_route=%2Fwp%2Fv2%2Fcomments&post=18"}],"version-history":[{"count":11,"href":"https:\/\/rsubach.de\/index.php?rest_route=\/wp\/v2\/pages\/18\/revisions"}],"predecessor-version":[{"id":27294,"href":"https:\/\/rsubach.de\/index.php?rest_route=\/wp\/v2\/pages\/18\/revisions\/27294"}],"up":[{"embeddable":true,"href":"https:\/\/rsubach.de\/index.php?rest_route=\/wp\/v2\/pages\/11939"}],"wp:attachment":[{"href":"https:\/\/rsubach.de\/index.php?rest_route=%2Fwp%2Fv2%2Fmedia&parent=18"}],"curies":[{"name":"wp","href":"https:\/\/api.w.org\/{rel}","templated":true}]}}