{"id":19959,"date":"2020-04-28T11:30:45","date_gmt":"2020-04-28T09:30:45","guid":{"rendered":"https:\/\/rsubach.de\/?page_id=19959"},"modified":"2023-02-18T10:35:45","modified_gmt":"2023-02-18T09:35:45","slug":"online-lernen","status":"publish","type":"page","link":"https:\/\/rsubach.de\/?page_id=19959","title":{"rendered":"Online-Lernen"},"content":{"rendered":"\n<p>Besonders mit der verordneten Schulschlie\u00dfung wegen der Corona Pandemie sind auch f\u00fcr unsere Schule neue Formen des digitalen Lernens mithilfe von Online-Medien in den Fokus ger\u00fcckt.<\/p>\n<p>Auf den Seiten in der Rubrik Online-Lernen m\u00f6chten wir die verschiedenen Angebote und M\u00f6glichkeiten b\u00fcndeln und Unterst\u00fctzung bei der Einrichtung und Nutzung bieten.&nbsp;<\/p>\n\n\n\n<h4 class=\"wp-block-heading\">Welche M\u00f6glichkeiten zum Online-Lernen k\u00f6nnen wir nutzen?<\/h4>\n\n\n\n<table style=\"border-collapse: collapse; width: 100%;\">\n<tbody>\n<tr>\n<td style=\"width: 262.1%; background-color: #1a9667;\" colspan=\"2\">\n<h4><span style=\"color: #ffffff;\">&nbsp; Die Th\u00fcringer Schulcloud<\/span><\/h4>\n<\/td>\n<\/tr>\n<tr>\n<td style=\"width: 262.1%;\" colspan=\"2\">Die <strong>Th\u00fcringer Schulcloud<\/strong> bildet die Basis f\u00fcr strukturiertes und planm\u00e4\u00dfiges&nbsp; digitales Lernen von &#8222;Zuhause&#8220;, auch f\u00fcr die Zeit nach Corona. <br>Nach einer einmaligen Registrierung bietet die Schulcloud allen Beteiligten gesch\u00fctzte M\u00f6glichkeiten zum Austausch von Aufgaben, Dokumenten und Informationen sowie zum Zugriff auf gepr\u00fcfte Lehr- und Lernmaterialien.<\/td>\n<\/tr>\n<tr>\n<td style=\"width: 29.2747%; text-align: center;\"><a href=\"https:\/\/www.schulportal-thueringen.de\/cas\/login?service=https%3A%2F%2Fschulcloud-thueringen.de%2Ftsp-login\" target=\"_blank\" rel=\"noopener noreferrer\"><img loading=\"lazy\" decoding=\"async\" class=\"alignnone wp-image-19962\" src=\"https:\/\/rsubach.de\/wp-content\/uploads\/2020\/04\/Thueringer_Schulcloud-150x150.jpg\" alt=\"\" width=\"100\" height=\"96\"><\/a><\/td>\n<td style=\"font-family: arial; font-size: 1.3em; width: 232.826%;\">&nbsp; &nbsp;<a href=\"https:\/\/www.schulportal-thueringen.de\/cas\/login?service=https%3A%2F%2Fschulcloud-thueringen.de%2Ftsp-login\" target=\"_blank\" rel=\"noopener noreferrer\"><strong>==&gt; Weiter zur Schulcloud&nbsp;<\/strong><\/a> <img loading=\"lazy\" decoding=\"async\" class=\"alignnone wp-image-19616\" src=\"https:\/\/rsubach.de\/wp-content\/uploads\/2020\/04\/Hyperlink_2.png\" alt=\"\" width=\"20\" height=\"22\"><\/td>\n<\/tr>\n<\/tbody>\n<\/table>\n","protected":false},"excerpt":{"rendered":"<p>Besonders mit der verordneten Schulschlie\u00dfung wegen der Corona Pandemie sind auch f\u00fcr unsere Schule neue Formen des digitalen Lernens mithilfe von Online-Medien in den Fokus ger\u00fcckt. Auf den Seiten in der Rubrik Online-Lernen m\u00f6chten wir die <a href=\"https:\/\/rsubach.de\/?page_id=19959\" class=\"read-more\">Weiterlesen &#8230;<\/a><\/p>\n","protected":false},"author":1,"featured_media":0,"parent":24975,"menu_order":14,"comment_status":"closed","ping_status":"closed","template":"","meta":{"ngg_post_thumbnail":0,"footnotes":""},"class_list":["post-19959","page","type-page","status-publish","hentry"],"publishpress_future_action":{"enabled":false,"date":"2026-05-17 12:39:41","action":"change-status","newStatus":"draft","terms":[],"taxonomy":"","extraData":[]},"publishpress_future_workflow_manual_trigger":{"enabledWorkflows":[]},"rttpg_featured_image_url":null,"rttpg_author":{"display_name":"Uwe Borger","author_link":"https:\/\/rsubach.de\/?author=1"},"rttpg_comment":0,"rttpg_category":null,"rttpg_excerpt":"Besonders mit der verordneten Schulschlie\u00dfung wegen der Corona Pandemie sind auch f\u00fcr unsere Schule neue Formen des digitalen Lernens mithilfe von Online-Medien in den Fokus ger\u00fcckt. Auf den Seiten in der Rubrik Online-Lernen m\u00f6chten wir die Weiterlesen ...","_links":{"self":[{"href":"https:\/\/rsubach.de\/index.php?rest_route=\/wp\/v2\/pages\/19959","targetHints":{"allow":["GET"]}}],"collection":[{"href":"https:\/\/rsubach.de\/index.php?rest_route=\/wp\/v2\/pages"}],"about":[{"href":"https:\/\/rsubach.de\/index.php?rest_route=\/wp\/v2\/types\/page"}],"author":[{"embeddable":true,"href":"https:\/\/rsubach.de\/index.php?rest_route=\/wp\/v2\/users\/1"}],"replies":[{"embeddable":true,"href":"https:\/\/rsubach.de\/index.php?rest_route=%2Fwp%2Fv2%2Fcomments&post=19959"}],"version-history":[{"count":9,"href":"https:\/\/rsubach.de\/index.php?rest_route=\/wp\/v2\/pages\/19959\/revisions"}],"predecessor-version":[{"id":21689,"href":"https:\/\/rsubach.de\/index.php?rest_route=\/wp\/v2\/pages\/19959\/revisions\/21689"}],"up":[{"embeddable":true,"href":"https:\/\/rsubach.de\/index.php?rest_route=\/wp\/v2\/pages\/24975"}],"wp:attachment":[{"href":"https:\/\/rsubach.de\/index.php?rest_route=%2Fwp%2Fv2%2Fmedia&parent=19959"}],"curies":[{"name":"wp","href":"https:\/\/api.w.org\/{rel}","templated":true}]}}