{"id":21086,"date":"2020-09-25T11:04:59","date_gmt":"2020-09-25T09:04:59","guid":{"rendered":"https:\/\/rsubach.de\/?page_id=21086"},"modified":"2024-09-03T09:54:28","modified_gmt":"2024-09-03T07:54:28","slug":"ergebnisse-der-wahl-2020","status":"publish","type":"page","link":"https:\/\/rsubach.de\/?page_id=21086","title":{"rendered":"Ergebnisse der Wahl 2024"},"content":{"rendered":"\n<p>Die Direktwahl der Sch\u00fclersprecher(innen) wurde am 02.09.2024 erfolgreich abgeschlossen. <br>Mit einer sehr hohen Wahlbeteiligung nahmen fast alle Sch\u00fclerinnen und Sch\u00fcler ihr Wahlrecht wahr und w\u00e4hlten f\u00fcr die n\u00e4chsten zwei Jahre ihre Interessenvertreter innerhalb der Schule.<\/p>\n<h4>Folgende Sch\u00fclerinnen und Sch\u00fcler&nbsp;wurden gew\u00e4hlt:<\/h4>\n<table style=\"width: 64%;\">\n<tbody>\n<tr>\n<td style=\"text-align: center;\"><em><strong>2. Stellvertreter<\/strong><\/em><\/td>\n<td style=\"text-align: center;\"><em><strong>Sch\u00fclersprecherin<\/strong><\/em><\/td>\n<td style=\"text-align: center;\"><em><strong>1. Stellvertreterin<\/strong><\/em><\/td>\n<\/tr>\n<tr>\n<td colspan=\"3\"><a href=\"https:\/\/rsubach.de\/wp-content\/uploads\/2024\/09\/SSW_2024.jpg\"><img loading=\"lazy\" decoding=\"async\" class=\"alignnone size-large wp-image-27023\" src=\"https:\/\/rsubach.de\/wp-content\/uploads\/2024\/09\/SSW_2024-1024x975.jpg\" alt=\"\" width=\"847\" height=\"806\" srcset=\"https:\/\/rsubach.de\/wp-content\/uploads\/2024\/09\/SSW_2024-1024x975.jpg 1024w, https:\/\/rsubach.de\/wp-content\/uploads\/2024\/09\/SSW_2024-300x286.jpg 300w, https:\/\/rsubach.de\/wp-content\/uploads\/2024\/09\/SSW_2024-768x731.jpg 768w, https:\/\/rsubach.de\/wp-content\/uploads\/2024\/09\/SSW_2024-284x270.jpg 284w, https:\/\/rsubach.de\/wp-content\/uploads\/2024\/09\/SSW_2024.jpg 1500w\" sizes=\"auto, (max-width: 847px) 100vw, 847px\" \/><\/a><\/td>\n<\/tr>\n<tr>\n<td style=\"text-align: center;\"><strong>Luca Theo M\u00fcller<\/strong><br>Klasse 6b<\/td>\n<td style=\"text-align: center;\">\n<p><strong>Elina Wenzel<br><\/strong>Klasse 8a<\/p>\n<\/td>\n<td style=\"text-align: center;\"><strong>Emma Marie Dusch<br><\/strong>Klasse 9b<\/td>\n<\/tr>\n<\/tbody>\n<\/table>\n<table style=\"width: 560px;\">\n<tbody>\n<tr>\n<td style=\"vertical-align: top;\" colspan=\"2\">\n<h4><span style=\"color: #993366;\"><strong>Herzlichen Gl\u00fcckwunsch allen gew\u00e4hlten Sch\u00fcler(inne)n und ein gro\u00dfes Dankesch\u00f6n an alle Kandidaten sowie ganz besonders an den Wahlvorstand f\u00fcr die geleistete Arbeit.<\/strong><\/span><\/h4>\n<\/td>\n<\/tr>\n<\/tbody>\n<\/table>\n<p>&nbsp;<\/p>\n","protected":false},"excerpt":{"rendered":"<p>Die Direktwahl der Sch\u00fclersprecher(innen) wurde am 02.09.2024 erfolgreich abgeschlossen. Mit einer sehr hohen Wahlbeteiligung nahmen fast alle Sch\u00fclerinnen und Sch\u00fcler ihr Wahlrecht wahr und w\u00e4hlten f\u00fcr die n\u00e4chsten zwei Jahre ihre Interessenvertreter innerhalb der Schule. Folgende <a href=\"https:\/\/rsubach.de\/?page_id=21086\" class=\"read-more\">Weiterlesen &#8230;<\/a><\/p>\n","protected":false},"author":1,"featured_media":0,"parent":2811,"menu_order":41,"comment_status":"closed","ping_status":"closed","template":"","meta":{"ngg_post_thumbnail":0,"footnotes":""},"class_list":["post-21086","page","type-page","status-publish","hentry"],"publishpress_future_action":{"enabled":false,"date":"2026-04-23 23:33:47","action":"change-status","newStatus":"draft","terms":[],"taxonomy":"","extraData":[]},"publishpress_future_workflow_manual_trigger":{"enabledWorkflows":[]},"rttpg_featured_image_url":null,"rttpg_author":{"display_name":"Uwe Borger","author_link":"https:\/\/rsubach.de\/?author=1"},"rttpg_comment":0,"rttpg_category":null,"rttpg_excerpt":"Die Direktwahl der Sch\u00fclersprecher(innen) wurde am 02.09.2024 erfolgreich abgeschlossen. Mit einer sehr hohen Wahlbeteiligung nahmen fast alle Sch\u00fclerinnen und Sch\u00fcler ihr Wahlrecht wahr und w\u00e4hlten f\u00fcr die n\u00e4chsten zwei Jahre ihre Interessenvertreter innerhalb der Schule. Folgende Weiterlesen ...","_links":{"self":[{"href":"https:\/\/rsubach.de\/index.php?rest_route=\/wp\/v2\/pages\/21086","targetHints":{"allow":["GET"]}}],"collection":[{"href":"https:\/\/rsubach.de\/index.php?rest_route=\/wp\/v2\/pages"}],"about":[{"href":"https:\/\/rsubach.de\/index.php?rest_route=\/wp\/v2\/types\/page"}],"author":[{"embeddable":true,"href":"https:\/\/rsubach.de\/index.php?rest_route=\/wp\/v2\/users\/1"}],"replies":[{"embeddable":true,"href":"https:\/\/rsubach.de\/index.php?rest_route=%2Fwp%2Fv2%2Fcomments&post=21086"}],"version-history":[{"count":20,"href":"https:\/\/rsubach.de\/index.php?rest_route=\/wp\/v2\/pages\/21086\/revisions"}],"predecessor-version":[{"id":27024,"href":"https:\/\/rsubach.de\/index.php?rest_route=\/wp\/v2\/pages\/21086\/revisions\/27024"}],"up":[{"embeddable":true,"href":"https:\/\/rsubach.de\/index.php?rest_route=\/wp\/v2\/pages\/2811"}],"wp:attachment":[{"href":"https:\/\/rsubach.de\/index.php?rest_route=%2Fwp%2Fv2%2Fmedia&parent=21086"}],"curies":[{"name":"wp","href":"https:\/\/api.w.org\/{rel}","templated":true}]}}