{"id":21954,"date":"2021-02-11T11:07:39","date_gmt":"2021-02-11T10:07:39","guid":{"rendered":"https:\/\/rsubach.de\/?page_id=21954"},"modified":"2023-07-06T11:30:44","modified_gmt":"2023-07-06T09:30:44","slug":"berufsorientierung","status":"publish","type":"page","link":"https:\/\/rsubach.de\/?page_id=21954","title":{"rendered":"Berufsorientierung"},"content":{"rendered":"\n<p>Fundiertes anwendungsbereites Wissen und gute praktische Fertigkeiten und F\u00e4higkeiten sind f\u00fcr uns wichtige S\u00e4ulen einer soliden Vorbereitung unserer Sch\u00fclerinnen und Sch\u00fcler auf ihr zuk\u00fcnftiges Berufsleben. Zur Berufsorientierung werden unter anderem Orientierungskurse und Praktika in den Klassenstufen 8 und 9 durchgef\u00fchrt.<\/p>\n\n\n<p><span style=\"font-size: 14pt;\"><strong>Hallo liebe Sch\u00fcler*innen,<\/strong><\/span><\/p>\n<p><span style=\"font-size: 14pt;\"><strong>auf dieser Seite findet ihr Informationen zur Berufsorientierung.<\/strong><\/span><\/p>\n<p><strong>Information der Arbeitsagentur!!!!!<\/strong><\/p>\n<p>Die Bundesagentur f\u00fcr Arbeit informiert und ber\u00e4t zu allen Fragen rund um die Themen Berufsausbildung und Studium an dieser Schule. Weitere Informationen dazu im Portal der Bundesagentur f\u00fcr Arbeit im nachfolgenden Link.&#8220;<\/p>\n<p><a title=\"Die Bundesagentur f\u00fcr Arbeit informiert und ber\u00e4t zu allen Fragen rund um die Themen Berufsausbildung und Studium an dieser Schule. Weitere Informationen dazu im Portal der Bundesagentur f\u00fcr Arbeit.\" href=\"https:\/\/www.arbeitsagentur.de\/vor-ort\/suhl\/content\/1533732322166?pk_campaign=schulwebsite\"><img loading=\"lazy\" decoding=\"async\" class=\"\" src=\"https:\/\/www.arbeitsagentur.de\/vor-ort\/suhl\/media\/l\/schul-bild-banner\" alt=\"Die Bundesagentur f\u00fcr Arbeit informiert und ber\u00e4t zu allen Fragen rund um die Themen Berufsausbildung und Studium an dieser Schule. Weitere Informationen dazu im Portal der Bundesagentur f\u00fcr Arbeit.\" width=\"509\" height=\"191\"><\/a><\/p>\n<hr>\n<h5>Hier zun\u00e4chst eine \u00dcbersicht der Schulformen und m\u00f6glichen Ausbildungsg\u00e4nge am Staatlichen Berufsbildungszentrum (SBBZ) und der Medizinischen FAchschule (MEFA) in Bad Salzungen<\/h5>\n<p><a href=\"https:\/\/rsubach.de\/wp-content\/uploads\/2021\/02\/BO_schulgliederung_ba-sa.pdf\" target=\"_blank\" rel=\"noopener\"><img loading=\"lazy\" decoding=\"async\" class=\"alignnone wp-image-21964 size-large\" src=\"https:\/\/rsubach.de\/wp-content\/uploads\/2021\/02\/BO-1024x691.png\" alt=\"\" width=\"847\" height=\"572\" srcset=\"https:\/\/rsubach.de\/wp-content\/uploads\/2021\/02\/BO-1024x691.png 1024w, https:\/\/rsubach.de\/wp-content\/uploads\/2021\/02\/BO-300x202.png 300w, https:\/\/rsubach.de\/wp-content\/uploads\/2021\/02\/BO-768x518.png 768w, https:\/\/rsubach.de\/wp-content\/uploads\/2021\/02\/BO.png 1368w\" sizes=\"auto, (max-width: 847px) 100vw, 847px\" \/><\/a><br>(Zum Vergr\u00f6\u00dfern und Download bitte das Bild anklicken):<\/p>\n<p>&nbsp;<\/p>\n<p><b>F\u00fcr alle&nbsp; Sch\u00fcler die ein Praktikum absolvieren&nbsp; gibt es hier die erforderlichen Formulare.<\/b><\/p>\n\n\n<div class=\"wp-block-columns is-layout-flex wp-container-core-columns-is-layout-1 wp-block-columns-is-layout-flex\">\n<div class=\"wp-block-column is-layout-flow wp-block-column-is-layout-flow\">\n<figure class=\"wp-block-image size-full is-resized is-style-default\"><a href=\"https:\/\/rsubach.de\/wp-content\/uploads\/2023\/07\/Praktikumsvertrag.pdf\"><img loading=\"lazy\" decoding=\"async\" src=\"https:\/\/rsubach.de\/wp-content\/uploads\/2023\/07\/Praktikumsvertrag_S1.jpg\" alt=\"\" class=\"wp-image-25900\" width=\"378\" height=\"637\"\/><\/a><figcaption class=\"wp-element-caption\"><strong>Praktikumsvertrag<\/strong><\/figcaption><\/figure>\n<\/div>\n\n\n\n<div class=\"wp-block-column is-layout-flow wp-block-column-is-layout-flow\">\n<figure class=\"wp-block-image size-full is-resized\"><a href=\"https:\/\/rsubach.de\/wp-content\/uploads\/2023\/07\/2023-06-30-WS-Formular-Betriebspraktikum_Bewertungsbogen.pdf\"><img loading=\"lazy\" decoding=\"async\" src=\"https:\/\/rsubach.de\/wp-content\/uploads\/2023\/07\/Praktikum_Fremdeinschtzg.jpg\" alt=\"\" class=\"wp-image-25892\" width=\"390\" height=\"561\" srcset=\"https:\/\/rsubach.de\/wp-content\/uploads\/2023\/07\/Praktikum_Fremdeinschtzg.jpg 636w, https:\/\/rsubach.de\/wp-content\/uploads\/2023\/07\/Praktikum_Fremdeinschtzg-208x300.jpg 208w, https:\/\/rsubach.de\/wp-content\/uploads\/2023\/07\/Praktikum_Fremdeinschtzg-187x270.jpg 187w\" sizes=\"auto, (max-width: 390px) 100vw, 390px\" \/><\/a><figcaption class=\"wp-element-caption\"><strong>Fremdeinsch\u00e4tzung<\/strong><\/figcaption><\/figure>\n<\/div>\n<\/div>\n\n\n        <div class=\"rttpg-block-postgrid rttpg-block-wrapper rttpg-block-e5e465 tpg-filter-type-dropdown section-title-style-style1 img_hover_animation_default title-default title_position_default title_hover_border_default meta_position_default tpg-is-author-icon-default author-image-visibility-icon tpg-category-position-default readmore-btn-default-style grid-hover-overlay-type-always grid-hover-overlay-height-default hover-overlay-height-default tpg-title-border-default filter-nex-prev-btn-visible tpg-cat-style1 slider-scroll-hide act-label-style-inline\">\n            <div class=\"rt-container-fluid rt-tpg-container tpg-el-main-wrapper tpg-gutenberg clearfix grid-layout1-main\"\n                 id=\"rt-tpg-container-535395352\"\n                 data-layout=\"grid-layout1\"\n                 data-grid-style=\"tpg-even\" data-sc-id=\"elementor\"\n                 data-el-settings=''\n                 data-el-query=''\n                 data-el-path=''>\n\t\t\t\t                <div class='tpg-header-wrapper '>\n\t\t\t\t\t\n        <div class=\"tpg-widget-heading-wrapper rt-clear heading-style1 \">\n            <span class=\"tpg-widget-heading-line line-left\"><\/span>\n\t\t\t<h2 class='tpg-widget-heading'>\n\t\t\t            <a href=\"#\"  >\n\t\t\t\t\n\t\t\t\t                    <span>\n\t\t\t\t\t\tVeranstaltungen zur Berufswahl\t\t\t\t\t<\/span>\n\t\t\t\t\t\n\t\t\t\t            <\/a>\n\n\t\t\t\t\t<\/h2>            <span class=\"tpg-widget-heading-line line-right\"><\/span>\n\n\t\t\t\n        <\/div>\n\n\t\t\n\t\t                <\/div>\n\n                <div class=\"rt-row rt-content-loader gutenberg-inner grid-layout1 grid-behaviour tpg-even grid_layout_wrapper\">\n\t\t\t\t\t\n<div class=\"rt-col-md-6 rt-col-sm-6 rt-col-xs-12 default rt-grid-item post-24527 post type-post status-publish format-standard has-post-thumbnail hentry category-allgemein category-berufswahl\"        data-id=\"24527\">\n    <div class=\"rt-holder tpg-post-holder \">\n        <div class=\"rt-detail rt-el-content-wrapper\">\n\t\t\t                <div class=\"rt-img-holder tpg-el-image-wrap has-thumbnail\">\n\t\t\t\t\t<a data-id=\"24527\" href=\"https:\/\/rsubach.de\/?p=24527\" class=\"tpg-post-link\" target=\"_self\">                        <img loading=\"lazy\" decoding=\"async\" src=\"https:\/\/rsubach.de\/wp-content\/uploads\/2022\/09\/Ausbildungsmesse_2022-768x579.jpg\"\n                             class=\"rt-img-responsive\"\n                             width=\"768\"\n                             height=\"579\"\n                             alt=\"Ausbildungsmesse zur Berufsorientierung &#8211; ein Erfolg\">\n\t\t\t\t\t\t\n\t\t\t\t\t\t\t\n\t\t<\/a>\n\t\t        <div class=\"overlay grid-hover-content\"><\/div>\n\t\t                <\/div>\n\t\t\t\n\t\t\t<div class=\"entry-title-wrapper\"><h3 class=\"entry-title\"><a data-id=\"24527\" href=\"https:\/\/rsubach.de\/?p=24527\" class=\"tpg-post-link\" target=\"_self\">Ausbildungsmesse zur Berufsorientierung &#8211; ein Erfolg<\/a><\/h3><\/div>\n\t\t\t\n\t\t\t                <div class=\"tpg-excerpt tpg-el-excerpt\">\n\t\t\t\t\t                        <div class=\"tpg-excerpt-inner\">\n\t\t\t\t\t\t\t&nbsp; Nach einem Jahr Pause konnten sich an unserer Schule wieder die Firmen der Region als&#8230;                        <\/div>\n\t\t\t\t\t\t\t\t\t\t                <\/div>\n\t\t\t        <div class=\"post-footer\">\n            <div class=\"post-footer\">\n                <div class=\"read-more\">\n\t\t\t\t\t<a data-id=\"24527\" href=\"https:\/\/rsubach.de\/?p=24527\" class=\"tpg-post-link\" target=\"_self\">Weiter lesen<i class='left-icon fas fa-angle-right right-icon'><\/i><\/a>                <\/div>\n            <\/div>\n        <\/div>\n\t\t        <\/div>\n    <\/div>\n<\/div>\n<div class=\"rt-col-md-6 rt-col-sm-6 rt-col-xs-12 default rt-grid-item post-21427 post type-post status-publish format-standard has-post-thumbnail hentry category-allgemein category-berufswahl\"        data-id=\"21427\">\n    <div class=\"rt-holder tpg-post-holder \">\n        <div class=\"rt-detail rt-el-content-wrapper\">\n\t\t\t                <div class=\"rt-img-holder tpg-el-image-wrap has-thumbnail\">\n\t\t\t\t\t<a data-id=\"21427\" href=\"https:\/\/rsubach.de\/?p=21427\" class=\"tpg-post-link\" target=\"_self\">                        <img loading=\"lazy\" decoding=\"async\" src=\"https:\/\/rsubach.de\/wp-content\/uploads\/2020\/10\/Plakat_Ausbildungsmesse_2020_V2-768x576.png\"\n                             class=\"rt-img-responsive\"\n                             width=\"768\"\n                             height=\"576\"\n                             alt=\"Berufsmesse 2020\/21\">\n\t\t\t\t\t\t\n\t\t\t\t\t\t\t\n\t\t<\/a>\n\t\t        <div class=\"overlay grid-hover-content\"><\/div>\n\t\t                <\/div>\n\t\t\t\n\t\t\t<div class=\"entry-title-wrapper\"><h3 class=\"entry-title\"><a data-id=\"21427\" href=\"https:\/\/rsubach.de\/?p=21427\" class=\"tpg-post-link\" target=\"_self\">Berufsmesse 2020\/21<\/a><\/h3><\/div>\n\t\t\t\n\t\t\t                <div class=\"tpg-excerpt tpg-el-excerpt\">\n\t\t\t\t\t                        <div class=\"tpg-excerpt-inner\">\n\t\t\t\t\t\t\tTrotz aktueller Coronalage und &nbsp;strenger Hygieneregeln&nbsp; fanden viele Sch\u00fcler der&#8230;                        <\/div>\n\t\t\t\t\t\t\t\t\t\t                <\/div>\n\t\t\t        <div class=\"post-footer\">\n            <div class=\"post-footer\">\n                <div class=\"read-more\">\n\t\t\t\t\t<a data-id=\"21427\" href=\"https:\/\/rsubach.de\/?p=21427\" class=\"tpg-post-link\" target=\"_self\">Weiter lesen<i class='left-icon fas fa-angle-right right-icon'><\/i><\/a>                <\/div>\n            <\/div>\n        <\/div>\n\t\t        <\/div>\n    <\/div>\n<\/div>                <\/div>\n\n\t\t\t\t\n            <\/div>\n        <\/div>\n\t\t","protected":false},"excerpt":{"rendered":"<p>Fundiertes anwendungsbereites Wissen und gute praktische Fertigkeiten und F\u00e4higkeiten sind f\u00fcr uns wichtige S\u00e4ulen einer soliden Vorbereitung unserer Sch\u00fclerinnen und Sch\u00fcler auf ihr zuk\u00fcnftiges Berufsleben. Zur Berufsorientierung werden unter anderem Orientierungskurse und Praktika in den Klassenstufen <a href=\"https:\/\/rsubach.de\/?page_id=21954\" class=\"read-more\">Weiterlesen &#8230;<\/a><\/p>\n","protected":false},"author":27,"featured_media":0,"parent":5,"menu_order":82,"comment_status":"closed","ping_status":"closed","template":"","meta":{"ngg_post_thumbnail":0,"footnotes":""},"class_list":["post-21954","page","type-page","status-publish","hentry"],"publishpress_future_action":{"enabled":false,"date":"2026-05-13 13:32:59","action":"change-status","newStatus":"draft","terms":[],"taxonomy":"","extraData":[]},"publishpress_future_workflow_manual_trigger":{"enabledWorkflows":[]},"rttpg_featured_image_url":null,"rttpg_author":{"display_name":"Andreas Rudolph","author_link":"https:\/\/rsubach.de\/?author=27"},"rttpg_comment":0,"rttpg_category":null,"rttpg_excerpt":"Fundiertes anwendungsbereites Wissen und gute praktische Fertigkeiten und F\u00e4higkeiten sind f\u00fcr uns wichtige S\u00e4ulen einer soliden Vorbereitung unserer Sch\u00fclerinnen und Sch\u00fcler auf ihr zuk\u00fcnftiges Berufsleben. Zur Berufsorientierung werden unter anderem Orientierungskurse und Praktika in den Klassenstufen Weiterlesen ...","_links":{"self":[{"href":"https:\/\/rsubach.de\/index.php?rest_route=\/wp\/v2\/pages\/21954","targetHints":{"allow":["GET"]}}],"collection":[{"href":"https:\/\/rsubach.de\/index.php?rest_route=\/wp\/v2\/pages"}],"about":[{"href":"https:\/\/rsubach.de\/index.php?rest_route=\/wp\/v2\/types\/page"}],"author":[{"embeddable":true,"href":"https:\/\/rsubach.de\/index.php?rest_route=\/wp\/v2\/users\/27"}],"replies":[{"embeddable":true,"href":"https:\/\/rsubach.de\/index.php?rest_route=%2Fwp%2Fv2%2Fcomments&post=21954"}],"version-history":[{"count":37,"href":"https:\/\/rsubach.de\/index.php?rest_route=\/wp\/v2\/pages\/21954\/revisions"}],"predecessor-version":[{"id":25911,"href":"https:\/\/rsubach.de\/index.php?rest_route=\/wp\/v2\/pages\/21954\/revisions\/25911"}],"up":[{"embeddable":true,"href":"https:\/\/rsubach.de\/index.php?rest_route=\/wp\/v2\/pages\/5"}],"wp:attachment":[{"href":"https:\/\/rsubach.de\/index.php?rest_route=%2Fwp%2Fv2%2Fmedia&parent=21954"}],"curies":[{"name":"wp","href":"https:\/\/api.w.org\/{rel}","templated":true}]}}