{"id":24971,"date":"2023-02-18T10:23:06","date_gmt":"2023-02-18T09:23:06","guid":{"rendered":"https:\/\/rsubach.de\/?page_id=24971"},"modified":"2023-02-18T15:06:54","modified_gmt":"2023-02-18T14:06:54","slug":"leitbild","status":"publish","type":"page","link":"https:\/\/rsubach.de\/?page_id=24971","title":{"rendered":"Leitbild"},"content":{"rendered":"\n<p class=\"has-normal-font-size\"><strong>&#8222;Gelungenes Lernen durch Kommunikation und Kooperation&#8220;<\/strong><\/p>\n\n\n\n<p class=\"has-drop-cap\">Unsere Regelschule legt besonderen Wert darauf, alle Sch\u00fclerinnen und Sch\u00fcler mit Kompetenzen, Kenntnissen, F\u00e4higkeiten und Fertigkeiten auszustatten, die sie bef\u00e4higen, nach Abschluss ihrer Schulzeit, in der Familie, im Berufsleben und in der Gesellschaft ihren Platz zu finden.<\/p>\n\n\n\n<p class=\"has-very-dark-gray-color has-text-color\">Ziel des Unterrichts ist die F\u00f6rderung des reflektierenden Verstehens, des kritischen Denkens , der F\u00e4higkeit zu urteilen und der Kreativit\u00e4t. Deshalb werden die Sch\u00fcler angemessen gef\u00f6rdert und so zu einem optimalen Abschluss gef\u00fchrt.<\/p>\n\n\n\n<p class=\"has-very-dark-gray-color has-text-color\">Die Sch\u00fclerinnen und Sch\u00fcler lernen gemeinsam. Ab der 7. Klasse werden sie innerhalb der Klassen in Kursen, die auf den Erwerb eines Haupt- oder Realschulabschlusses abzielen, unterrichtet. In Vorbereitung der Abschlusspr\u00fcfungen in Klassenstufe 10 wird eine Intensivwoche durchgef\u00fchrt, in der sich die Sch\u00fcler auf die Pr\u00fcfung vorbereiten.<\/p>\n\n\n\n<p class=\"has-very-dark-gray-color has-text-color\">Wir sind eine Schule, die fr\u00fchzeitig damit beginnt, auf Ausbildung und Beruf vorzubereiten. Am Projekt \u201eBerufsstart plus\u201c nehmen alle Sch\u00fcler ab der 7.Klasse teil. Regelm\u00e4\u00dfig finden Berufsmessen, Betriebsbesichtigungen, Berufsorientierungskurse, Betriebspraktika, Ausbildungskompetenztests und Elternabende zur Berufswahlorientierung statt. Unsere Kooperationspartner sind die FAA Merkers, der Firmenausbildungsverbund Wartburgregion e.V., Kali und Salz u.a.<\/p>\n\n\n\n<p class=\"has-very-dark-gray-color has-text-color\">Der gezielte Einsatz digitaler Medien zur Unterst\u00fctzung des Lehr- und Lernprozesses ist f\u00fcr eine gute Qualit\u00e4t des Unterrichts in der heutigen Zeit unabdingbar. Wir nutzen Computertechnik und das Internet regelm\u00e4\u00dfig im Unterricht. Das Lehrerkollegium wird im Umgang mit digitalen Medien schulintern weitergebildet. Die Schule betreibt eine Homepage, die durch eine Lehrer- und Sch\u00fclerredaktion gestaltet wird.<\/p>\n\n\n\n<p class=\"has-very-dark-gray-color has-text-color\">Menschen in demokratischen Gesellschaften ben\u00f6tigen grundlegende Kompetenzen, um diese Gesellschaftsform mitzugestalten, darin einen angemessenen Platz zu finden, sich diesen Platz zu erarbeiten. Die Entwicklung demokratischer Handlungskompetenz wird an unserer Schule durch sch\u00fcler- und lernzentrierten Projektunterricht realisiert. Projektorientierte Arbeit, Workshops mit den Stiftungen Buchenwald und Mittelbau-Dora, der Point-Alpha-Stiftung, dem Netzwerk f\u00fcr Demokratie und Courage , Zeitzeugenprojekte mit ehemaligen Buchenwaldh\u00e4ftlingen in Kooperation mit dem Th\u00fcringer Landtag, sowie das J\u00fcdische Museum Berlin on-tour geh\u00f6ren zu den H\u00f6hepunkten im Schuljahresplan.<\/p>\n\n\n\n<p class=\"has-very-dark-gray-color has-text-color\">Au\u00dferschulische Lernorte, \u201eLernen am anderen Ort\u201c sind fester Bestandteil schulischer Bildungs- und Erziehungsarbeit an unserer Schule. Das Unterrichtsangebot am Vormittag wird durch ein interessantes Lern \u2013 und Freizeitangebot am Nachmittag erg\u00e4nzt.<\/p>\n\n\n\n<p class=\"has-very-dark-gray-color has-text-color\">Gro\u00dfer Wert wird an unserer Schule auf respektvollen Umgang, Toleranz und Gewaltfreiheit gelegt. Regelm\u00e4\u00dfig gibt es Zusammenk\u00fcnfte zwischen Klassensprechern und Schulleitung. Konflikte l\u00f6sen die Sch\u00fcler auch in Eigenverantwortung durch Projekte, wie etwa ein Zeitungsprojekt mit der Th\u00fcringer Allgemeinen Zeitung \u201eVorfahrt f\u00fcr sicheres Fahren \u2013 Jugend \u00fcbernimmt Verantwortung\u201c. Es existiert ein Sch\u00fclerrat \u201eBlitzableiter\u201c, der als streitschlichtender Mittler zwischen den Sch\u00fclern fungiert.<\/p>\n\n\n\n<p><\/p>\n","protected":false},"excerpt":{"rendered":"<p>&#8222;Gelungenes Lernen durch Kommunikation und Kooperation&#8220; Unsere Regelschule legt besonderen Wert darauf, alle Sch\u00fclerinnen und Sch\u00fcler mit Kompetenzen, Kenntnissen, F\u00e4higkeiten und Fertigkeiten auszustatten, die sie bef\u00e4higen, nach Abschluss ihrer Schulzeit, in der Familie, im Berufsleben und <a href=\"https:\/\/rsubach.de\/?page_id=24971\" class=\"read-more\">Weiterlesen &#8230;<\/a><\/p>\n","protected":false},"author":1,"featured_media":0,"parent":2,"menu_order":21,"comment_status":"closed","ping_status":"closed","template":"","meta":{"ngg_post_thumbnail":0,"footnotes":""},"class_list":["post-24971","page","type-page","status-publish","hentry"],"publishpress_future_action":{"enabled":false,"date":"2026-04-25 08:38:45","action":"change-status","newStatus":"draft","terms":[],"taxonomy":"","extraData":[]},"publishpress_future_workflow_manual_trigger":{"enabledWorkflows":[]},"rttpg_featured_image_url":null,"rttpg_author":{"display_name":"Uwe Borger","author_link":"https:\/\/rsubach.de\/?author=1"},"rttpg_comment":0,"rttpg_category":null,"rttpg_excerpt":"&#8222;Gelungenes Lernen durch Kommunikation und Kooperation&#8220; Unsere Regelschule legt besonderen Wert darauf, alle Sch\u00fclerinnen und Sch\u00fcler mit Kompetenzen, Kenntnissen, F\u00e4higkeiten und Fertigkeiten auszustatten, die sie bef\u00e4higen, nach Abschluss ihrer Schulzeit, in der Familie, im Berufsleben und Weiterlesen ...","_links":{"self":[{"href":"https:\/\/rsubach.de\/index.php?rest_route=\/wp\/v2\/pages\/24971","targetHints":{"allow":["GET"]}}],"collection":[{"href":"https:\/\/rsubach.de\/index.php?rest_route=\/wp\/v2\/pages"}],"about":[{"href":"https:\/\/rsubach.de\/index.php?rest_route=\/wp\/v2\/types\/page"}],"author":[{"embeddable":true,"href":"https:\/\/rsubach.de\/index.php?rest_route=\/wp\/v2\/users\/1"}],"replies":[{"embeddable":true,"href":"https:\/\/rsubach.de\/index.php?rest_route=%2Fwp%2Fv2%2Fcomments&post=24971"}],"version-history":[{"count":2,"href":"https:\/\/rsubach.de\/index.php?rest_route=\/wp\/v2\/pages\/24971\/revisions"}],"predecessor-version":[{"id":25113,"href":"https:\/\/rsubach.de\/index.php?rest_route=\/wp\/v2\/pages\/24971\/revisions\/25113"}],"up":[{"embeddable":true,"href":"https:\/\/rsubach.de\/index.php?rest_route=\/wp\/v2\/pages\/2"}],"wp:attachment":[{"href":"https:\/\/rsubach.de\/index.php?rest_route=%2Fwp%2Fv2%2Fmedia&parent=24971"}],"curies":[{"name":"wp","href":"https:\/\/api.w.org\/{rel}","templated":true}]}}