{"id":24973,"date":"2023-02-18T10:23:44","date_gmt":"2023-02-18T09:23:44","guid":{"rendered":"https:\/\/rsubach.de\/?page_id=24973"},"modified":"2023-02-19T14:15:24","modified_gmt":"2023-02-19T13:15:24","slug":"lage-und-region","status":"publish","type":"page","link":"https:\/\/rsubach.de\/?page_id=24973","title":{"rendered":"Lage und Region"},"content":{"rendered":"<p>Eingerahmt von einigen imposanten Basaltkuppen im Osten und einer riesigen Abraumhalde der ortsans\u00e4ssigen Kaliindustrie im Westen liegt Unterbreizbach im Ulstertal. Das Fl\u00fc\u00dfchen Ulster schl\u00e4ngelt sich direkt durch den Ort und m\u00fcndet einige Kilometer weiter in die Werra.<\/p>\n<p>Landschaftlich geh\u00f6rt diese Region zur Vorderrh\u00f6n, die besonders durch sanfte H\u00fcgel und T\u00e4ler, dazwischen immer wieder steil aufragende Basaltberge einstiger Vulkane und W\u00e4lder mit Jahrhunderte altem Buchenbestand gepr\u00e4gt ist.<\/p>\n<p><iframe loading=\"lazy\" style=\"border: 0px currentColor;\" src=\"https:\/\/www.google.com\/maps\/embed?pb=!1m18!1m12!1m3!1d3119.682812948864!2d9.982492454699066!3d50.80489608853531!2m3!1f0!2f0!3f0!3m2!1i1024!2i768!4f13.1!3m3!1m2!1s0x47a35b887204041b%3A0x9a304894ead60800!2sStaatliche+Regelschule+Unterbreizbach!5e1!3m2!1sde!2sde!4v1441350713913\" width=\"800\" height=\"400\" frameborder=\"0\" allowfullscreen=\"allowfullscreen\"><\/iframe><\/p>\n\n\n<div class=\"wp-block-columns is-layout-flex wp-container-core-columns-is-layout-3 wp-block-columns-is-layout-flex\">\n<div class=\"wp-block-column is-layout-flow wp-block-column-is-layout-flow\" style=\"flex-basis:100%\">\n<div class=\"wp-block-columns is-layout-flex wp-container-core-columns-is-layout-1 wp-block-columns-is-layout-flex\">\n<div class=\"wp-block-column is-layout-flow wp-block-column-is-layout-flow\"><div class=\"wp-block-image\">\n<figure class=\"alignleft size-large is-resized\"><a href=\"https:\/\/rsubach.de\/wp-content\/uploads\/2012\/02\/Karte_Thueringen.gif\"><img loading=\"lazy\" decoding=\"async\" src=\"https:\/\/rsubach.de\/wp-content\/uploads\/2012\/02\/Karte_Thueringen.gif\" alt=\"\" class=\"wp-image-75\" width=\"400\" height=\"300\" srcset=\"https:\/\/rsubach.de\/wp-content\/uploads\/2012\/02\/Karte_Thueringen.gif 533w, https:\/\/rsubach.de\/wp-content\/uploads\/2012\/02\/Karte_Thueringen-300x225.gif 300w\" sizes=\"auto, (max-width: 400px) 100vw, 400px\" \/><\/a><\/figure><\/div><\/div>\n\n\n\n<div class=\"wp-block-column is-layout-flow wp-block-column-is-layout-flow\"><div class=\"wp-block-image\">\n<figure class=\"aligncenter size-large is-resized\"><a href=\"https:\/\/rsubach.de\/wp-content\/uploads\/2012\/02\/Karte_WAK_Einzug.png\"><img loading=\"lazy\" decoding=\"async\" src=\"https:\/\/rsubach.de\/wp-content\/uploads\/2012\/02\/Karte_WAK_Einzug.png\" alt=\"\" class=\"wp-image-72\" width=\"270\" height=\"300\" srcset=\"https:\/\/rsubach.de\/wp-content\/uploads\/2012\/02\/Karte_WAK_Einzug.png 360w, https:\/\/rsubach.de\/wp-content\/uploads\/2012\/02\/Karte_WAK_Einzug-270x300.png 270w\" sizes=\"auto, (max-width: 270px) 100vw, 270px\" \/><\/a><\/figure><\/div><\/div>\n\n\n\n<div class=\"wp-block-column is-vertically-aligned-center is-layout-flow wp-block-column-is-layout-flow\">\n<p>Die Regelschule Unterbreizbach geh\u00f6rt zum Staatlichen Schulamt Westth\u00fcringen mit Sitz in Gotha.<br>Die Einheitsgemeinde Unterbreizbach liegt im S\u00fcdwesten des Wartburgkreises, direkt an der Landesgrenze zu Hessen. Bis zum Jahr 1989 lag der Ort,&nbsp;wie auch die meisten anderen Orte unseres Einzugsgebiets, innerhalb der milit\u00e4rischen Sperrzone, die&nbsp; entlang der ehemaligen Grenze zwischen der DDR und der BRD verlief.<\/p>\n<\/div>\n<\/div>\n\n\n\n<div class=\"wp-block-columns is-layout-flex wp-container-core-columns-is-layout-2 wp-block-columns-is-layout-flex\">\n<div class=\"wp-block-column is-layout-flow wp-block-column-is-layout-flow\" style=\"flex-basis:100%\"><\/div>\n<\/div>\n<\/div>\n<\/div>\n\n\n\n<h3 class=\"wp-block-heading\"><strong>Zum Einzugsgebiet unserer Schule geh\u00f6ren folgende Orte und Ortsteile:<\/strong><\/h3>\n\n\n\n<div class=\"wp-block-columns is-layout-flex wp-container-core-columns-is-layout-4 wp-block-columns-is-layout-flex\">\n<div class=\"wp-block-column is-layout-flow wp-block-column-is-layout-flow\">\n<figure class=\"wp-block-image size-large is-resized\"><a href=\"https:\/\/rsubach.de\/wp-content\/uploads\/2012\/02\/Schulregion.gif\"><img loading=\"lazy\" decoding=\"async\" src=\"https:\/\/rsubach.de\/wp-content\/uploads\/2012\/02\/Schulregion.gif\" alt=\"\" class=\"wp-image-73\" width=\"366\" height=\"321\" srcset=\"https:\/\/rsubach.de\/wp-content\/uploads\/2012\/02\/Schulregion.gif 806w, https:\/\/rsubach.de\/wp-content\/uploads\/2012\/02\/Schulregion-300x263.gif 300w\" sizes=\"auto, (max-width: 366px) 100vw, 366px\" \/><\/a><\/figure>\n<\/div>\n\n\n\n<div class=\"wp-block-column is-layout-flow wp-block-column-is-layout-flow\">\n<p><\/p>\n\n\n\n<p>Die <strong>Einheitsgemeinde Unterbreizbach<\/strong> mit den Ortsteilen:<\/p>\n\n\n\n<ul class=\"wp-block-list\">\n<li><strong>R\u00e4sa<\/strong> (Schulstandort)<\/li>\n\n\n\n<li><strong>S\u00fcnna<\/strong>, mit den Ortsteilen <strong>Mosa<\/strong>, <strong>Deicheroda<\/strong>, <strong>H\u00fcttenroda <\/strong>und <strong>M\u00fchlw\u00e4rts<\/strong><\/li>\n\n\n\n<li><strong>Pferdsdorf<\/strong><\/li>\n<\/ul>\n\n\n\n<p>Die <strong>Stadt Vacha<\/strong> mit den Ortsteilen:<\/p>\n\n\n\n<ul class=\"wp-block-list\">\n<li><strong>Oberzella<\/strong>, <strong>Unterzella <\/strong>und <strong>Badelachen<\/strong><\/li>\n\n\n\n<li><strong>V\u00f6lkershausen<\/strong><\/li>\n\n\n\n<li><strong>Martinroda<\/strong><\/li>\n\n\n\n<li><strong>Willmans<\/strong><\/li>\n\n\n\n<li><strong>Rodenberg<\/strong><\/li>\n\n\n\n<li><strong>Busengraben<\/strong><\/li>\n<\/ul>\n<\/div>\n<\/div>\n\n\n\n<p>Das Panorama vom ca. 620 Meter hohen Oechsenberg verschafft einen guten \u00dcberblick:<\/p>\n\n\n\n<div class=\"photonav\" id=\"7c9bee5215f93043\">\n\t<div class=\"container\" style=\"width: auto; height: 380px;\">\n\t\t<div class=\"content\" style=\"background-image: url(\/wp-content\/uploads\/2019\/07\/Panorama_Oechsen_2_beschn_k20_mText.jpg);\">\n\t\t\t<img decoding=\"async\" id=\"photonav-image\" class=\"image colorbox-off\" src=\"\/wp-content\/uploads\/2019\/07\/Panorama_Oechsen_2_beschn_k20_mText.jpg\">\n\t\t<\/div>\n\t<\/div>\n\t<div style=\"display: none;\">\n\t\t<div class=\"photonav popup\">\n\t\t\t<div class=\"container\" style=\"display: block; overflow: hidden;\">\n\t\t\t\t<div class=\"content\" style=\"background-image: url(\/wp-content\/uploads\/2019\/07\/Panorama_Oechsen_2_beschn_k20_mText.jpg);\">\n\t\t\t\t\t<img decoding=\"async\" id=\"photonav-image\" class=\"image colorbox-off\" src=\"\/wp-content\/uploads\/2019\/07\/Panorama_Oechsen_2_beschn_k20_mText.jpg\">\n\t\t\t\t<\/div>\n\t\t\t<\/div>\n\t\t<\/div>\n\t<\/div>\n\t<script type=\"text\/javascript\">jQuery(document).ready(function(){jQuery(\"#7c9bee5215f93043\").photoNav({id:\"7c9bee5215f93043\",mode:\"drag\",popup:\"none\",animate:\"none\",position:\"center\",label:\"none\"});});<\/script>\n<\/div>\n\n\n\n<p>Der Ausschnitt des Panoramabildes kann mit der gedr\u00fcckten linken Maustaste verschoben werden.<\/p>\n","protected":false},"excerpt":{"rendered":"<p>Eingerahmt von einigen imposanten Basaltkuppen im Osten und einer riesigen Abraumhalde der ortsans\u00e4ssigen Kaliindustrie im Westen liegt Unterbreizbach im Ulstertal. Das Fl\u00fc\u00dfchen Ulster schl\u00e4ngelt sich direkt durch den Ort und m\u00fcndet einige Kilometer weiter in die <a href=\"https:\/\/rsubach.de\/?page_id=24973\" class=\"read-more\">Weiterlesen &#8230;<\/a><\/p>\n","protected":false},"author":1,"featured_media":25087,"parent":2,"menu_order":31,"comment_status":"closed","ping_status":"closed","template":"","meta":{"ngg_post_thumbnail":0,"footnotes":""},"class_list":["post-24973","page","type-page","status-publish","has-post-thumbnail","hentry"],"publishpress_future_action":{"enabled":false,"date":"2026-04-22 11:38:24","action":"change-status","newStatus":"draft","terms":[],"taxonomy":"","extraData":[]},"publishpress_future_workflow_manual_trigger":{"enabledWorkflows":[]},"rttpg_featured_image_url":{"full":["https:\/\/rsubach.de\/wp-content\/uploads\/2023\/02\/Slider3_4510x1541-scaled.jpg",2560,876,false],"landscape":["https:\/\/rsubach.de\/wp-content\/uploads\/2023\/02\/Slider3_4510x1541-scaled.jpg",2560,876,false],"portraits":["https:\/\/rsubach.de\/wp-content\/uploads\/2023\/02\/Slider3_4510x1541-scaled.jpg",2560,876,false],"thumbnail":["https:\/\/rsubach.de\/wp-content\/uploads\/2023\/02\/Slider3_4510x1541-150x150.jpg",150,150,true],"medium":["https:\/\/rsubach.de\/wp-content\/uploads\/2023\/02\/Slider3_4510x1541-300x103.jpg",300,103,true],"large":["https:\/\/rsubach.de\/wp-content\/uploads\/2023\/02\/Slider3_4510x1541-1024x351.jpg",847,290,true],"1536x1536":["https:\/\/rsubach.de\/wp-content\/uploads\/2023\/02\/Slider3_4510x1541-1536x526.jpg",1536,526,true],"2048x2048":["https:\/\/rsubach.de\/wp-content\/uploads\/2023\/02\/Slider3_4510x1541-2048x701.jpg",2048,701,true],"education-hub-thumb":["https:\/\/rsubach.de\/wp-content\/uploads\/2023\/02\/Slider3_4510x1541-360x123.jpg",360,123,true]},"rttpg_author":{"display_name":"Uwe Borger","author_link":"https:\/\/rsubach.de\/?author=1"},"rttpg_comment":0,"rttpg_category":null,"rttpg_excerpt":"Eingerahmt von einigen imposanten Basaltkuppen im Osten und einer riesigen Abraumhalde der ortsans\u00e4ssigen Kaliindustrie im Westen liegt Unterbreizbach im Ulstertal. Das Fl\u00fc\u00dfchen Ulster schl\u00e4ngelt sich direkt durch den Ort und m\u00fcndet einige Kilometer weiter in die Weiterlesen ...","_links":{"self":[{"href":"https:\/\/rsubach.de\/index.php?rest_route=\/wp\/v2\/pages\/24973","targetHints":{"allow":["GET"]}}],"collection":[{"href":"https:\/\/rsubach.de\/index.php?rest_route=\/wp\/v2\/pages"}],"about":[{"href":"https:\/\/rsubach.de\/index.php?rest_route=\/wp\/v2\/types\/page"}],"author":[{"embeddable":true,"href":"https:\/\/rsubach.de\/index.php?rest_route=\/wp\/v2\/users\/1"}],"replies":[{"embeddable":true,"href":"https:\/\/rsubach.de\/index.php?rest_route=%2Fwp%2Fv2%2Fcomments&post=24973"}],"version-history":[{"count":7,"href":"https:\/\/rsubach.de\/index.php?rest_route=\/wp\/v2\/pages\/24973\/revisions"}],"predecessor-version":[{"id":25203,"href":"https:\/\/rsubach.de\/index.php?rest_route=\/wp\/v2\/pages\/24973\/revisions\/25203"}],"up":[{"embeddable":true,"href":"https:\/\/rsubach.de\/index.php?rest_route=\/wp\/v2\/pages\/2"}],"wp:featuredmedia":[{"embeddable":true,"href":"https:\/\/rsubach.de\/index.php?rest_route=\/wp\/v2\/media\/25087"}],"wp:attachment":[{"href":"https:\/\/rsubach.de\/index.php?rest_route=%2Fwp%2Fv2%2Fmedia&parent=24973"}],"curies":[{"name":"wp","href":"https:\/\/api.w.org\/{rel}","templated":true}]}}