{"id":24977,"date":"2023-02-18T10:31:53","date_gmt":"2023-02-18T09:31:53","guid":{"rendered":"https:\/\/rsubach.de\/?page_id=24977"},"modified":"2023-02-21T11:27:37","modified_gmt":"2023-02-21T10:27:37","slug":"schule-intern","status":"publish","type":"page","link":"https:\/\/rsubach.de\/?page_id=24977","title":{"rendered":"Schule intern"},"content":{"rendered":"\n<p>Diese Seiten werden f\u00fcr schulinterne Mitteilungen und Ank\u00fcndigungen, wie den Vertretungsplan u. a., verwendet.<\/p>\n\n\n\n<p class=\"has-red-color has-text-color\"><strong>F\u00fcr die Nutzung ist die Anmeldung auf der Webseite mit g\u00fcltigen Zugangsdaten erforderlich!<\/strong><\/p>\n","protected":false},"excerpt":{"rendered":"<p>Diese Seiten werden f\u00fcr schulinterne Mitteilungen und Ank\u00fcndigungen, wie den Vertretungsplan u. a., verwendet. F\u00fcr die Nutzung ist die Anmeldung auf der Webseite mit g\u00fcltigen Zugangsdaten erforderlich!<\/p>\n","protected":false},"author":1,"featured_media":0,"parent":0,"menu_order":50,"comment_status":"closed","ping_status":"closed","template":"","meta":{"ngg_post_thumbnail":0,"footnotes":""},"class_list":["post-24977","page","type-page","status-publish","hentry"],"publishpress_future_action":{"enabled":false,"date":"2026-04-18 23:50:04","action":"change-status","newStatus":"draft","terms":[],"taxonomy":"","extraData":[]},"publishpress_future_workflow_manual_trigger":{"enabledWorkflows":[]},"rttpg_featured_image_url":null,"rttpg_author":{"display_name":"Uwe Borger","author_link":"https:\/\/rsubach.de\/?author=1"},"rttpg_comment":0,"rttpg_category":null,"rttpg_excerpt":"Diese Seiten werden f\u00fcr schulinterne Mitteilungen und Ank\u00fcndigungen, wie den Vertretungsplan u. a., verwendet. F\u00fcr die Nutzung ist die Anmeldung auf der Webseite mit g\u00fcltigen Zugangsdaten erforderlich!","_links":{"self":[{"href":"https:\/\/rsubach.de\/index.php?rest_route=\/wp\/v2\/pages\/24977","targetHints":{"allow":["GET"]}}],"collection":[{"href":"https:\/\/rsubach.de\/index.php?rest_route=\/wp\/v2\/pages"}],"about":[{"href":"https:\/\/rsubach.de\/index.php?rest_route=\/wp\/v2\/types\/page"}],"author":[{"embeddable":true,"href":"https:\/\/rsubach.de\/index.php?rest_route=\/wp\/v2\/users\/1"}],"replies":[{"embeddable":true,"href":"https:\/\/rsubach.de\/index.php?rest_route=%2Fwp%2Fv2%2Fcomments&post=24977"}],"version-history":[{"count":3,"href":"https:\/\/rsubach.de\/index.php?rest_route=\/wp\/v2\/pages\/24977\/revisions"}],"predecessor-version":[{"id":25274,"href":"https:\/\/rsubach.de\/index.php?rest_route=\/wp\/v2\/pages\/24977\/revisions\/25274"}],"wp:attachment":[{"href":"https:\/\/rsubach.de\/index.php?rest_route=%2Fwp%2Fv2%2Fmedia&parent=24977"}],"curies":[{"name":"wp","href":"https:\/\/api.w.org\/{rel}","templated":true}]}}