{"id":24980,"date":"2023-02-18T10:58:15","date_gmt":"2023-02-18T09:58:15","guid":{"rendered":"https:\/\/rsubach.de\/?page_id=24980"},"modified":"2023-02-28T10:19:47","modified_gmt":"2023-02-28T09:19:47","slug":"schulprojekte","status":"publish","type":"page","link":"https:\/\/rsubach.de\/?page_id=24980","title":{"rendered":"Schulprojekte"},"content":{"rendered":"\n<p>Bei vielf\u00e4ltigen Aktivit\u00e4ten und Projekten, praktizieren wir gemeinsam mit regionalen Partnern und Unterst\u00fctzern das erlebnisbetonte und nachhaltige Lernen miteinander, f\u00fcreinander und voneinander.<\/p>\n\n\n\t\t<div class=\"rttpg-block-postgrid rttpg-block-wrapper rttpg-block-17322f tpg-filter-type-dropdown meta-visibility-show section-title-style-style1 img_hover_animation_default title-default title_position_default title_hover_border_default meta_position_default tpg-is-author-icon-default author-image-visibility-icon tpg-category-position-default readmore-btn-default-style grid-hover-overlay-type-always grid-hover-overlay-height-default hover-overlay-height-default tpg-title-border-default filter-nex-prev-btn-visible tpg-cat-style1 slider-scroll-hide act-label-style-inline\">\n\t\t\t<div class=\"rt-container-fluid rt-tpg-container tpg-el-main-wrapper tpg-gutenberg clearfix list-layout1-main\"\n\t\t\t\t id=\"rt-tpg-container-2518568063\"\n\t\t\t\t data-layout=\"list-layout1\"\n\t\t\t\t data-grid-style=\"tpg-even\" data-sc-id=\"elementor\"\n\t\t\t\t data-el-settings=''\n\t\t\t\t data-el-query=''\n\t\t\t\t data-el-path=''>\n\t\t\t\t\t\t\t\t<div class='tpg-header-wrapper '>\n\t\t\t\t\t\n        <div class=\"tpg-widget-heading-wrapper rt-clear heading-style1 \">\n            <span class=\"tpg-widget-heading-line line-left\"><\/span>\n\t\t\t<h2 class='tpg-widget-heading'>\n\t\t\t            <a href=\"#\"  >\n\t\t\t\t\n\t\t\t\t                    <span>\n\t\t\t\t\t\t\t\t\t\t\t<\/span>\n\t\t\t\t\t\n\t\t\t\t            <\/a>\n\n\t\t\t\t\t<\/h2>            <span class=\"tpg-widget-heading-line line-right\"><\/span>\n\n\t\t\t\n        <\/div>\n\n\t\t\n\t\t\t\t\t\t<\/div>\n\t\t\t\t<div class=\"rt-row rt-content-loader gutenberg-inner list-layout1 tpg-even list-behaviour list-layout-wrapper\">\n\t\t\t\t\t\n<div class=\"rt-col-md-12 rt-col-sm-12 rt-col-xs-12 default rt-list-item rt-grid-item\" data-id=\"26653\">\n\t<div class=\"rt-holder tpg-post-holder \">\n\t\t<div class=\"rt-detail rt-el-content-wrapper\">\n\t\t\t\t\t\t\t<div class=\"rt-img-holder tpg-el-image-wrap has-thumbnail\">\n\t\t\t\t\t<a data-id=\"26653\" href=\"https:\/\/rsubach.de\/?p=26653\" class=\"tpg-post-link\" target=\"_self\">                        <img loading=\"lazy\" decoding=\"async\" src=\"https:\/\/rsubach.de\/wp-content\/uploads\/2013\/04\/Kr\u00f6teneimer.jpg\"\n                             class=\"rt-img-responsive\"\n                             width=\"768\"\n                             height=\"576\"\n                             alt=\"Amphibienzaun zwischen R\u00e4sa und Pferdsdorf &#8211; Unser Beitrag zum Naturschutz\">\n\t\t\t\t\t\t\n\t\t\t\t\t\t\t\n\t\t<\/a>\n\t\t        <div class=\"overlay grid-hover-content\"><\/div>\n\t\t\t\t\t\t<\/div>\n\t\t\t\n\t\t\t<div class=\"post-right-content\">\n\n\t\t\t\t<div class=\"entry-title-wrapper\"><h3 class=\"entry-title\"><a data-id=\"26653\" href=\"https:\/\/rsubach.de\/?p=26653\" class=\"tpg-post-link\" target=\"_self\">Amphibienzaun zwischen R\u00e4sa und Pferdsdorf &#8211; Unser Beitrag zum Naturschutz<\/a><\/h3><\/div>\n\t\t\t\t\t\t\t\t\t<div class=\"post-meta-tags rt-el-post-meta\">\n\t\t\t\t\t\t            <span class='author '>\n\n\t\t\t\t<i class='fa fa-user '><\/i><span class='author-prefix'>By<\/span><a href=\"https:\/\/rsubach.de\/?author=1\">Uwe Borger<\/a>\t\t\t<\/span>\n\t\t\t            <span class='categories-links'>\n\t\t\t\t<i class='fas fa-folder-open '><\/i><a class=\"geplantes\" href=\"https:\/\/rsubach.de\/?cat=36\">Geplantes<\/a><span class=\"rt-separator\">,<\/span><a class=\"schulprojekte\" href=\"https:\/\/rsubach.de\/?cat=40\">Schulprojekte<\/a>\t\t\t<\/span>\n\t\t\t            <span class='date'>\n\t\t\t\t<i class='far fa-calendar-alt '><\/i>\t\t\t\t                    <a href=\"https:\/\/rsubach.de\/?m=20250325\">\n\t\t\t\t\t25.03.2025\t\t\t\t<\/a>\n\t\t\t\t\t\t\t<\/span>\n\t\t\t\t\t\t\t\t<\/div>\n\t\t\t\t\n\t\t\t\t\t\t\t\t\t<div class=\"tpg-excerpt tpg-el-excerpt\">\n\t\t\t\t\t\t\t\t\t\t\t\t\t<div class=\"tpg-excerpt-inner\">\n\t\t\t\t\t\t\t\tIn den kommenden Wochen &#8211; bis ca. Ende April 2026 &#8211; werden wir als Schule wieder unser&#8230;\t\t\t\t\t\t\t<\/div>\n\t\t\t\t\t\t\t\t\t\t\t\t\t\t\t\t\t<\/div>\n\t\t\t\t\n\t\t\t\t        <div class=\"post-footer\">\n            <div class=\"post-footer\">\n                <div class=\"read-more\">\n\t\t\t\t\t<a data-id=\"26653\" href=\"https:\/\/rsubach.de\/?p=26653\" class=\"tpg-post-link\" target=\"_self\">Weiter lesen <i class='left-icon fas fa-angle-right right-icon'><\/i><\/a>                <\/div>\n            <\/div>\n        <\/div>\n\t\t\t\t\t<\/div>\n\n\t\t<\/div>\n\t<\/div>\n<\/div>\n<div class=\"rt-col-md-12 rt-col-sm-12 rt-col-xs-12 default rt-list-item rt-grid-item\" data-id=\"24394\">\n\t<div class=\"rt-holder tpg-post-holder \">\n\t\t<div class=\"rt-detail rt-el-content-wrapper\">\n\t\t\t\t\t\t\t<div class=\"rt-img-holder tpg-el-image-wrap has-thumbnail\">\n\t\t\t\t\t<a data-id=\"24394\" href=\"https:\/\/rsubach.de\/?p=24394\" class=\"tpg-post-link\" target=\"_self\">                        <img loading=\"lazy\" decoding=\"async\" src=\"https:\/\/rsubach.de\/wp-content\/uploads\/2022\/07\/P1190793-1-768x576.jpg\"\n                             class=\"rt-img-responsive\"\n                             width=\"768\"\n                             height=\"576\"\n                             alt=\"Klasse(n)-Projekt der 7b am letzten Schultag\">\n\t\t\t\t\t\t\n\t\t\t\t\t\t\t\n\t\t<\/a>\n\t\t        <div class=\"overlay grid-hover-content\"><\/div>\n\t\t\t\t\t\t<\/div>\n\t\t\t\n\t\t\t<div class=\"post-right-content\">\n\n\t\t\t\t<div class=\"entry-title-wrapper\"><h3 class=\"entry-title\"><a data-id=\"24394\" href=\"https:\/\/rsubach.de\/?p=24394\" class=\"tpg-post-link\" target=\"_self\">Klasse(n)-Projekt der 7b am letzten Schultag<\/a><\/h3><\/div>\n\t\t\t\t\t\t\t\t\t<div class=\"post-meta-tags rt-el-post-meta\">\n\t\t\t\t\t\t            <span class='author '>\n\n\t\t\t\t<i class='fa fa-user '><\/i><span class='author-prefix'>By<\/span><a href=\"https:\/\/rsubach.de\/?author=1\">Uwe Borger<\/a>\t\t\t<\/span>\n\t\t\t            <span class='categories-links'>\n\t\t\t\t<i class='fas fa-folder-open '><\/i><a class=\"allgemein\" href=\"https:\/\/rsubach.de\/?cat=3\">Allgemein<\/a><span class=\"rt-separator\">,<\/span><a class=\"schulprojekte\" href=\"https:\/\/rsubach.de\/?cat=40\">Schulprojekte<\/a>\t\t\t<\/span>\n\t\t\t            <span class='date'>\n\t\t\t\t<i class='far fa-calendar-alt '><\/i>\t\t\t\t                    <a href=\"https:\/\/rsubach.de\/?m=20220720\">\n\t\t\t\t\t20.07.2022\t\t\t\t<\/a>\n\t\t\t\t\t\t\t<\/span>\n\t\t\t\t\t\t\t\t<\/div>\n\t\t\t\t\n\t\t\t\t\t\t\t\t\t<div class=\"tpg-excerpt tpg-el-excerpt\">\n\t\t\t\t\t\t\t\t\t\t\t\t\t<div class=\"tpg-excerpt-inner\">\n\t\t\t\t\t\t\t\tF\u00fcr die Sch\u00fclerinnen und Sch\u00fcler der Klasse 7b hatte Frau Fischer f\u00fcr den letzten Schultag ein ganz&#8230;\t\t\t\t\t\t\t<\/div>\n\t\t\t\t\t\t\t\t\t\t\t\t\t\t\t\t\t<\/div>\n\t\t\t\t\n\t\t\t\t        <div class=\"post-footer\">\n            <div class=\"post-footer\">\n                <div class=\"read-more\">\n\t\t\t\t\t<a data-id=\"24394\" href=\"https:\/\/rsubach.de\/?p=24394\" class=\"tpg-post-link\" target=\"_self\">Weiter lesen <i class='left-icon fas fa-angle-right right-icon'><\/i><\/a>                <\/div>\n            <\/div>\n        <\/div>\n\t\t\t\t\t<\/div>\n\n\t\t<\/div>\n\t<\/div>\n<\/div>\n<div class=\"rt-col-md-12 rt-col-sm-12 rt-col-xs-12 default rt-list-item rt-grid-item\" data-id=\"24024\">\n\t<div class=\"rt-holder tpg-post-holder \">\n\t\t<div class=\"rt-detail rt-el-content-wrapper\">\n\t\t\t\t\t\t\t<div class=\"rt-img-holder tpg-el-image-wrap has-thumbnail\">\n\t\t\t\t\t<a data-id=\"24024\" href=\"https:\/\/rsubach.de\/?p=24024\" class=\"tpg-post-link\" target=\"_self\">                        <img loading=\"lazy\" decoding=\"async\" src=\"https:\/\/rsubach.de\/wp-content\/uploads\/2022\/06\/Klasse_9a_F1-768x512.jpg\"\n                             class=\"rt-img-responsive\"\n                             width=\"768\"\n                             height=\"512\"\n                             alt=\"R\u00fcckblick &#8211; Projekt zur Wertevermittlung im Schulalltag\">\n\t\t\t\t\t\t\n\t\t\t\t\t\t\t\n\t\t<\/a>\n\t\t        <div class=\"overlay grid-hover-content\"><\/div>\n\t\t\t\t\t\t<\/div>\n\t\t\t\n\t\t\t<div class=\"post-right-content\">\n\n\t\t\t\t<div class=\"entry-title-wrapper\"><h3 class=\"entry-title\"><a data-id=\"24024\" href=\"https:\/\/rsubach.de\/?p=24024\" class=\"tpg-post-link\" target=\"_self\">R\u00fcckblick &#8211; Projekt zur Wertevermittlung im Schulalltag<\/a><\/h3><\/div>\n\t\t\t\t\t\t\t\t\t<div class=\"post-meta-tags rt-el-post-meta\">\n\t\t\t\t\t\t            <span class='author '>\n\n\t\t\t\t<i class='fa fa-user '><\/i><span class='author-prefix'>By<\/span><a href=\"https:\/\/rsubach.de\/?author=1\">Uwe Borger<\/a>\t\t\t<\/span>\n\t\t\t            <span class='categories-links'>\n\t\t\t\t<i class='fas fa-folder-open '><\/i><a class=\"allgemein\" href=\"https:\/\/rsubach.de\/?cat=3\">Allgemein<\/a><span class=\"rt-separator\">,<\/span><a class=\"schulprojekte\" href=\"https:\/\/rsubach.de\/?cat=40\">Schulprojekte<\/a>\t\t\t<\/span>\n\t\t\t            <span class='date'>\n\t\t\t\t<i class='far fa-calendar-alt '><\/i>\t\t\t\t                    <a href=\"https:\/\/rsubach.de\/?m=20220421\">\n\t\t\t\t\t21.04.2022\t\t\t\t<\/a>\n\t\t\t\t\t\t\t<\/span>\n\t\t\t\t\t\t\t\t<\/div>\n\t\t\t\t\n\t\t\t\t\t\t\t\t\t<div class=\"tpg-excerpt tpg-el-excerpt\">\n\t\t\t\t\t\t\t\t\t\t\t\t\t<div class=\"tpg-excerpt-inner\">\n\t\t\t\t\t\t\t\tZwei lange Jahre Homeschooling und Distanzunterricht, Corona-Tests, Maskentragen im Unterricht&#8230;\t\t\t\t\t\t\t<\/div>\n\t\t\t\t\t\t\t\t\t\t\t\t\t\t\t\t\t<\/div>\n\t\t\t\t\n\t\t\t\t        <div class=\"post-footer\">\n            <div class=\"post-footer\">\n                <div class=\"read-more\">\n\t\t\t\t\t<a data-id=\"24024\" href=\"https:\/\/rsubach.de\/?p=24024\" class=\"tpg-post-link\" target=\"_self\">Weiter lesen <i class='left-icon fas fa-angle-right right-icon'><\/i><\/a>                <\/div>\n            <\/div>\n        <\/div>\n\t\t\t\t\t<\/div>\n\n\t\t<\/div>\n\t<\/div>\n<\/div>\t\t\t\t<\/div>\n\n\t\t\t\t\n\t\t\t<\/div>\n\t\t<\/div>\n\t\t","protected":false},"excerpt":{"rendered":"<p>Bei vielf\u00e4ltigen Aktivit\u00e4ten und Projekten, praktizieren wir gemeinsam mit regionalen Partnern und Unterst\u00fctzern das erlebnisbetonte und nachhaltige Lernen miteinander, f\u00fcreinander und voneinander.<\/p>\n","protected":false},"author":1,"featured_media":0,"parent":5378,"menu_order":43,"comment_status":"closed","ping_status":"closed","template":"","meta":{"ngg_post_thumbnail":0,"footnotes":""},"class_list":["post-24980","page","type-page","status-publish","hentry"],"publishpress_future_action":{"enabled":false,"date":"2026-04-22 00:37:27","action":"change-status","newStatus":"draft","terms":[],"taxonomy":"","extraData":[]},"publishpress_future_workflow_manual_trigger":{"enabledWorkflows":[]},"rttpg_featured_image_url":null,"rttpg_author":{"display_name":"Uwe Borger","author_link":"https:\/\/rsubach.de\/?author=1"},"rttpg_comment":0,"rttpg_category":null,"rttpg_excerpt":"Bei vielf\u00e4ltigen Aktivit\u00e4ten und Projekten, praktizieren wir gemeinsam mit regionalen Partnern und Unterst\u00fctzern das erlebnisbetonte und nachhaltige Lernen miteinander, f\u00fcreinander und voneinander.","_links":{"self":[{"href":"https:\/\/rsubach.de\/index.php?rest_route=\/wp\/v2\/pages\/24980","targetHints":{"allow":["GET"]}}],"collection":[{"href":"https:\/\/rsubach.de\/index.php?rest_route=\/wp\/v2\/pages"}],"about":[{"href":"https:\/\/rsubach.de\/index.php?rest_route=\/wp\/v2\/types\/page"}],"author":[{"embeddable":true,"href":"https:\/\/rsubach.de\/index.php?rest_route=\/wp\/v2\/users\/1"}],"replies":[{"embeddable":true,"href":"https:\/\/rsubach.de\/index.php?rest_route=%2Fwp%2Fv2%2Fcomments&post=24980"}],"version-history":[{"count":5,"href":"https:\/\/rsubach.de\/index.php?rest_route=\/wp\/v2\/pages\/24980\/revisions"}],"predecessor-version":[{"id":25435,"href":"https:\/\/rsubach.de\/index.php?rest_route=\/wp\/v2\/pages\/24980\/revisions\/25435"}],"up":[{"embeddable":true,"href":"https:\/\/rsubach.de\/index.php?rest_route=\/wp\/v2\/pages\/5378"}],"wp:attachment":[{"href":"https:\/\/rsubach.de\/index.php?rest_route=%2Fwp%2Fv2%2Fmedia&parent=24980"}],"curies":[{"name":"wp","href":"https:\/\/api.w.org\/{rel}","templated":true}]}}