{"id":24999,"date":"2023-02-18T11:33:48","date_gmt":"2023-02-18T10:33:48","guid":{"rendered":"https:\/\/rsubach.de\/?page_id=24999"},"modified":"2026-03-11T09:41:44","modified_gmt":"2026-03-11T08:41:44","slug":"antraege","status":"publish","type":"page","link":"https:\/\/rsubach.de\/?page_id=24999","title":{"rendered":"Antr\u00e4ge"},"content":{"rendered":"\n<p>Hier bieten wir verschiedenste Antr\u00e4ge als ausf\u00fcllbare Formulare, die f\u00fcr den Schulbetrieb notwendig sind.<\/p>\n\n\n\n<p><em>Den Antrag bitte herunter laden, ausdrucken, ausf\u00fcllen und an die Schule \u00fcbermitteln! <\/em><\/p>\n\n\n\n<div class=\"wp-block-media-text alignwide is-stacked-on-mobile\" style=\"grid-template-columns:20% auto\"><figure class=\"wp-block-media-text__media\"><a href=\"https:\/\/rsubach.de\/wp-content\/uploads\/2026\/03\/Antrag_Neuaufnahme_ab_SJ_2026-27.jpg\"><img loading=\"lazy\" decoding=\"async\" width=\"641\" height=\"939\" src=\"https:\/\/rsubach.de\/wp-content\/uploads\/2026\/03\/Antrag_Neuaufnahme_ab_SJ_2026-27.jpg\" alt=\"\" class=\"wp-image-27858 size-full\" srcset=\"https:\/\/rsubach.de\/wp-content\/uploads\/2026\/03\/Antrag_Neuaufnahme_ab_SJ_2026-27.jpg 641w, https:\/\/rsubach.de\/wp-content\/uploads\/2026\/03\/Antrag_Neuaufnahme_ab_SJ_2026-27-205x300.jpg 205w, https:\/\/rsubach.de\/wp-content\/uploads\/2026\/03\/Antrag_Neuaufnahme_ab_SJ_2026-27-184x270.jpg 184w\" sizes=\"auto, (max-width: 641px) 100vw, 641px\" \/><\/a><\/figure><div class=\"wp-block-media-text__content\">\n<p style=\"font-size:18px\"><strong>Antrag zur Neuaufnahme an eine weiterf\u00fchrende Schule<\/strong><\/p>\n\n\n\n<p>Der Antrag ist notwendig zur Anmeldung \/ Aufnahme der Sch\u00fclerinnen und Sch\u00fcler in die zuk\u00fcnftige Klasse 5 (Schuljahr 2026 \/ 2027)<\/p>\n\n\n\n<p style=\"text-align: right;\"><a href=\"https:\/\/rsubach.de\/wp-content\/uploads\/2026\/03\/Neuaufnahme_an_weiterfuehrender_Schule_SJ_2026-27.pdf\" target=\"_blank\" rel=\"noopener\">&nbsp;Download als <img loading=\"lazy\" decoding=\"async\" class=\"alignnone wp-image-19365 size-full\" src=\"https:\/\/rsubach.de\/wp-content\/uploads\/2020\/03\/Download_PDF.png\" alt=\"\" width=\"82\" height=\"43\"><\/a><\/p>\n<\/div><\/div>\n\n\n\n<div style=\"height:10px\" aria-hidden=\"true\" class=\"wp-block-spacer\"><\/div>\n\n\n\n<hr class=\"wp-block-separator has-alpha-channel-opacity is-style-wide\"\/>\n\n\n\n<div style=\"height:10px\" aria-hidden=\"true\" class=\"wp-block-spacer\"><\/div>\n\n\n\n<div class=\"wp-block-media-text alignwide is-stacked-on-mobile\" style=\"grid-template-columns:20% auto\"><figure class=\"wp-block-media-text__media\"><a href=\"https:\/\/rsubach.de\/wp-content\/uploads\/2023\/03\/Formular_Neuaufnahme_Kl_56_im_lfd_SJ.jpg\"><img loading=\"lazy\" decoding=\"async\" width=\"629\" height=\"930\" src=\"https:\/\/rsubach.de\/wp-content\/uploads\/2023\/03\/Formular_Neuaufnahme_Kl_56_im_lfd_SJ.jpg\" alt=\"\" class=\"wp-image-25589 size-full\" srcset=\"https:\/\/rsubach.de\/wp-content\/uploads\/2023\/03\/Formular_Neuaufnahme_Kl_56_im_lfd_SJ.jpg 629w, https:\/\/rsubach.de\/wp-content\/uploads\/2023\/03\/Formular_Neuaufnahme_Kl_56_im_lfd_SJ-203x300.jpg 203w, https:\/\/rsubach.de\/wp-content\/uploads\/2023\/03\/Formular_Neuaufnahme_Kl_56_im_lfd_SJ-183x270.jpg 183w\" sizes=\"auto, (max-width: 629px) 100vw, 629px\" \/><\/a><\/figure><div class=\"wp-block-media-text__content\">\n<p style=\"font-size:18px\"><strong>Antrag zur Neuaufnahme in die Klassenstufen 5 und 6 im laufenden Schuljahr<\/strong><\/p>\n\n\n\n<p style=\"text-align: right;\"><a href=\"https:\/\/rsubach.de\/wp-content\/uploads\/2023\/03\/NEUAUFNAHME_Kl_56_im_lfd_SJ.pdf\" target=\"_blank\" rel=\"noopener\">Download als<\/a> <a href=\"https:\/\/rsubach.de\/wp-content\/uploads\/2023\/03\/NEUAUFNAHME_Kl_56_im_lfd_SJ.pdf\" target=\"_blank\" rel=\"noopener\"><img loading=\"lazy\" decoding=\"async\" class=\"alignnone wp-image-19365 size-full\" src=\"https:\/\/rsubach.de\/wp-content\/uploads\/2020\/03\/Download_PDF.png\" alt=\"\" width=\"82\" height=\"43\"><\/a><\/p>\n<\/div><\/div>\n\n\n\n<div style=\"height:10px\" aria-hidden=\"true\" class=\"wp-block-spacer\"><\/div>\n\n\n\n<hr class=\"wp-block-separator has-alpha-channel-opacity is-style-wide\"\/>\n\n\n\n<div style=\"height:10px\" aria-hidden=\"true\" class=\"wp-block-spacer\"><\/div>\n\n\n\n<div class=\"wp-block-media-text alignwide is-stacked-on-mobile\" style=\"grid-template-columns:20% auto\"><figure class=\"wp-block-media-text__media\"><a href=\"https:\/\/rsubach.de\/wp-content\/uploads\/2023\/03\/Formular_Neuaufnahme_Kl_7-10.jpg\"><img loading=\"lazy\" decoding=\"async\" width=\"634\" height=\"923\" src=\"https:\/\/rsubach.de\/wp-content\/uploads\/2023\/03\/Formular_Neuaufnahme_Kl_7-10.jpg\" alt=\"\" class=\"wp-image-25590 size-full\" srcset=\"https:\/\/rsubach.de\/wp-content\/uploads\/2023\/03\/Formular_Neuaufnahme_Kl_7-10.jpg 634w, https:\/\/rsubach.de\/wp-content\/uploads\/2023\/03\/Formular_Neuaufnahme_Kl_7-10-206x300.jpg 206w, https:\/\/rsubach.de\/wp-content\/uploads\/2023\/03\/Formular_Neuaufnahme_Kl_7-10-185x270.jpg 185w\" sizes=\"auto, (max-width: 634px) 100vw, 634px\" \/><\/a><\/figure><div class=\"wp-block-media-text__content\">\n<p style=\"font-size:18px\"><strong>Antrag zur Neuaufnahme in die Klassenstufen 7 bis 10 <\/strong><\/p>\n\n\n\n<p style=\"text-align: right;\"><a href=\"https:\/\/rsubach.de\/wp-content\/uploads\/2023\/03\/NEUAUFNAHME_KL_7-10.pdf\" target=\"_blank\" rel=\"noopener\">Download als<\/a> <a href=\"https:\/\/rsubach.de\/wp-content\/uploads\/2023\/03\/NEUAUFNAHME_KL_7-10.pdf\" target=\"_blank\" rel=\"noopener\"><img loading=\"lazy\" decoding=\"async\" class=\"alignnone wp-image-19365 size-full\" src=\"https:\/\/rsubach.de\/wp-content\/uploads\/2020\/03\/Download_PDF.png\" alt=\"\" width=\"82\" height=\"43\"><\/a><\/p>\n<\/div><\/div>\n\n\n\n<div style=\"height:10px\" aria-hidden=\"true\" class=\"wp-block-spacer\"><\/div>\n\n\n\n<hr class=\"wp-block-separator has-alpha-channel-opacity is-style-wide\"\/>\n\n\n\n<div style=\"height:10px\" aria-hidden=\"true\" class=\"wp-block-spacer\"><\/div>\n\n\n\n<div class=\"wp-block-media-text alignwide is-stacked-on-mobile\" style=\"grid-template-columns:20% auto\"><figure class=\"wp-block-media-text__media\"><a href=\"https:\/\/rsubach.de\/wp-content\/uploads\/2023\/03\/Formular_Antrag_Beurlaubung_vom_Unterricht.jpg\"><img loading=\"lazy\" decoding=\"async\" width=\"670\" height=\"963\" src=\"https:\/\/rsubach.de\/wp-content\/uploads\/2023\/03\/Formular_Antrag_Beurlaubung_vom_Unterricht.jpg\" alt=\"\" class=\"wp-image-25584 size-full\" srcset=\"https:\/\/rsubach.de\/wp-content\/uploads\/2023\/03\/Formular_Antrag_Beurlaubung_vom_Unterricht.jpg 670w, https:\/\/rsubach.de\/wp-content\/uploads\/2023\/03\/Formular_Antrag_Beurlaubung_vom_Unterricht-209x300.jpg 209w, https:\/\/rsubach.de\/wp-content\/uploads\/2023\/03\/Formular_Antrag_Beurlaubung_vom_Unterricht-188x270.jpg 188w\" sizes=\"auto, (max-width: 670px) 100vw, 670px\" \/><\/a><\/figure><div class=\"wp-block-media-text__content\">\n<p style=\"font-size:18px\"><strong>Antrag zur Beurlaubung vom Unterricht<\/strong><\/p>\n\n\n\n<div class=\"wp-block-media-text alignwide has-media-on-the-right is-stacked-on-mobile\" style=\"grid-template-columns:auto 42%\"><div class=\"wp-block-media-text__content\">\n<p><strong>==&gt;<\/strong>&nbsp;<strong>Bitte beachten<\/strong>:&nbsp;<em>Das Dokument enth\u00e4lt ein ausf\u00fcllbares Formular und erzeugt beim \u00d6ffnen im Browser eine Fehlermeldung. Deshalb erst Speichern (siehe Bild), dann mit dem Adobe Reader ausf\u00fcllen und per Mail versenden.<\/em><\/p>\n<\/div><figure class=\"wp-block-media-text__media\"><a href=\"https:\/\/rsubach.de\/wp-content\/uploads\/2023\/03\/Downloadfehler_PDF.jpg\"><img loading=\"lazy\" decoding=\"async\" width=\"816\" height=\"253\" src=\"https:\/\/rsubach.de\/wp-content\/uploads\/2023\/03\/Downloadfehler_PDF.jpg\" alt=\"\" class=\"wp-image-25607 size-full\" srcset=\"https:\/\/rsubach.de\/wp-content\/uploads\/2023\/03\/Downloadfehler_PDF.jpg 816w, https:\/\/rsubach.de\/wp-content\/uploads\/2023\/03\/Downloadfehler_PDF-300x93.jpg 300w, https:\/\/rsubach.de\/wp-content\/uploads\/2023\/03\/Downloadfehler_PDF-768x238.jpg 768w, https:\/\/rsubach.de\/wp-content\/uploads\/2023\/03\/Downloadfehler_PDF-360x112.jpg 360w\" sizes=\"auto, (max-width: 816px) 100vw, 816px\" \/><\/a><\/figure><\/div>\n\n\n\n<p style=\"text-align: right;\"><a href=\"https:\/\/rsubach.de\/wp-content\/uploads\/2023\/03\/ES_Beurlaubung_Unterricht_.pdf\" target=\"_blank\" rel=\"noopener\">Download als<\/a> <a href=\"https:\/\/rsubach.de\/wp-content\/uploads\/2023\/03\/ES_Beurlaubung_Unterricht_.pdf\" target=\"_blank\" rel=\"noopener\"><img loading=\"lazy\" decoding=\"async\" class=\"alignnone wp-image-19365 size-full\" src=\"https:\/\/rsubach.de\/wp-content\/uploads\/2020\/03\/Download_PDF.png\" alt=\"\" width=\"82\" height=\"43\"><\/a><\/p>\n<\/div><\/div>\n\n\n\n<hr class=\"wp-block-separator has-alpha-channel-opacity is-style-wide\"\/>\n\n\n\n<div class=\"wp-block-media-text alignwide is-stacked-on-mobile\" style=\"grid-template-columns:20% auto\"><figure class=\"wp-block-media-text__media\"><a href=\"https:\/\/rsubach.de\/wp-content\/uploads\/2023\/08\/Formular_Antrag_Beurlaubung_\u00a77ThuerSchulO.jpg\"><img loading=\"lazy\" decoding=\"async\" width=\"689\" height=\"1020\" src=\"https:\/\/rsubach.de\/wp-content\/uploads\/2023\/08\/Formular_Antrag_Beurlaubung_\u00a77ThuerSchulO.jpg\" alt=\"\" class=\"wp-image-25956 size-full\" srcset=\"https:\/\/rsubach.de\/wp-content\/uploads\/2023\/08\/Formular_Antrag_Beurlaubung_\u00a77ThuerSchulO.jpg 689w, https:\/\/rsubach.de\/wp-content\/uploads\/2023\/08\/Formular_Antrag_Beurlaubung_\u00a77ThuerSchulO-203x300.jpg 203w, https:\/\/rsubach.de\/wp-content\/uploads\/2023\/08\/Formular_Antrag_Beurlaubung_\u00a77ThuerSchulO-182x270.jpg 182w\" sizes=\"auto, (max-width: 689px) 100vw, 689px\" \/><\/a><\/figure><div class=\"wp-block-media-text__content\">\n<p><strong>Antrag zur Beurlaubung vom Unterricht <\/strong><br>(zum Ausdrucken und Ausf\u00fcllen per Hand) <\/p>\n\n\n\n<p style=\"text-align: right;\"><a href=\"https:\/\/rsubach.de\/wp-content\/uploads\/2023\/08\/Antrag_Beurlaubung_\u00a77ThuerSchulO.pdf\" target=\"_blank\" rel=\"noopener\">Download als<\/a> <a href=\"https:\/\/rsubach.de\/wp-content\/uploads\/2023\/08\/Antrag_Beurlaubung_\u00a77ThuerSchulO.pdf\" target=\"_blank\" rel=\"noopener\"><img loading=\"lazy\" decoding=\"async\" class=\"alignnone wp-image-19365 size-full\" src=\"https:\/\/rsubach.de\/wp-content\/uploads\/2020\/03\/Download_PDF.png\" alt=\"\" width=\"82\" height=\"43\"><\/a><\/p>\n\n\n<\/div><\/div>\n\n\n\n<hr class=\"wp-block-separator has-alpha-channel-opacity is-style-wide\"\/>\n\n\n\n<div class=\"wp-block-media-text alignwide is-stacked-on-mobile\" style=\"grid-template-columns:20% auto\"><figure class=\"wp-block-media-text__media\"><a href=\"https:\/\/rsubach.de\/wp-content\/uploads\/2023\/03\/Formular_Gastschulantrag.jpg\"><img loading=\"lazy\" decoding=\"async\" width=\"639\" height=\"911\" src=\"https:\/\/rsubach.de\/wp-content\/uploads\/2023\/03\/Formular_Gastschulantrag.jpg\" alt=\"\" class=\"wp-image-25588 size-full\" srcset=\"https:\/\/rsubach.de\/wp-content\/uploads\/2023\/03\/Formular_Gastschulantrag.jpg 639w, https:\/\/rsubach.de\/wp-content\/uploads\/2023\/03\/Formular_Gastschulantrag-210x300.jpg 210w, https:\/\/rsubach.de\/wp-content\/uploads\/2023\/03\/Formular_Gastschulantrag-189x270.jpg 189w\" sizes=\"auto, (max-width: 639px) 100vw, 639px\" \/><\/a><\/figure><div class=\"wp-block-media-text__content\">\n<p style=\"font-size:18px\"><strong>Gastschulantrag<\/strong><\/p>\n\n\n\n<div class=\"wp-block-media-text alignwide has-media-on-the-right is-stacked-on-mobile\" style=\"grid-template-columns:auto 42%\"><div class=\"wp-block-media-text__content\">\n<p><strong>==&gt;<\/strong>&nbsp;<strong>Bitte beachten<\/strong>:&nbsp;<em>Das Dokument enth\u00e4lt ein ausf\u00fcllbares Formular und erzeugt beim \u00d6ffnen im Browser eine Fehlermeldung. Deshalb erst Speichern (siehe Bild), dann mit dem Adobe Reader ausf\u00fcllen und per Mail versenden.<\/em><\/p>\n<\/div><figure class=\"wp-block-media-text__media\"><a href=\"https:\/\/rsubach.de\/wp-content\/uploads\/2023\/03\/Downloadfehler_PDF.jpg\"><img loading=\"lazy\" decoding=\"async\" width=\"816\" height=\"253\" src=\"https:\/\/rsubach.de\/wp-content\/uploads\/2023\/03\/Downloadfehler_PDF.jpg\" alt=\"\" class=\"wp-image-25607 size-full\" srcset=\"https:\/\/rsubach.de\/wp-content\/uploads\/2023\/03\/Downloadfehler_PDF.jpg 816w, https:\/\/rsubach.de\/wp-content\/uploads\/2023\/03\/Downloadfehler_PDF-300x93.jpg 300w, https:\/\/rsubach.de\/wp-content\/uploads\/2023\/03\/Downloadfehler_PDF-768x238.jpg 768w, https:\/\/rsubach.de\/wp-content\/uploads\/2023\/03\/Downloadfehler_PDF-360x112.jpg 360w\" sizes=\"auto, (max-width: 816px) 100vw, 816px\" \/><\/a><\/figure><\/div>\n\n\n\n<p style=\"text-align: right;\"><a href=\"https:\/\/rsubach.de\/wp-content\/uploads\/2023\/03\/ES_Gastschulantrag_allg_Schulen.pdf\" target=\"_blank\" rel=\"noopener\">Download als<\/a> <a href=\"https:\/\/rsubach.de\/wp-content\/uploads\/2023\/03\/ES_Gastschulantrag_allg_Schulen.pdf\" target=\"_blank\" rel=\"noopener\"><img loading=\"lazy\" decoding=\"async\" class=\"alignnone wp-image-19365 size-full\" src=\"https:\/\/rsubach.de\/wp-content\/uploads\/2020\/03\/Download_PDF.png\" alt=\"\" width=\"82\" height=\"43\"><\/a><\/p>\n<\/div><\/div>\n\n\n\n<div style=\"height:10px\" aria-hidden=\"true\" class=\"wp-block-spacer\"><\/div>\n\n\n\n<hr class=\"wp-block-separator has-alpha-channel-opacity is-style-wide\"\/>\n\n\n\n<div style=\"height:10px\" aria-hidden=\"true\" class=\"wp-block-spacer\"><\/div>\n\n\n\n<div class=\"wp-block-media-text alignwide is-stacked-on-mobile\" style=\"grid-template-columns:20% auto\"><figure class=\"wp-block-media-text__media\"><a href=\"https:\/\/rsubach.de\/wp-content\/uploads\/2026\/03\/Antrag_Schuelerfahrausweis_ab_SJ_2026-27.jpg\"><img loading=\"lazy\" decoding=\"async\" width=\"624\" height=\"983\" src=\"https:\/\/rsubach.de\/wp-content\/uploads\/2026\/03\/Antrag_Schuelerfahrausweis_ab_SJ_2026-27.jpg\" alt=\"\" class=\"wp-image-27859 size-full\" srcset=\"https:\/\/rsubach.de\/wp-content\/uploads\/2026\/03\/Antrag_Schuelerfahrausweis_ab_SJ_2026-27.jpg 624w, https:\/\/rsubach.de\/wp-content\/uploads\/2026\/03\/Antrag_Schuelerfahrausweis_ab_SJ_2026-27-190x300.jpg 190w, https:\/\/rsubach.de\/wp-content\/uploads\/2026\/03\/Antrag_Schuelerfahrausweis_ab_SJ_2026-27-171x270.jpg 171w\" sizes=\"auto, (max-width: 624px) 100vw, 624px\" \/><\/a><\/figure><div class=\"wp-block-media-text__content\">\n<p><strong>Antrag auf Ausstellung eines Sch\u00fclerfahrausweises ab dem Schuljahr 2026\/27<\/strong><\/p>\n\n\n\n<p style=\"text-align: right;\"><a href=\"https:\/\/rsubach.de\/wp-content\/uploads\/2026\/03\/Antrag_Schuelerfahrausweis_ab_SJ_2026-27.pdf\" target=\"_blank\" rel=\"noopener\">Download als<\/a> <a href=\"https:\/\/rsubach.de\/wp-content\/uploads\/2026\/03\/Antrag_Schuelerfahrausweis_ab_SJ_2026-27.pdf\" target=\"_blank\" rel=\"noopener\"><img loading=\"lazy\" decoding=\"async\" class=\"alignnone wp-image-19365 size-full\" src=\"https:\/\/rsubach.de\/wp-content\/uploads\/2020\/03\/Download_PDF.png\" alt=\"\" width=\"82\" height=\"43\"><\/a><\/p>\n<\/div><\/div>\n\n\n\n<div style=\"height:10px\" aria-hidden=\"true\" class=\"wp-block-spacer\"><\/div>\n\n\n\n<hr class=\"wp-block-separator has-alpha-channel-opacity is-style-wide\"\/>\n\n\n\n<div style=\"height:12px\" aria-hidden=\"true\" class=\"wp-block-spacer\"><\/div>\n\n\n\n<div class=\"wp-block-media-text alignwide is-stacked-on-mobile\" style=\"grid-template-columns:20% auto\"><figure class=\"wp-block-media-text__media\"><a href=\"https:\/\/rsubach.de\/wp-content\/uploads\/2026\/03\/Antrag_Individualbefoerderung_ab_SJ_2026-27.jpg\"><img loading=\"lazy\" decoding=\"async\" width=\"633\" height=\"973\" src=\"https:\/\/rsubach.de\/wp-content\/uploads\/2026\/03\/Antrag_Individualbefoerderung_ab_SJ_2026-27.jpg\" alt=\"\" class=\"wp-image-27857 size-full\" srcset=\"https:\/\/rsubach.de\/wp-content\/uploads\/2026\/03\/Antrag_Individualbefoerderung_ab_SJ_2026-27.jpg 633w, https:\/\/rsubach.de\/wp-content\/uploads\/2026\/03\/Antrag_Individualbefoerderung_ab_SJ_2026-27-195x300.jpg 195w, https:\/\/rsubach.de\/wp-content\/uploads\/2026\/03\/Antrag_Individualbefoerderung_ab_SJ_2026-27-176x270.jpg 176w\" sizes=\"auto, (max-width: 633px) 100vw, 633px\" \/><\/a><\/figure><div class=\"wp-block-media-text__content\">\n<p style=\"font-size:18px\"><strong>Antrag auf Individualbef\u00f6rderung ab Schuljahr 2026\/27<\/strong><\/p>\n\n\n\n<p style=\"text-align: right;\"><a href=\"https:\/\/rsubach.de\/wp-content\/uploads\/2026\/03\/Antrag_Individualbefoerderung_ab_SJ_2026-27.pdf\" target=\"_blank\" rel=\"noopener\">Download als<\/a> <a href=\"https:\/\/rsubach.de\/wp-content\/uploads\/2026\/03\/Antrag_Individualbefoerderung_ab_SJ_2026-27.pdf\" target=\"_blank\" rel=\"noopener\"><img loading=\"lazy\" decoding=\"async\" class=\"alignnone wp-image-19365 size-full\" src=\"https:\/\/rsubach.de\/wp-content\/uploads\/2020\/03\/Download_PDF.png\" alt=\"\" width=\"82\" height=\"43\"><\/a><\/p>\n<\/div><\/div>\n\n\n\n<div style=\"height:10px\" aria-hidden=\"true\" class=\"wp-block-spacer\"><\/div>\n\n\n\n<hr class=\"wp-block-separator has-alpha-channel-opacity is-style-wide\"\/>\n\n\n\n<div style=\"height:10px\" aria-hidden=\"true\" class=\"wp-block-spacer\"><\/div>\n\n\n\n<div style=\"height:10px\" aria-hidden=\"true\" class=\"wp-block-spacer\"><\/div>\n\n\n\n<div class=\"wp-block-media-text alignwide is-stacked-on-mobile\" style=\"grid-template-columns:20% auto\"><figure class=\"wp-block-media-text__media\"><a href=\"https:\/\/rsubach.de\/wp-content\/uploads\/2023\/03\/Formular_Zweitantrag_SFA_2023-24.jpg\"><img loading=\"lazy\" decoding=\"async\" width=\"646\" height=\"942\" src=\"https:\/\/rsubach.de\/wp-content\/uploads\/2023\/03\/Formular_Zweitantrag_SFA_2023-24.jpg\" alt=\"\" class=\"wp-image-25593 size-full\" srcset=\"https:\/\/rsubach.de\/wp-content\/uploads\/2023\/03\/Formular_Zweitantrag_SFA_2023-24.jpg 646w, https:\/\/rsubach.de\/wp-content\/uploads\/2023\/03\/Formular_Zweitantrag_SFA_2023-24-206x300.jpg 206w, https:\/\/rsubach.de\/wp-content\/uploads\/2023\/03\/Formular_Zweitantrag_SFA_2023-24-185x270.jpg 185w\" sizes=\"auto, (max-width: 646px) 100vw, 646px\" \/><\/a><\/figure><div class=\"wp-block-media-text__content\">\n<p style=\"font-size:18px\"><strong>Antrag auf Ausstellung eines Zweitausweises zur Sch\u00fclerbef\u00f6rderung ab dem Schuljahr 2023\/24<\/strong><\/p>\n\n\n\n<p style=\"text-align: right;\"><a href=\"https:\/\/rsubach.de\/wp-content\/uploads\/2023\/03\/ZWEITANTRAG_SFA_2023-24.pdf\" target=\"_blank\" rel=\"noopener\">Download als<\/a> <a href=\"https:\/\/rsubach.de\/wp-content\/uploads\/2023\/03\/ZWEITANTRAG_SFA_2023-24.pdf\" target=\"_blank\" rel=\"noopener\"><img loading=\"lazy\" decoding=\"async\" class=\"alignnone wp-image-19365 size-full\" src=\"https:\/\/rsubach.de\/wp-content\/uploads\/2020\/03\/Download_PDF.png\" alt=\"\" width=\"82\" height=\"43\"><\/a><\/p>\n<\/div><\/div>\n\n\n","protected":false},"excerpt":{"rendered":"<p>Hier bieten wir verschiedenste Antr\u00e4ge als ausf\u00fcllbare Formulare, die f\u00fcr den Schulbetrieb notwendig sind. Den Antrag bitte herunter laden, ausdrucken, ausf\u00fcllen und an die Schule \u00fcbermitteln! Antrag zur Neuaufnahme in die Klassenstufen 5 und 6 im <a href=\"https:\/\/rsubach.de\/?page_id=24999\" class=\"read-more\">Weiterlesen &#8230;<\/a><\/p>\n","protected":false},"author":1,"featured_media":0,"parent":11939,"menu_order":47,"comment_status":"closed","ping_status":"closed","template":"","meta":{"ngg_post_thumbnail":0,"footnotes":""},"class_list":["post-24999","page","type-page","status-publish","hentry"],"publishpress_future_action":{"enabled":false,"date":"2026-04-22 01:25:42","action":"change-status","newStatus":"draft","terms":[],"taxonomy":"","extraData":[]},"publishpress_future_workflow_manual_trigger":{"enabledWorkflows":[]},"rttpg_featured_image_url":null,"rttpg_author":{"display_name":"Uwe Borger","author_link":"https:\/\/rsubach.de\/?author=1"},"rttpg_comment":0,"rttpg_category":null,"rttpg_excerpt":"Hier bieten wir verschiedenste Antr\u00e4ge als ausf\u00fcllbare Formulare, die f\u00fcr den Schulbetrieb notwendig sind. Den Antrag bitte herunter laden, ausdrucken, ausf\u00fcllen und an die Schule \u00fcbermitteln! Antrag zur Neuaufnahme in die Klassenstufen 5 und 6 im Weiterlesen ...","_links":{"self":[{"href":"https:\/\/rsubach.de\/index.php?rest_route=\/wp\/v2\/pages\/24999","targetHints":{"allow":["GET"]}}],"collection":[{"href":"https:\/\/rsubach.de\/index.php?rest_route=\/wp\/v2\/pages"}],"about":[{"href":"https:\/\/rsubach.de\/index.php?rest_route=\/wp\/v2\/types\/page"}],"author":[{"embeddable":true,"href":"https:\/\/rsubach.de\/index.php?rest_route=\/wp\/v2\/users\/1"}],"replies":[{"embeddable":true,"href":"https:\/\/rsubach.de\/index.php?rest_route=%2Fwp%2Fv2%2Fcomments&post=24999"}],"version-history":[{"count":29,"href":"https:\/\/rsubach.de\/index.php?rest_route=\/wp\/v2\/pages\/24999\/revisions"}],"predecessor-version":[{"id":27873,"href":"https:\/\/rsubach.de\/index.php?rest_route=\/wp\/v2\/pages\/24999\/revisions\/27873"}],"up":[{"embeddable":true,"href":"https:\/\/rsubach.de\/index.php?rest_route=\/wp\/v2\/pages\/11939"}],"wp:attachment":[{"href":"https:\/\/rsubach.de\/index.php?rest_route=%2Fwp%2Fv2%2Fmedia&parent=24999"}],"curies":[{"name":"wp","href":"https:\/\/api.w.org\/{rel}","templated":true}]}}