{"id":3548,"date":"2014-05-14T08:46:40","date_gmt":"2014-05-14T06:46:40","guid":{"rendered":"http:\/\/rsubach.de\/?page_id=3548"},"modified":"2023-02-18T11:28:27","modified_gmt":"2023-02-18T10:28:27","slug":"dank-helfern","status":"publish","type":"page","link":"https:\/\/rsubach.de\/?page_id=3548","title":{"rendered":"Danksagung"},"content":{"rendered":"<h4 style=\"color: #44a32e; font-size: 14pt; margin: 0.4em 0 0.4em 0;\">10 Jahre Schulf\u00f6rderverein \u2013 Dank allen Helfern und Unterst\u00fctzern<\/h4>\n<p>Am 23. und 24.05.2014 feierten wir gemeinsam mit vielen G\u00e4sten den 10. Jahrestag der Gr\u00fcndung unseres Schulf\u00f6rdervereins. Ob bei der \u201eEntstehung des Gr\u00fcnen Klassenzimmers\u201c, der Organisation und Durchf\u00fchrung unseres Schulfestes oder dem Treffen der Erziehungs- und Bildungseinrichtungen und deren F\u00f6rdervereinen unserer Region \u2013 \u00fcberall waren viele flei\u00dfige Helfer am Werk und sorgten daf\u00fcr, dass dieses Jubil\u00e4um ein voller Erfolg wurde und uns noch lange in guter Erinnerung bleiben wird.<\/p>\n<p><span style=\"text-decoration: underline;\">Wir m\u00f6chten hiermit Danke sagen<\/span>:<\/p>\n<ul>\n<li>Der <strong>Gemeinde Unterbreizbach mit dem B\u00fcrgermeister Roland Ernst<\/strong> und ganz besonders <strong>den Mitarbeitern des Bauhofs<\/strong> f\u00fcr ihre Unterst\u00fctzung bei der \u201eEinrichtung unseres Gr\u00fcnen Klassenzimmers\u201c.<\/li>\n<li>Der <strong>Firma Garten- und Landschaftsgestaltung Kerstin Schmidt aus Bairoda<\/strong> f\u00fcr ihre gute und schnelle Arbeit zur Vorbereitung des \u201eGr\u00fcnen Klassenzimmers\u201c.<\/li>\n<li>Der <strong>Familie Hessler aus Vacha<\/strong> f\u00fcr die finanzielle und organisatorische Unterst\u00fctzung beim \u201eGr\u00fcnen Klassenzimmer\u201c\u00a0und dem Schulfest sowie f\u00fcr die tollen Fotos.<\/li>\n<li><strong>Elvira und Klaus Fischer sowie Matthias Falkenhahn aus S\u00fcnna<\/strong> f\u00fcr das tolle Insektenhotel und das\u00a0Sonnensegel f\u00fcr unser \u201eGr\u00fcnes Klassenzimmer\u201c.<\/li>\n<li>Unserer <strong>&#8222;Schulfotografin&#8220; Lisa-Marie Eichenauer<\/strong> aus der Klasse 5b f\u00fcr die vielen sch\u00f6nen Fotos<\/li>\n<li>Der <strong>Wartburg-Sparkasse<\/strong>, der <strong>Firma Schlechtweg aus S\u00fcnna<\/strong> und der <strong>Gemeinde Unterbreizbach<\/strong> f\u00fcr die finanzielle Unterst\u00fctzung unseres Jubil\u00e4ums.<\/li>\n<li><strong>Frau Schiffhauer<\/strong>, die mit den Kindern ihrer AG Kochen und Backen und ihren tollen Ideen sehr zum Gelingen unseres Schulfestes beigetragen hat.<\/li>\n<li>Der <strong>Firma Stempel-Pforr aus Unterbreizbach<\/strong> f\u00fcr die kostenlose Anfertigung eines Pr\u00e4gestempels zu unserem Jubil\u00e4um.<\/li>\n<li>Der <strong>Firma Rh\u00f6nbasalt Vacha GmbH<\/strong> f\u00fcr ihre aktive Unterst\u00fctzung bei der weiteren Ausgestaltung unserer Au\u00dfenanlagen rund um das \u201eGr\u00fcne Klassenzimmer\u201c.<\/li>\n<li>Dem <strong>Baumarkt \u201eBauSpezi\u201c aus Vacha<\/strong> f\u00fcr die gro\u00dfz\u00fcgige Unterst\u00fctzung mit Sachpreisen f\u00fcr unser Schulfest.<\/li>\n<li>Allen aktiven und ehemaligen <strong>Mitgliedern unseres F\u00f6rdervereins<\/strong>, ohne die es dieses Jubil\u00e4um gar nicht gegeben h\u00e4tte<\/li>\n<li>Den <strong>Sekret\u00e4rinnen unserer Schule Marina Niebergall und Ute Schlechtweg<\/strong>, die stets ansprechbar waren und viele organisatorische und praktische Aufgaben und Handgriffe erledigt haben.<\/li>\n<li>Nat\u00fcrlich <strong>allen Lehrer(inne)n und Sch\u00fcler(inne)n unserer Schule<\/strong>, die bei den zahlreichen Arbeiten zur Vorbereitung und bei der Durchf\u00fchrung unseres Schulfestes mit gro\u00dfem pers\u00f6nlichen Einsatz tatkr\u00e4ftig angepackt haben.<\/li>\n<li>Und nat\u00fcrlich <strong>allen Anderen<\/strong>, die uns aktiv unterst\u00fctzt haben und hier noch nicht genannt wurden.<\/li>\n<\/ul>\n<table style=\"margin-top: 5px;\" width=\"100%\">\n<tbody>\n<tr>\n<td style=\"font-size: 1.1em; padding: 10px 0 0 10px;\" width=\"60%\"><strong>Gabriele H\u00f6rschelmann<\/strong><\/td>\n<td style=\"font-size: 1.1em; padding: 10px 0 0 0;\"><strong>Uwe Borger<\/strong><\/td>\n<\/tr>\n<tr>\n<td style=\"font-size: 0.9em; padding: 0 0 0 10px;\">Schulleiterin der<\/td>\n<td style=\"font-size: 0.9em;\">Vorsitzender des F\u00f6rdervereins<\/td>\n<\/tr>\n<tr>\n<td style=\"font-size: 0.9em; padding: 0 0 0 10px;\">Regelschule Unterbreizbach<\/td>\n<td style=\"font-size: 0.9em;\">der Regelschule Unterbreizbach<\/td>\n<\/tr>\n<\/tbody>\n<\/table>\n","protected":false},"excerpt":{"rendered":"<p>10 Jahre Schulf\u00f6rderverein \u2013 Dank allen Helfern und Unterst\u00fctzern Am 23. und 24.05.2014 feierten wir gemeinsam mit vielen G\u00e4sten den 10. Jahrestag der Gr\u00fcndung unseres Schulf\u00f6rdervereins. Ob bei der \u201eEntstehung des Gr\u00fcnen Klassenzimmers\u201c, der Organisation und <a href=\"https:\/\/rsubach.de\/?page_id=3548\" class=\"read-more\">Weiterlesen &#8230;<\/a><\/p>\n","protected":false},"author":1,"featured_media":0,"parent":4457,"menu_order":21,"comment_status":"closed","ping_status":"closed","template":"","meta":{"ngg_post_thumbnail":0,"footnotes":""},"class_list":["post-3548","page","type-page","status-publish","hentry"],"publishpress_future_action":{"enabled":false,"date":"2026-04-25 01:40:38","action":"change-status","newStatus":"draft","terms":[],"taxonomy":"","extraData":[]},"publishpress_future_workflow_manual_trigger":{"enabledWorkflows":[]},"rttpg_featured_image_url":null,"rttpg_author":{"display_name":"Uwe Borger","author_link":"https:\/\/rsubach.de\/?author=1"},"rttpg_comment":0,"rttpg_category":null,"rttpg_excerpt":"10 Jahre Schulf\u00f6rderverein \u2013 Dank allen Helfern und Unterst\u00fctzern Am 23. und 24.05.2014 feierten wir gemeinsam mit vielen G\u00e4sten den 10. Jahrestag der Gr\u00fcndung unseres Schulf\u00f6rdervereins. Ob bei der \u201eEntstehung des Gr\u00fcnen Klassenzimmers\u201c, der Organisation und Weiterlesen ...","_links":{"self":[{"href":"https:\/\/rsubach.de\/index.php?rest_route=\/wp\/v2\/pages\/3548","targetHints":{"allow":["GET"]}}],"collection":[{"href":"https:\/\/rsubach.de\/index.php?rest_route=\/wp\/v2\/pages"}],"about":[{"href":"https:\/\/rsubach.de\/index.php?rest_route=\/wp\/v2\/types\/page"}],"author":[{"embeddable":true,"href":"https:\/\/rsubach.de\/index.php?rest_route=\/wp\/v2\/users\/1"}],"replies":[{"embeddable":true,"href":"https:\/\/rsubach.de\/index.php?rest_route=%2Fwp%2Fv2%2Fcomments&post=3548"}],"version-history":[{"count":47,"href":"https:\/\/rsubach.de\/index.php?rest_route=\/wp\/v2\/pages\/3548\/revisions"}],"predecessor-version":[{"id":4518,"href":"https:\/\/rsubach.de\/index.php?rest_route=\/wp\/v2\/pages\/3548\/revisions\/4518"}],"up":[{"embeddable":true,"href":"https:\/\/rsubach.de\/index.php?rest_route=\/wp\/v2\/pages\/4457"}],"wp:attachment":[{"href":"https:\/\/rsubach.de\/index.php?rest_route=%2Fwp%2Fv2%2Fmedia&parent=3548"}],"curies":[{"name":"wp","href":"https:\/\/api.w.org\/{rel}","templated":true}]}}