{"id":4457,"date":"2014-09-26T10:31:50","date_gmt":"2014-09-26T08:31:50","guid":{"rendered":"http:\/\/rsubach.de\/?page_id=4457"},"modified":"2023-02-18T15:55:49","modified_gmt":"2023-02-18T14:55:49","slug":"10-jahre-foerderverein","status":"publish","type":"page","link":"https:\/\/rsubach.de\/?page_id=4457","title":{"rendered":"10. Jahrestag"},"content":{"rendered":"<p>Am 24.05.2014 konnten wir, genau 10 Jahre nach der Gr\u00fcndung, gemeinsam mit vielen G\u00e4sten an unserer Schule ein wichtiges Jubil\u00e4um&nbsp;in der Geschichte unseres Vereins begehen.<\/p>\n<p>Hier m\u00f6chten wir an diesen H\u00f6hepunkt erinnern und allen beteiligten Helfern und Unterst\u00fctzern unseren Dank \u00fcbermitteln.<\/p>\n<p><a title=\"Uebergabe_01\" href=\"https:\/\/rsubach.de\/wp-content\/uploads\/2014\/06\/Uebergabe_01.jpg\" rel=\"prettyPhoto-img\"><img loading=\"lazy\" decoding=\"async\" style=\"margin: 0px;\" src=\"https:\/\/rsubach.de\/wp-content\/uploads\/2014\/06\/Uebergabe_01-300x225.jpg\" alt=\"Uebergabe_01\" width=\"293\" height=\"216\"><\/a> <a title=\"Uebergabe_02\" href=\"https:\/\/rsubach.de\/wp-content\/uploads\/2014\/06\/Uebergabe_02.jpg\" rel=\"prettyPhoto-img\"><img loading=\"lazy\" decoding=\"async\" style=\"margin: 0px;\" src=\"https:\/\/rsubach.de\/wp-content\/uploads\/2014\/06\/Uebergabe_02-300x225.jpg\" alt=\"Uebergabe_02\" width=\"288\" height=\"214\"><\/a><br \/>\n<a title=\"Baenke\" href=\"https:\/\/rsubach.de\/wp-content\/uploads\/2014\/06\/Baenke.jpg\" rel=\"prettyPhoto-img\"><img loading=\"lazy\" decoding=\"async\" style=\"margin: 0px;\" src=\"https:\/\/rsubach.de\/wp-content\/uploads\/2014\/06\/Baenke-300x225.jpg\" alt=\"Baenke\" width=\"221\" height=\"165\"><\/a> <a title=\"Insektenhotel mit Erbauern\" href=\"https:\/\/rsubach.de\/wp-content\/uploads\/2014\/06\/Insektenhotel-mit-Erbauern.jpg\" rel=\"prettyPhoto-img\"><img loading=\"lazy\" decoding=\"async\" style=\"margin: 0px;\" src=\"https:\/\/rsubach.de\/wp-content\/uploads\/2014\/06\/Insektenhotel-mit-Erbauern-225x300.jpg\" alt=\"Insektenhotel mit Erbauern\" width=\"134\" height=\"165\"><\/a> <a title=\"Uebergabe_03\" href=\"https:\/\/rsubach.de\/wp-content\/uploads\/2014\/06\/Uebergabe_03.jpg\" rel=\"prettyPhoto-img\"><img loading=\"lazy\" decoding=\"async\" style=\"margin: 0px;\" src=\"https:\/\/rsubach.de\/wp-content\/uploads\/2014\/06\/Uebergabe_03-300x225.jpg\" alt=\"Uebergabe_03\" width=\"221\" height=\"165\"><\/a><\/p>\n","protected":false},"excerpt":{"rendered":"<p>Am 24.05.2014 konnten wir, genau 10 Jahre nach der Gr\u00fcndung, gemeinsam mit vielen G\u00e4sten an unserer Schule ein wichtiges Jubil\u00e4um&nbsp;in der Geschichte unseres Vereins begehen. Hier m\u00f6chten wir an diesen H\u00f6hepunkt erinnern und allen beteiligten Helfern <a href=\"https:\/\/rsubach.de\/?page_id=4457\" class=\"read-more\">Weiterlesen &#8230;<\/a><\/p>\n","protected":false},"author":1,"featured_media":0,"parent":24994,"menu_order":16,"comment_status":"closed","ping_status":"closed","template":"","meta":{"ngg_post_thumbnail":0,"footnotes":""},"class_list":["post-4457","page","type-page","status-publish","hentry"],"publishpress_future_action":{"enabled":false,"date":"2026-05-14 13:20:46","action":"change-status","newStatus":"draft","terms":[],"taxonomy":"","extraData":[]},"publishpress_future_workflow_manual_trigger":{"enabledWorkflows":[]},"rttpg_featured_image_url":null,"rttpg_author":{"display_name":"Uwe Borger","author_link":"https:\/\/rsubach.de\/?author=1"},"rttpg_comment":0,"rttpg_category":null,"rttpg_excerpt":"Am 24.05.2014 konnten wir, genau 10 Jahre nach der Gr\u00fcndung, gemeinsam mit vielen G\u00e4sten an unserer Schule ein wichtiges Jubil\u00e4um&nbsp;in der Geschichte unseres Vereins begehen. Hier m\u00f6chten wir an diesen H\u00f6hepunkt erinnern und allen beteiligten Helfern Weiterlesen ...","_links":{"self":[{"href":"https:\/\/rsubach.de\/index.php?rest_route=\/wp\/v2\/pages\/4457","targetHints":{"allow":["GET"]}}],"collection":[{"href":"https:\/\/rsubach.de\/index.php?rest_route=\/wp\/v2\/pages"}],"about":[{"href":"https:\/\/rsubach.de\/index.php?rest_route=\/wp\/v2\/types\/page"}],"author":[{"embeddable":true,"href":"https:\/\/rsubach.de\/index.php?rest_route=\/wp\/v2\/users\/1"}],"replies":[{"embeddable":true,"href":"https:\/\/rsubach.de\/index.php?rest_route=%2Fwp%2Fv2%2Fcomments&post=4457"}],"version-history":[{"count":7,"href":"https:\/\/rsubach.de\/index.php?rest_route=\/wp\/v2\/pages\/4457\/revisions"}],"predecessor-version":[{"id":19805,"href":"https:\/\/rsubach.de\/index.php?rest_route=\/wp\/v2\/pages\/4457\/revisions\/19805"}],"up":[{"embeddable":true,"href":"https:\/\/rsubach.de\/index.php?rest_route=\/wp\/v2\/pages\/24994"}],"wp:attachment":[{"href":"https:\/\/rsubach.de\/index.php?rest_route=%2Fwp%2Fv2%2Fmedia&parent=4457"}],"curies":[{"name":"wp","href":"https:\/\/api.w.org\/{rel}","templated":true}]}}