{"id":5,"date":"2012-01-13T15:23:32","date_gmt":"2012-01-13T14:23:32","guid":{"rendered":"http:\/\/server2003:8080\/rsubach\/wordpress_02\/?page_id=5"},"modified":"2023-02-18T23:43:04","modified_gmt":"2023-02-18T22:43:04","slug":"aktuelles","status":"publish","type":"page","link":"https:\/\/rsubach.de\/?page_id=5","title":{"rendered":"Aktuelles"},"content":{"rendered":"<p style=\"font-style: normal;\">Auf den Seiten unter Aktuelles ver\u00f6ffentlichen wir allgemein zug\u00e4ngliche Meldungen sowie Informationen zu Terminen, Veranstaltungen, Ma\u00dfnahmen und Ereignissen des aktuellen Schuljahres.<\/p>\n<p style=\"font-style: normal;\">Zus\u00e4tzlich werden hier schulinterne Informationen f\u00fcr Sch\u00fcler(innen) und Lehrer(innen) ver\u00f6ffentlicht, wie Vertretungspl\u00e4ne, Ank\u00fcndigungen f\u00fcr den Unterricht oder Mitteilungen an Eltern.<\/p>\n<p style=\"font-style: normal;\">F\u00fcr diesen internen Teil der Internetseiten ist ein Zugang \u00fcber die Funktion Anmelden in der rechten Leiste auf der Seite erforderlich. Die notwendigen Zugangsdaten (Benutzername und Kennwort) bekommen die berechtigten Personen durch die Schule mitgeteilt.<\/p>\n<p style=\"font-style: normal;\">Wir m\u00f6chten alle, die es betrifft, auf den sorgf\u00e4ltigen und sicheren Umgang mit diesen Daten hinweisen.<\/p>\n<p style=\"font-style: normal;\"><strong><span style=\"text-decoration: underline;\">Kommende Termine und Veranstaltungen:<\/span><\/strong><\/p>\n<p style=\"font-style: normal;\">&nbsp;<\/p>\n\n<div class=\"spiffy page-upcoming-events spiffy-list-Columns\"><\/div>","protected":false},"excerpt":{"rendered":"<p>Auf den Seiten unter Aktuelles ver\u00f6ffentlichen wir allgemein zug\u00e4ngliche Meldungen sowie Informationen zu Terminen, Veranstaltungen, Ma\u00dfnahmen und Ereignissen des aktuellen Schuljahres. Zus\u00e4tzlich werden hier schulinterne Informationen f\u00fcr Sch\u00fcler(innen) und Lehrer(innen) ver\u00f6ffentlicht, wie Vertretungspl\u00e4ne, Ank\u00fcndigungen f\u00fcr den <a href=\"https:\/\/rsubach.de\/?page_id=5\" class=\"read-more\">Weiterlesen &#8230;<\/a><\/p>\n","protected":false},"author":1,"featured_media":0,"parent":0,"menu_order":20,"comment_status":"closed","ping_status":"closed","template":"","meta":{"ngg_post_thumbnail":0,"footnotes":""},"class_list":["post-5","page","type-page","status-publish","hentry"],"publishpress_future_action":{"enabled":false,"date":"2026-04-25 08:44:07","action":"change-status","newStatus":"draft","terms":[],"taxonomy":"","extraData":[]},"publishpress_future_workflow_manual_trigger":{"enabledWorkflows":[]},"rttpg_featured_image_url":null,"rttpg_author":{"display_name":"Uwe Borger","author_link":"https:\/\/rsubach.de\/?author=1"},"rttpg_comment":0,"rttpg_category":null,"rttpg_excerpt":"Auf den Seiten unter Aktuelles ver\u00f6ffentlichen wir allgemein zug\u00e4ngliche Meldungen sowie Informationen zu Terminen, Veranstaltungen, Ma\u00dfnahmen und Ereignissen des aktuellen Schuljahres. Zus\u00e4tzlich werden hier schulinterne Informationen f\u00fcr Sch\u00fcler(innen) und Lehrer(innen) ver\u00f6ffentlicht, wie Vertretungspl\u00e4ne, Ank\u00fcndigungen f\u00fcr den Weiterlesen ...","_links":{"self":[{"href":"https:\/\/rsubach.de\/index.php?rest_route=\/wp\/v2\/pages\/5","targetHints":{"allow":["GET"]}}],"collection":[{"href":"https:\/\/rsubach.de\/index.php?rest_route=\/wp\/v2\/pages"}],"about":[{"href":"https:\/\/rsubach.de\/index.php?rest_route=\/wp\/v2\/types\/page"}],"author":[{"embeddable":true,"href":"https:\/\/rsubach.de\/index.php?rest_route=\/wp\/v2\/users\/1"}],"replies":[{"embeddable":true,"href":"https:\/\/rsubach.de\/index.php?rest_route=%2Fwp%2Fv2%2Fcomments&post=5"}],"version-history":[{"count":24,"href":"https:\/\/rsubach.de\/index.php?rest_route=\/wp\/v2\/pages\/5\/revisions"}],"predecessor-version":[{"id":25192,"href":"https:\/\/rsubach.de\/index.php?rest_route=\/wp\/v2\/pages\/5\/revisions\/25192"}],"wp:attachment":[{"href":"https:\/\/rsubach.de\/index.php?rest_route=%2Fwp%2Fv2%2Fmedia&parent=5"}],"curies":[{"name":"wp","href":"https:\/\/api.w.org\/{rel}","templated":true}]}}