{"id":5378,"date":"2015-03-15T20:16:36","date_gmt":"2015-03-15T19:16:36","guid":{"rendered":"http:\/\/rsubach.de\/?page_id=5378"},"modified":"2023-02-18T15:35:29","modified_gmt":"2023-02-18T14:35:29","slug":"schulleben","status":"publish","type":"page","link":"https:\/\/rsubach.de\/?page_id=5378","title":{"rendered":"Schulleben"},"content":{"rendered":"<p>Das Leben an unserer Schule wird durch&nbsp;verschiedenste&nbsp;Aktivit\u00e4ten im Rahmen des Unterrichts, durch Ma\u00dfnahmen und Veranstaltungen&nbsp;der&nbsp;Schulsozialarbeit&nbsp;und&nbsp;nat\u00fcrlich durch viele&nbsp;pers\u00f6nliche Ideen, Initiativen und das Engagement&nbsp;der Sch\u00fcler(innen), der Lehrer(innen), vieler Eltern und weiterer Helfer und Unterst\u00fctzer&nbsp;vielf\u00e4ltig gepr\u00e4gt.<\/p>\n<p>Diese Vielfalt wollen wir auf den Seiten zum <strong>Schulleben<\/strong> zeigen und damit auch f\u00fcr die Beteiligten eine bleibende Erinnerung&nbsp; und allen &nbsp;Interessierten einen&nbsp;Einblick in&nbsp;unsere Schule bieten.<\/p>\n","protected":false},"excerpt":{"rendered":"<p>Das Leben an unserer Schule wird durch&nbsp;verschiedenste&nbsp;Aktivit\u00e4ten im Rahmen des Unterrichts, durch Ma\u00dfnahmen und Veranstaltungen&nbsp;der&nbsp;Schulsozialarbeit&nbsp;und&nbsp;nat\u00fcrlich durch viele&nbsp;pers\u00f6nliche Ideen, Initiativen und das Engagement&nbsp;der Sch\u00fcler(innen), der Lehrer(innen), vieler Eltern und weiterer Helfer und Unterst\u00fctzer&nbsp;vielf\u00e4ltig gepr\u00e4gt. Diese Vielfalt wollen <a href=\"https:\/\/rsubach.de\/?page_id=5378\" class=\"read-more\">Weiterlesen &#8230;<\/a><\/p>\n","protected":false},"author":1,"featured_media":25093,"parent":0,"menu_order":30,"comment_status":"closed","ping_status":"closed","template":"","meta":{"ngg_post_thumbnail":0,"footnotes":""},"class_list":["post-5378","page","type-page","status-publish","has-post-thumbnail","hentry"],"publishpress_future_action":{"enabled":false,"date":"2026-04-22 18:58:31","action":"change-status","newStatus":"draft","terms":[],"taxonomy":"","extraData":[]},"publishpress_future_workflow_manual_trigger":{"enabledWorkflows":[]},"rttpg_featured_image_url":{"full":["https:\/\/rsubach.de\/wp-content\/uploads\/2023\/02\/Slider9_4510x1541-scaled.jpg",2560,875,false],"landscape":["https:\/\/rsubach.de\/wp-content\/uploads\/2023\/02\/Slider9_4510x1541-scaled.jpg",2560,875,false],"portraits":["https:\/\/rsubach.de\/wp-content\/uploads\/2023\/02\/Slider9_4510x1541-scaled.jpg",2560,875,false],"thumbnail":["https:\/\/rsubach.de\/wp-content\/uploads\/2023\/02\/Slider9_4510x1541-150x150.jpg",150,150,true],"medium":["https:\/\/rsubach.de\/wp-content\/uploads\/2023\/02\/Slider9_4510x1541-300x103.jpg",300,103,true],"large":["https:\/\/rsubach.de\/wp-content\/uploads\/2023\/02\/Slider9_4510x1541-1024x350.jpg",847,290,true],"1536x1536":["https:\/\/rsubach.de\/wp-content\/uploads\/2023\/02\/Slider9_4510x1541-1536x525.jpg",1536,525,true],"2048x2048":["https:\/\/rsubach.de\/wp-content\/uploads\/2023\/02\/Slider9_4510x1541-2048x700.jpg",2048,700,true],"education-hub-thumb":["https:\/\/rsubach.de\/wp-content\/uploads\/2023\/02\/Slider9_4510x1541-360x123.jpg",360,123,true]},"rttpg_author":{"display_name":"Uwe Borger","author_link":"https:\/\/rsubach.de\/?author=1"},"rttpg_comment":0,"rttpg_category":null,"rttpg_excerpt":"Das Leben an unserer Schule wird durch&nbsp;verschiedenste&nbsp;Aktivit\u00e4ten im Rahmen des Unterrichts, durch Ma\u00dfnahmen und Veranstaltungen&nbsp;der&nbsp;Schulsozialarbeit&nbsp;und&nbsp;nat\u00fcrlich durch viele&nbsp;pers\u00f6nliche Ideen, Initiativen und das Engagement&nbsp;der Sch\u00fcler(innen), der Lehrer(innen), vieler Eltern und weiterer Helfer und Unterst\u00fctzer&nbsp;vielf\u00e4ltig gepr\u00e4gt. Diese Vielfalt wollen Weiterlesen ...","_links":{"self":[{"href":"https:\/\/rsubach.de\/index.php?rest_route=\/wp\/v2\/pages\/5378","targetHints":{"allow":["GET"]}}],"collection":[{"href":"https:\/\/rsubach.de\/index.php?rest_route=\/wp\/v2\/pages"}],"about":[{"href":"https:\/\/rsubach.de\/index.php?rest_route=\/wp\/v2\/types\/page"}],"author":[{"embeddable":true,"href":"https:\/\/rsubach.de\/index.php?rest_route=\/wp\/v2\/users\/1"}],"replies":[{"embeddable":true,"href":"https:\/\/rsubach.de\/index.php?rest_route=%2Fwp%2Fv2%2Fcomments&post=5378"}],"version-history":[{"count":5,"href":"https:\/\/rsubach.de\/index.php?rest_route=\/wp\/v2\/pages\/5378\/revisions"}],"predecessor-version":[{"id":10255,"href":"https:\/\/rsubach.de\/index.php?rest_route=\/wp\/v2\/pages\/5378\/revisions\/10255"}],"wp:featuredmedia":[{"embeddable":true,"href":"https:\/\/rsubach.de\/index.php?rest_route=\/wp\/v2\/media\/25093"}],"wp:attachment":[{"href":"https:\/\/rsubach.de\/index.php?rest_route=%2Fwp%2Fv2%2Fmedia&parent=5378"}],"curies":[{"name":"wp","href":"https:\/\/api.w.org\/{rel}","templated":true}]}}