{"id":7119,"date":"2016-04-13T14:04:17","date_gmt":"2016-04-13T12:04:17","guid":{"rendered":"http:\/\/rsubach.de\/?page_id=7119"},"modified":"2023-02-18T10:53:49","modified_gmt":"2023-02-18T09:53:49","slug":"projektarbeiten-klasse-910","status":"publish","type":"page","link":"https:\/\/rsubach.de\/?page_id=7119","title":{"rendered":"Projektarbeiten Klasse 9\/10"},"content":{"rendered":"<p><strong>Liebe Sch\u00fcler der Klassenstufen 9\/10,<\/strong><\/p>\n<p>mit dem Erstellen einer Projektarbeit erwartet euch eine echte Herausforderung. Mit einer solchen umfangreichen und langfristigen Gruppenarbeit sollt ihr beweisen, dass ihr selbst\u00e4ndig, zuverl\u00e4ssig und planvoll in einem Team arbeiten, ein gemeinsames Projekt theoretisch er\u00f6rternd darstellen und interessant pr\u00e4sentieren k\u00f6nnt.<\/p>\n<p>Dies verlangt euch umfassende Kenntnisse, aber eben vor allem auch verschiedene Fertig- und F\u00e4higkeiten ab, die gerade im Hinblick auf eure berufliche Ausbildung unabdingbar sind.<\/p>\n<p>\u00dcberlegt euch deshalb eine projektorientierte Thematik, die euren Interessen entspricht, mit der ihr euch \u00fcber einen l\u00e4ngeren Zeitraum intensiv und argumentativ auseinandersetzen wollt.<\/p>\n<p>Seht euch zur Anregung ruhig einmal einige Themen oder auch Projektarbeiten vorheriger Jahrg\u00e4nge an. Hier findet ihr gewiss n\u00fctzliche Impulse und Ideen! Schaut und h\u00f6rt euch um, findet in Gespr\u00e4chen mit euren Eltern, \u00e4lteren Geschwistern, Bekannten, Mitgliedern eurer Vereine und Lehrern zu euren eigenen Projektideen!<\/p>\n<p>Nutzt hierf\u00fcr auch die Erfahrungen der Sch\u00fcler der Abschlussklassen und besucht deren Pr\u00e4sentationen!<\/p>\n","protected":false},"excerpt":{"rendered":"<p>Liebe Sch\u00fcler der Klassenstufen 9\/10, mit dem Erstellen einer Projektarbeit erwartet euch eine echte Herausforderung. Mit einer solchen umfangreichen und langfristigen Gruppenarbeit sollt ihr beweisen, dass ihr selbst\u00e4ndig, zuverl\u00e4ssig und planvoll in einem Team arbeiten, ein <a href=\"https:\/\/rsubach.de\/?page_id=7119\" class=\"read-more\">Weiterlesen &#8230;<\/a><\/p>\n","protected":false},"author":1,"featured_media":0,"parent":5378,"menu_order":23,"comment_status":"closed","ping_status":"closed","template":"","meta":{"ngg_post_thumbnail":0,"footnotes":""},"class_list":["post-7119","page","type-page","status-publish","hentry"],"publishpress_future_action":{"enabled":false,"date":"2026-04-25 08:38:29","action":"change-status","newStatus":"draft","terms":[],"taxonomy":"","extraData":[]},"publishpress_future_workflow_manual_trigger":{"enabledWorkflows":[]},"rttpg_featured_image_url":null,"rttpg_author":{"display_name":"Uwe Borger","author_link":"https:\/\/rsubach.de\/?author=1"},"rttpg_comment":0,"rttpg_category":null,"rttpg_excerpt":"Liebe Sch\u00fcler der Klassenstufen 9\/10, mit dem Erstellen einer Projektarbeit erwartet euch eine echte Herausforderung. Mit einer solchen umfangreichen und langfristigen Gruppenarbeit sollt ihr beweisen, dass ihr selbst\u00e4ndig, zuverl\u00e4ssig und planvoll in einem Team arbeiten, ein Weiterlesen ...","_links":{"self":[{"href":"https:\/\/rsubach.de\/index.php?rest_route=\/wp\/v2\/pages\/7119","targetHints":{"allow":["GET"]}}],"collection":[{"href":"https:\/\/rsubach.de\/index.php?rest_route=\/wp\/v2\/pages"}],"about":[{"href":"https:\/\/rsubach.de\/index.php?rest_route=\/wp\/v2\/types\/page"}],"author":[{"embeddable":true,"href":"https:\/\/rsubach.de\/index.php?rest_route=\/wp\/v2\/users\/1"}],"replies":[{"embeddable":true,"href":"https:\/\/rsubach.de\/index.php?rest_route=%2Fwp%2Fv2%2Fcomments&post=7119"}],"version-history":[{"count":8,"href":"https:\/\/rsubach.de\/index.php?rest_route=\/wp\/v2\/pages\/7119\/revisions"}],"predecessor-version":[{"id":10501,"href":"https:\/\/rsubach.de\/index.php?rest_route=\/wp\/v2\/pages\/7119\/revisions\/10501"}],"up":[{"embeddable":true,"href":"https:\/\/rsubach.de\/index.php?rest_route=\/wp\/v2\/pages\/5378"}],"wp:attachment":[{"href":"https:\/\/rsubach.de\/index.php?rest_route=%2Fwp%2Fv2%2Fmedia&parent=7119"}],"curies":[{"name":"wp","href":"https:\/\/api.w.org\/{rel}","templated":true}]}}