{"id":7269,"date":"2016-04-27T10:17:33","date_gmt":"2016-04-27T08:17:33","guid":{"rendered":"http:\/\/rsubach.de\/?page_id=7269"},"modified":"2023-02-18T15:36:53","modified_gmt":"2023-02-18T14:36:53","slug":"gesetzliche-grundlage","status":"publish","type":"page","link":"https:\/\/rsubach.de\/?page_id=7269","title":{"rendered":"Gesetzliche Grundlage"},"content":{"rendered":"<p><strong>Projektarbeit &#8211; Auszug aus der Th\u00fcringer Schulordnung<\/strong><\/p>\n<p><span style=\"text-decoration: underline;\">Details<\/span><\/p>\n<p>Ausz\u00fcge aus der Th\u00fcringer Schulordnung f\u00fcr die Grundschule, die Regelschule, die Gemeinschaftsschule, das Gymnasium und die Gesamtschule (Th\u00fcrSchulO) vom 20. Januar 1994 (GVBl. S. 185), zuletzt ge\u00e4ndert durch Verordnung vom 07. Juli 2011 (GVBl. S. 208)<\/p>\n<blockquote><p><strong> \u00a7 47a Projektarbeit<\/strong><\/p>\n<p>(1) &nbsp;Sch\u00fcler der Klassenstufe 10 der Regelschule sowie Sch\u00fcler der Gemeinschaftsschule, die den Realschulabschluss anstreben, haben eine Projektarbeit zu einem f\u00e4cher\u00fcbergreifenden Thema vorzulegen und zu pr\u00e4sentieren. Die Projektarbeit wird in Gruppen von drei bis f\u00fcnf Sch\u00fclern erstellt; \u00fcber Ausnahmen entscheidet der Schulleiter.<\/p>\n<p>(2)&nbsp; Das Thema der Projektarbeit ist bis zu Beginn des zweiten Schulhalbjahres der Klassenstufe 9 auszuw\u00e4hlen und bedarf der Genehmigung durch den Schulleiter. Die Projektarbeit ist bis einen Monat nach Ausgabe der Schulhalbjahreszeugnisse der Klassenstufe 10 vorzulegen.<\/p>\n<p>(3)&nbsp; Die Pr\u00e4sentation der Projektarbeit erfolgt zu einem von der Schule bestimmten Termin vor einer Fachpr\u00fcfungskommission, die vom Schulleiter unter Ber\u00fccksichtigung des jeweiligen Schwerpunkts der Projektarbeit gebildet wird. F\u00fcr die Bildung der Fachpr\u00fcfungskommission und des Beschlussverfahrens gilt \u00a7 85 Abs. 6, 7, 9 und 10 entsprechend.<\/p>\n<p>(4)&nbsp; Die Gesamtnote f\u00fcr die Projektarbeit setzt sich aus den Teilnoten f\u00fcr die Durchf\u00fchrung des Projekts einschlie\u00dflich der schriftlichen Dokumentation seiner Teilschritte, f\u00fcr das Projektergebnis sowie f\u00fcr die Pr\u00e4sentation zusammen. Auf der Grundlage der individuellen Leistung des einzelnen Sch\u00fclers werden die beiden erstgenannten Teilnoten vom betreuenden Fachlehrer, die letztgenannte Teilnote sowie die Gesamtnote von der jeweiligen Fachpr\u00fcfungskommission vergeben. Die einzelnen Teilnoten sind je nach Aufgabenstellung angemessen zu gewichten. Im \u00dcbrigen gilt \u00a7 59 Abs. 1 bis 3 und 7.<\/p>\n<p>(5)&nbsp; Bei einer Anfertigung der Projektarbeit durch Sch\u00fcler, die erst in der Klassenstufe 10 in die Regelschule eintreten oder die unter den Voraussetzungen des \u00a7 53 Abs. 1 Nr. 3 oder Abs. 2 in die Klassenstufe 10 der Regelschule aufgenommen werden, ist die fehlende Vorbereitungszeit im zweiten Schulhalbjahr der Klassenstufe 9 angemessen zu ber\u00fccksichtigen.<\/p><\/blockquote>\n<p>&nbsp;<\/p>\n","protected":false},"excerpt":{"rendered":"<p>Projektarbeit &#8211; Auszug aus der Th\u00fcringer Schulordnung Details Ausz\u00fcge aus der Th\u00fcringer Schulordnung f\u00fcr die Grundschule, die Regelschule, die Gemeinschaftsschule, das Gymnasium und die Gesamtschule (Th\u00fcrSchulO) vom 20. Januar 1994 (GVBl. S. 185), zuletzt ge\u00e4ndert durch <a href=\"https:\/\/rsubach.de\/?page_id=7269\" class=\"read-more\">Weiterlesen &#8230;<\/a><\/p>\n","protected":false},"author":21,"featured_media":0,"parent":7119,"menu_order":12,"comment_status":"closed","ping_status":"closed","template":"","meta":{"ngg_post_thumbnail":0,"footnotes":""},"class_list":["post-7269","page","type-page","status-publish","hentry"],"publishpress_future_action":{"enabled":false,"date":"2026-05-21 10:10:51","action":"change-status","newStatus":"draft","terms":[],"taxonomy":"","extraData":[]},"publishpress_future_workflow_manual_trigger":{"enabledWorkflows":[]},"rttpg_featured_image_url":null,"rttpg_author":{"display_name":"Martina Schneider","author_link":"https:\/\/rsubach.de\/?author=21"},"rttpg_comment":0,"rttpg_category":null,"rttpg_excerpt":"Projektarbeit &#8211; Auszug aus der Th\u00fcringer Schulordnung Details Ausz\u00fcge aus der Th\u00fcringer Schulordnung f\u00fcr die Grundschule, die Regelschule, die Gemeinschaftsschule, das Gymnasium und die Gesamtschule (Th\u00fcrSchulO) vom 20. Januar 1994 (GVBl. S. 185), zuletzt ge\u00e4ndert durch Weiterlesen ...","_links":{"self":[{"href":"https:\/\/rsubach.de\/index.php?rest_route=\/wp\/v2\/pages\/7269","targetHints":{"allow":["GET"]}}],"collection":[{"href":"https:\/\/rsubach.de\/index.php?rest_route=\/wp\/v2\/pages"}],"about":[{"href":"https:\/\/rsubach.de\/index.php?rest_route=\/wp\/v2\/types\/page"}],"author":[{"embeddable":true,"href":"https:\/\/rsubach.de\/index.php?rest_route=\/wp\/v2\/users\/21"}],"replies":[{"embeddable":true,"href":"https:\/\/rsubach.de\/index.php?rest_route=%2Fwp%2Fv2%2Fcomments&post=7269"}],"version-history":[{"count":8,"href":"https:\/\/rsubach.de\/index.php?rest_route=\/wp\/v2\/pages\/7269\/revisions"}],"predecessor-version":[{"id":10502,"href":"https:\/\/rsubach.de\/index.php?rest_route=\/wp\/v2\/pages\/7269\/revisions\/10502"}],"up":[{"embeddable":true,"href":"https:\/\/rsubach.de\/index.php?rest_route=\/wp\/v2\/pages\/7119"}],"wp:attachment":[{"href":"https:\/\/rsubach.de\/index.php?rest_route=%2Fwp%2Fv2%2Fmedia&parent=7269"}],"curies":[{"name":"wp","href":"https:\/\/api.w.org\/{rel}","templated":true}]}}