{"id":7740,"date":"2016-07-01T18:24:53","date_gmt":"2016-07-01T16:24:53","guid":{"rendered":"http:\/\/rsubach.de\/?page_id=7740"},"modified":"2025-02-10T17:18:48","modified_gmt":"2025-02-10T16:18:48","slug":"aktuelles-schuljahr","status":"publish","type":"page","link":"https:\/\/rsubach.de\/?page_id=7740","title":{"rendered":"Aktuelles Schuljahr"},"content":{"rendered":"<p><em><strong>Liebe Sch\u00fcler\/Innen der Klassen 10a und 10b,<\/strong><\/em><\/p>\n<p><em>euer letztes Schuljahr an der Regelschule hat begonnen und nun hei\u00dft es, alle Kr\u00e4fte und Lernenergien in Richtung Realschulabschluss zu lenken. Dazu geh\u00f6rt auch das Erstellen einer Projektarbeit. An einem\u00a0 <strong><span style=\"color: #800080;\">Projekttag in <strong>K<\/strong>lasse 9<\/span> <\/strong>habt ihr euch gemeinsam mit euren Klassenleitern mit wichtigen Informationen, inhaltlichen Schwerpunkten, aber auch mit der n\u00f6tigen Methodenvielfalt vertraut machen und in Gruppen an der Ausarbeitung eines geeigneten Themas arbeiten k\u00f6nnen. Einige Sch\u00fcler haben bereits &#8222;ihr Thema&#8220; gefunden und auch schon erste Schritte in Richtung Themenaufsplittung, Grobgliederung, Aufgabenverteilung, Kontaktaufnahme zu Betreuern unternommen. Dies zeugt von Eigeninitiative! Super!!<br \/>\n<\/em><\/p>\n<p>Nat\u00fcrlich m\u00fcssen wir aufgrund der besonderen Umst\u00e4nde (sehr kurzes Schuljahr!!) etwas umdisponieren und den Zeitplan entsprechend staffeln und straffen.<\/p>\n<p>Beachtet deshalb bitte die unten aufgelisteten Termine!!<\/p>\n<p><strong>!! Jeden Dienstag in der 7. Std., R. 317\u00a0 (<\/strong>oder auch nach Absprache in den gro\u00dfen Pausen) stehe ich euch gern beratend zur Seite.<\/p>\n<p><em>Bis <strong><span style=\"color: #000080;\">Freitag,<span style=\"text-decoration: underline; color: #ff0000; font-size: 18pt;\"> 23.08.2024<\/span><\/span>,<\/strong> solltet ihr mit eurem <span style=\"color: #000080;\"><strong>Betreuer\/eurer Betreuerin<\/strong><\/span> erste <span style=\"color: #000080;\"><strong>Konsultationen<\/strong><\/span> vereinbart haben.<br \/>\n<\/em><\/p>\n<p><em>Die schriftlichen <span style=\"text-decoration: underline; font-size: 14pt;\"><span style=\"color: #008080; text-decoration: underline;\"><strong>Antr\u00e4ge<\/strong><\/span><\/span> (1 Antrag pro Gruppe) mit dem endg\u00fcltigen Thema, einer entsprechenden Begr\u00fcndung und der konkreten Zielsetzung gebt ihr <strong>mir<\/strong> bitte sp\u00e4testens bis zum <\/em><em><span style=\"text-decoration: underline; color: #008000; font-size: 18pt;\"><strong>30.08.24<\/strong><\/span> ab. Ich lege diese dann der Schulleitung zur Genehmigung vor. Achtet bitte hierbei unbedingt auf angemessenen Sprachstil und eine entsprechende \u00e4u\u00dfere Form! Kritische Anmerkungen seitens der SL m\u00fcssen zeitnah umgesetzt werden<\/em><em>.<\/em><\/p>\n<p><em>Die <strong>Berichtshefte<\/strong> und die <strong>schriftlichen <\/strong><strong>Vereinbarungen<\/strong><\/em> sind weitere wichtige Unterlagen, welche<em> euch demn\u00e4chst ausgeh\u00e4ndigt werden. <strong>Nach<\/strong> der Genehmigung eures gew\u00e4hlten Themas durch die SL f\u00fcllt ihr bitte die <strong>Vereinbarungen<\/strong> (diese entsprechen einem Vertrag!) ordentlich aus und gebt diese vollst\u00e4ndig mit allen Unterschriften (auch die eurer <strong>Eltern<\/strong>!!) bis zum <strong><span style=\"color: #ff0000;\">19.09.24<\/span><\/strong> wieder an mich zur\u00fcck.<\/em><\/p>\n<p><span style=\"text-decoration: underline;\"><strong><span style=\"color: #000080; text-decoration: underline;\">Wichtige Termine:<\/span><\/strong><\/span><\/p>\n<table style=\"border-width: 2px; border-style: solid; margin-top: 1em; width: 100%; border-collapse: collapse; height: 811px;\">\n<thead>\n<tr style=\"background-color: #e5e6c3;\">\n<th style=\"border: 1px solid #000000; width: 17%; height: 24px;\"><span style=\"font-size: 12pt;\"><strong>\u00a0Termin<\/strong><\/span><\/th>\n<th style=\"border: 1px solid #000000; width: 28%; height: 24px;\"><span style=\"font-size: 12pt;\"><strong>Inhalt \/ Aktion<\/strong><\/span><\/th>\n<th style=\"border: 1px solid #000000; width: 55%; height: 24px;\"><span style=\"font-size: 12pt;\"><strong>Bemerkungen<\/strong><\/span><\/th>\n<\/tr>\n<\/thead>\n<tbody>\n<tr style=\"height: 70px;\">\n<td style=\"border: 1px solid #000000; width: 17%; height: 70px;\"><span style=\"color: #0000ff; font-size: 12pt;\"><strong>dienstags,\u00a0 <em>7. Stunde, R. 317<\/em><br \/>\n<\/strong><\/span><\/td>\n<td style=\"border: 1px solid #000000; width: 28%; height: 70px;\"><span style=\"color: #0000ff; font-size: 12pt;\"><strong>Beratung \/ Sprechstunde &#8211; Frau Schneider<br \/>\n<\/strong><\/span><\/td>\n<td style=\"border: 1px solid #000000; width: 55%; height: 70px;\"><\/td>\n<\/tr>\n<tr style=\"height: 31px;\">\n<td style=\"border: 1px solid #000000; width: 17%; height: 31px;\"><span style=\"font-size: 12pt;\"><strong><span style=\"color: #993300;\"><span style=\"background-color: #ffff00;\">Do, 15.08.24<\/span> <\/span><\/strong><\/span><span style=\"font-size: 12pt;\"><strong><span style=\"color: #993300;\">-&gt; <span style=\"background-color: #ffff00;\">Kl 10a<\/span> bzw.<\/span><\/strong><\/span><br \/>\n<span style=\"font-size: 12pt;\"><strong><span style=\"color: #993300;\"><span style=\"background-color: #00ff00;\"> Fr, 16.08.24<\/span> <\/span><\/strong><\/span><\/p>\n<p><span style=\"font-size: 12pt;\"><strong><span style=\"color: #993300;\">&#8211;<span style=\"background-color: #00ff00;\">&gt; Kl 10b<\/span><br \/>\n<\/span><\/strong><\/span><\/p>\n<p><span style=\"font-size: 12pt;\"><strong><span style=\"color: #993300;\">jeweils 6. Std,<br \/>\n<\/span><\/strong><span style=\"color: #800000;\"><em><strong>R.317<\/strong><\/em><\/span><\/span><\/td>\n<td style=\"border: 1px solid #000000; width: 28%; height: 31px;\"><span style=\"font-size: 12pt;\"><strong><span style=\"color: #993300;\">Einleitungskurse Projektarbeit<br \/>\n<\/span><\/strong><span style=\"color: #800000;\"><strong>Frau Schneider<\/strong><\/span><\/span><\/td>\n<td style=\"border: 1px solid #000000; width: 55%; height: 31px;\"><span style=\"font-size: 12pt;\"><br \/>\n<\/span><span style=\"font-size: 12pt;\">&#8211; allgemeine Hinweise, Aush\u00e4ndigung wichtiger Unterlagen,\u00a0 <\/span><span style=\"font-size: 12pt;\">\u00a0 organisatorische Absprachen<\/span><\/p>\n<p><span style=\"font-size: 12pt;\">&#8211; PA-Hefter sowie alle Materialien mitbringen<\/span><\/td>\n<\/tr>\n<tr style=\"height: 104px;\">\n<td style=\"border: 1px solid #000000; width: 17%; height: 104px;\"><span style=\"color: #ff6600; font-size: 12pt;\"><strong>Freitag, 30.08.24<br \/>\n<\/strong><\/span><\/td>\n<td style=\"border: 1px solid #000000; width: 28%; height: 104px;\"><span style=\"font-size: 12pt;\"><span style=\"color: #ff6600;\"><strong>Abgabe der Antr\u00e4ge -&gt; <span style=\"text-decoration: underline;\">Themenbest\u00e4tigung<\/span><br \/>\n<\/strong><\/span><em><strong><span style=\"text-decoration: underline;\">Wichtig<\/span>: Genaue Zielsetzungen und Teilauftr\u00e4ge \u00fcberzeugend formulieren!<\/strong><\/em><\/span><\/td>\n<td style=\"border: 1px solid #000000; width: 55%; height: 104px;\"><span style=\"font-size: 12pt;\">&#8211; alle Themen m\u00fcssen durch die Schulleitung best\u00e4tigt\u00a0 <\/span><span style=\"font-size: 12pt;\">\u00a0 werden<\/span><span style=\"font-size: 12pt;\">\u00a0-&gt; \u00dcberarbeitungen evtl n\u00f6tig<\/span><\/td>\n<\/tr>\n<tr style=\"height: 72px;\">\n<td style=\"border: 1px solid #000000; width: 17%; height: 72px;\"><span style=\"font-size: 12pt;\"><strong><span style=\"color: #993300;\">Donnerstag, 19.09.2024<\/span><\/strong><\/span><span style=\"font-size: 12pt;\"><strong><span style=\"color: #993300;\">Mittwoch, 25.09.24,<br \/>\n1. gro\u00dfe Pause<\/span><\/strong><\/span><\/td>\n<td style=\"border: 1px solid #000000; width: 28%; height: 72px;\"><span style=\"font-size: 12pt;\"><strong><span style=\"color: #993300;\">Abgabe Vereinbarungen an Fr. Schneider <\/span><\/strong><\/span><span style=\"font-size: 12pt;\"><strong><span style=\"color: #993300;\">offizielle \u00dcbergabe der<br \/>\n<span style=\"text-decoration: underline;\">Vereinbarungen <\/span>durch die Schulleiterin Frau H\u00f6rschelmann<\/span><\/strong><\/span><\/td>\n<td style=\"border: 1px solid #000000; width: 55%; height: 72px;\"><span style=\"font-size: 12pt;\"> -&gt; <strong>alle<\/strong> Gruppenmitglieder, deren Erziehungsberechtigte, <\/span><span style=\"font-size: 12pt;\">\u00a0\u00a0\u00a0 Betreuer m\u00fcssen unterschrieben haben<\/span><\/td>\n<\/tr>\n<tr style=\"height: 104px;\">\n<td style=\"border: 1px solid #000000; width: 17%; height: 104px;\"><span style=\"font-size: 12pt;\"><strong><span style=\"color: #008000;\">Mittwoch,<\/span><\/strong><\/span><span style=\"font-size: 12pt;\"><strong><span style=\"color: #008000;\">30.10.24<br \/>\n<\/span><\/strong><\/span><\/td>\n<td style=\"border: 1px solid #000000; width: 28%; height: 104px;\"><span style=\"font-size: 12pt;\"><em><strong><span style=\"color: #008000;\">Projektarbeitstag mit<br \/>\nH. Ihling,<\/span><\/strong><\/em> <\/span><span style=\"font-size: 12pt;\"><span style=\"color: #008000;\"><em><strong>Fr. Schneider<\/strong><\/em><br \/>\n<\/span><\/span><\/td>\n<td style=\"border: 1px solid #000000; width: 55%; height: 104px;\"><span style=\"font-size: 12pt;\"><em><span style=\"color: #008080;\">-&gt; Ausarbeitung inhaltlicher\u00a0 <\/span><\/em><em><span style=\"color: #008080;\">Schwerpunkte (Teilthemen aufsplitten)<br \/>\n<\/span><\/em><\/span><span style=\"font-size: 12pt;\"><em><span style=\"color: #008080;\">-&gt; \u00dcberarbeitung\u00a0 Struktur \/ <\/span><\/em><em><span style=\"color: #008080;\">Gliederung<\/span><\/em><\/span><span style=\"font-size: 12pt;\"><em><span style=\"color: #008080;\">-&gt; Formulierung er\u00f6rternder Textteile<\/span><\/em><\/span><span style=\"font-size: 12pt;\"><em><span style=\"color: #008080;\">-&gt; Verwendung Norm-\/ Fachsprache<\/span><\/em><\/span><\/td>\n<\/tr>\n<tr style=\"height: 190px;\">\n<td style=\"border: 1px solid #000000; width: 17%; height: 190px;\"><span style=\"font-size: 12pt;\"><strong><span style=\"color: #0000ff;\">Mi, 12.02.2025<br \/>\n<\/span><\/strong><strong><span style=\"color: #0000ff;\">Do, 13.02.2025<br \/>\n<\/span><\/strong><b><span style=\"color: #ff0000;\"><br \/>\n<\/span><\/b><\/span><\/td>\n<td style=\"border: 1px solid #000000; width: 28%; height: 190px;\"><span style=\"color: #ff0000; font-size: 12pt;\"><b><span style=\"color: #0000ff;\">Projektarbeitstage zur Erstellung der Projektarbeiten am Computer<\/span><br \/>\n<\/b><span style=\"color: #0000ff;\">(mit Herrn Ihling, Fr Schneider)<\/span><b><br \/>\n<\/b><\/span><\/td>\n<td style=\"border: 1px solid #000000; width: 55%; height: 190px;\"><span style=\"font-size: 12pt;\"><i>1. Erl\u00e4uterung u. Demonstration d. Vorgaben f\u00fcr:<br \/>\n&#8211; Verbindliche Formatierungen von Zeichen, Abs\u00e4tzen und Seiten<br \/>\n&#8211; die Bearbeitung der Kopf- und Fu\u00dfzeilen<br \/>\n&#8211; die Verwendung von Gliederungen<\/i><i><br \/>\n2. Erl\u00e4uterung und \u00dcbung zur Verwendung von Nachweisen und Verzeichnissen<br \/>\n&#8211; Inhaltsverzeichnis automatisiert erstellen<br \/>\n&#8211; Verzeichnisse f\u00fcr Abbildungen und Tabellen richtig anlegen<br \/>\n&#8211; Quellenangaben richtig erfassen und im Literaturverzeichnis verwenden<br \/>\n3. Besonderheiten bei Verwendung unterschiedlicher Textverarbeitungsprogramme<br \/>\n(Word \/ OpenOffice \/ LibreOffice Writer)<br \/>\n<\/i><\/span><\/td>\n<\/tr>\n<tr style=\"height: 96px;\">\n<td style=\"border: 1px solid #000000; width: 17%; height: 96px;\"><strong><span style=\"color: #ff0000;\"><span style=\"font-size: 12pt;\">Freitag,<\/span><br \/>\n<span style=\"font-size: 12pt;\">28.02.25<\/span><br \/>\n<\/span><\/strong><\/td>\n<td style=\"border: 1px solid #000000; width: 28%; height: 96px;\"><span style=\"color: #ff0000;\"><span style=\"font-size: 14pt;\"><b>Abgabe der Arbeiten<\/b><\/span><span style=\"text-decoration: underline;\"><b><br \/>\n<\/b><\/span><\/span><\/td>\n<td style=\"border: 1px solid #000000; width: 55%; height: 96px;\"><i><strong>2 Exemplare pro Gruppe<\/strong><br \/>\n==&gt; <\/i><i>gedruckt im DIN A4 Format (eine offizielle Arbeit und <i>ein Korrekturexemplar)<br \/>\n<\/i><strong>1 digitales Exemplar<\/strong><br \/>\n==&gt; im Datenformat der verwendeten Software<\/i><\/td>\n<\/tr>\n<tr style=\"height: 96px;\">\n<td style=\"border: 1px solid #000000; width: 17%; height: 96px;\"><strong><span style=\"color: #008000;\">29.04.- 09.05.2025<br \/>\n<\/span><\/strong><br \/>\n.<\/td>\n<td style=\"border: 1px solid #000000; width: 28%; height: 96px;\"><span style=\"color: #008000;\"><b>\u00a0Pr\u00e4sentationen<\/b><\/span><\/td>\n<td style=\"border: 1px solid #000000; width: 55%; height: 96px;\">-&gt; Terminabsprache mit Betreuer<br \/>\n-&gt; G\u00e4ste rechtzeitig einladen<br \/>\n-&gt; R\u00e4umlichkeiten u. technische\u00a0 Ausstattung abkl\u00e4ren (Genehmigung der Schulleitung bei Lokalit\u00e4ten au\u00dferhalb der Schule einholen)<\/td>\n<\/tr>\n<tr style=\"height: 24px;\">\n<td style=\"border: 1px solid #000000; width: 17%; height: 24px;\"><\/td>\n<td style=\"border: 1px solid #000000; width: 28%; height: 24px;\"><\/td>\n<td style=\"border: 1px solid #000000; width: 55%; height: 24px;\"><\/td>\n<\/tr>\n<\/tbody>\n<\/table>\n<p style=\"text-align: center;\"><span style=\"color: #ff6600; font-size: 14pt;\"><strong><em>Ich w\u00fcnsche euch viel Erfolg!! <\/em><\/strong><\/span><\/p>\n<p style=\"text-align: center;\"><span style=\"color: #ff6600; font-size: 14pt;\"><strong><em>\u00a0\u00a0\u00a0\u00a0\u00a0\u00a0\u00a0\u00a0\u00a0\u00a0\u00a0\u00a0\u00a0\u00a0\u00a0\u00a0\u00a0\u00a0\u00a0\u00a0 Frau Schneider<\/em><\/strong><\/span><\/p>\n","protected":false},"excerpt":{"rendered":"<p>Liebe Sch\u00fcler\/Innen der Klassen 10a und 10b, euer letztes Schuljahr an der Regelschule hat begonnen und nun hei\u00dft es, alle Kr\u00e4fte und Lernenergien in Richtung Realschulabschluss zu lenken. Dazu geh\u00f6rt auch das Erstellen einer Projektarbeit. An <a href=\"https:\/\/rsubach.de\/?page_id=7740\" class=\"read-more\">Weiterlesen &#8230;<\/a><\/p>\n","protected":false},"author":1,"featured_media":0,"parent":7119,"menu_order":32,"comment_status":"closed","ping_status":"closed","template":"","meta":{"ngg_post_thumbnail":0,"footnotes":""},"class_list":["post-7740","page","type-page","status-publish","hentry"],"publishpress_future_action":{"enabled":false,"date":"2026-05-23 17:57:03","action":"change-status","newStatus":"draft","terms":[],"taxonomy":"","extraData":[]},"publishpress_future_workflow_manual_trigger":{"enabledWorkflows":[]},"rttpg_featured_image_url":null,"rttpg_author":{"display_name":"Uwe Borger","author_link":"https:\/\/rsubach.de\/?author=1"},"rttpg_comment":0,"rttpg_category":null,"rttpg_excerpt":"Liebe Sch\u00fcler\/Innen der Klassen 10a und 10b, euer letztes Schuljahr an der Regelschule hat begonnen und nun hei\u00dft es, alle Kr\u00e4fte und Lernenergien in Richtung Realschulabschluss zu lenken. Dazu geh\u00f6rt auch das Erstellen einer Projektarbeit. An Weiterlesen ...","_links":{"self":[{"href":"https:\/\/rsubach.de\/index.php?rest_route=\/wp\/v2\/pages\/7740","targetHints":{"allow":["GET"]}}],"collection":[{"href":"https:\/\/rsubach.de\/index.php?rest_route=\/wp\/v2\/pages"}],"about":[{"href":"https:\/\/rsubach.de\/index.php?rest_route=\/wp\/v2\/types\/page"}],"author":[{"embeddable":true,"href":"https:\/\/rsubach.de\/index.php?rest_route=\/wp\/v2\/users\/1"}],"replies":[{"embeddable":true,"href":"https:\/\/rsubach.de\/index.php?rest_route=%2Fwp%2Fv2%2Fcomments&post=7740"}],"version-history":[{"count":110,"href":"https:\/\/rsubach.de\/index.php?rest_route=\/wp\/v2\/pages\/7740\/revisions"}],"predecessor-version":[{"id":27336,"href":"https:\/\/rsubach.de\/index.php?rest_route=\/wp\/v2\/pages\/7740\/revisions\/27336"}],"up":[{"embeddable":true,"href":"https:\/\/rsubach.de\/index.php?rest_route=\/wp\/v2\/pages\/7119"}],"wp:attachment":[{"href":"https:\/\/rsubach.de\/index.php?rest_route=%2Fwp%2Fv2%2Fmedia&parent=7740"}],"curies":[{"name":"wp","href":"https:\/\/api.w.org\/{rel}","templated":true}]}}