{"id":8880,"date":"2016-11-03T10:55:43","date_gmt":"2016-11-03T09:55:43","guid":{"rendered":"http:\/\/rsubach.de\/?page_id=8880"},"modified":"2023-11-02T12:19:01","modified_gmt":"2023-11-02T11:19:01","slug":"gruppen-und-themen","status":"publish","type":"page","link":"https:\/\/rsubach.de\/?page_id=8880","title":{"rendered":"Gruppen und Themen"},"content":{"rendered":"<section class=\"latest-post-selection\" id=\"lps-6f66e173a5ffc5c5328b0a2e185ba4e7\" style=\"\" role=\"list\"><article class=\"post-26128 post type-post status-publish format-standard hentry category-allgemein\" data-lps-id=\"26128\" role=\"listitem\"><h3 class=\"article__title item-title-tag\">Vereinbarungen der Projektarbeitsthemen \u00fcbergeben<\/h3><div class=\"article__text item-text\">\n<p>Am Donnerstag, dem 26.10.2023, wurden im Rahmen eines Projektarbeitstages alle Vereinbarungen der 12 Projektgruppen \u00fcbergeben. Im Folgenden eine \u00dcbersicht aller Gruppen und Themen:<\/p>\n\n\n\n<div class=\"wp-block-media-text alignwide has-media-on-the-right is-stacked-on-mobile has-background\" style=\"background-color:#ffad1f78;grid-template-columns:auto 40%\"><div class=\"wp-block-media-text__content\">\n<p class=\"has-black-color has-text-color\" style=\"font-size:18px\"><strong>Thema: Der Wartburgkreis &#8211; ein Landkreis mit Potential<\/strong><\/p>\n\n\n\n<p>Team: Hanna Asbrand, Tessa Rommel, Luise Beck, Linda Kaiser<\/p>\n\n\n\n<p>Betreuerin: Frau Braun<\/p>\n<\/div><figure class=\"wp-block-media-text__media\"><img loading=\"lazy\" decoding=\"async\" width=\"1024\" height=\"819\" src=\"https:\/\/rsubach.de\/wp-content\/uploads\/2023\/10\/PG01_Wartburgkreis-1024x819.jpg\" alt=\"\" class=\"wp-image-26152 size-large\" srcset=\"https:\/\/rsubach.de\/wp-content\/uploads\/2023\/10\/PG01_Wartburgkreis-1024x819.jpg 1024w, https:\/\/rsubach.de\/wp-content\/uploads\/2023\/10\/PG01_Wartburgkreis-300x240.jpg 300w, https:\/\/rsubach.de\/wp-content\/uploads\/2023\/10\/PG01_Wartburgkreis-768x614.jpg 768w, https:\/\/rsubach.de\/wp-content\/uploads\/2023\/10\/PG01_Wartburgkreis-1536x1229.jpg 1536w, https:\/\/rsubach.de\/wp-content\/uploads\/2023\/10\/PG01_Wartburgkreis-2048x1638.jpg 2048w, https:\/\/rsubach.de\/wp-content\/uploads\/2023\/10\/PG01_Wartburgkreis-338x270.jpg 338w\" sizes=\"auto, (max-width: 1024px) 100vw, 1024px\" \/><\/figure><\/div>\n\n\n\n<div style=\"height:12px\" aria-hidden=\"true\" class=\"wp-block-spacer\"><\/div>\n\n\n\n<hr class=\"wp-block-separator has-alpha-channel-opacity is-style-wide\"\/>\n\n\n\n<div style=\"height:12px\" aria-hidden=\"true\" class=\"wp-block-spacer\"><\/div>\n\n\n\n<div class=\"wp-block-media-text alignwide is-stacked-on-mobile has-background\" style=\"background-color:#ffad1f78;grid-template-columns:40% auto\"><figure class=\"wp-block-media-text__media\"><img loading=\"lazy\" decoding=\"async\" width=\"1024\" height=\"819\" src=\"https:\/\/rsubach.de\/wp-content\/uploads\/2023\/10\/PG02_Suedamerika-1024x819.jpg\" alt=\"\" class=\"wp-image-26153 size-full\" srcset=\"https:\/\/rsubach.de\/wp-content\/uploads\/2023\/10\/PG02_Suedamerika-1024x819.jpg 1024w, https:\/\/rsubach.de\/wp-content\/uploads\/2023\/10\/PG02_Suedamerika-300x240.jpg 300w, https:\/\/rsubach.de\/wp-content\/uploads\/2023\/10\/PG02_Suedamerika-768x614.jpg 768w, https:\/\/rsubach.de\/wp-content\/uploads\/2023\/10\/PG02_Suedamerika-1536x1229.jpg 1536w, https:\/\/rsubach.de\/wp-content\/uploads\/2023\/10\/PG02_Suedamerika-2048x1638.jpg 2048w, https:\/\/rsubach.de\/wp-content\/uploads\/2023\/10\/PG02_Suedamerika-338x270.jpg 338w\" sizes=\"auto, (max-width: 1024px) 100vw, 1024px\" \/><\/figure><div class=\"wp-block-media-text__content\">\n<p class=\"has-black-color has-text-color\" style=\"font-size:18px\"><strong>Thema: S\u00fcdamerika &#8211; zerst\u00f6rt durch privilegierte L\u00e4nder?<\/strong><\/p>\n\n\n\n<p>Team: Terence Becker, Niklas Grzesiek, Lasse Schirmer, Luis Hartmann (fehlend)<\/p>\n\n\n\n<p>Betreuer: Herr Jahn<\/p>\n<\/div><\/div>\n\n\n\n<div style=\"height:12px\" aria-hidden=\"true\" class=\"wp-block-spacer\"><\/div>\n\n\n\n<hr class=\"wp-block-separator has-alpha-channel-opacity is-style-wide\"\/>\n\n\n\n<div style=\"height:12px\" aria-hidden=\"true\" class=\"wp-block-spacer\"><\/div>\n\n\n\n<div class=\"wp-block-media-text alignwide has-media-on-the-right is-stacked-on-mobile has-background\" style=\"background-color:#ffad1f78;grid-template-columns:auto 40%\"><div class=\"wp-block-media-text__content\">\n<p class=\"has-black-color has-text-color\" style=\"font-size:18px\"><strong>Thema: Tierschutz weltweit! Sind die Tiere den Menschen egal?<\/strong><\/p>\n\n\n\n<p>Team: Tino Zweinert, Luca Barche, Paul G\u00f6ttlich, Jaden Lotz<\/p>\n\n\n\n<p>Betreuer: Herr Grebe<\/p>\n<\/div><figure class=\"wp-block-media-text__media\"><img loading=\"lazy\" decoding=\"async\" width=\"1024\" height=\"819\" src=\"https:\/\/rsubach.de\/wp-content\/uploads\/2023\/10\/PG03_Tierschutz-1024x819.jpg\" alt=\"\" class=\"wp-image-26154 size-full\" srcset=\"https:\/\/rsubach.de\/wp-content\/uploads\/2023\/10\/PG03_Tierschutz-1024x819.jpg 1024w, https:\/\/rsubach.de\/wp-content\/uploads\/2023\/10\/PG03_Tierschutz-300x240.jpg 300w, https:\/\/rsubach.de\/wp-content\/uploads\/2023\/10\/PG03_Tierschutz-768x614.jpg 768w, https:\/\/rsubach.de\/wp-content\/uploads\/2023\/10\/PG03_Tierschutz-1536x1229.jpg 1536w, https:\/\/rsubach.de\/wp-content\/uploads\/2023\/10\/PG03_Tierschutz-2048x1638.jpg 2048w, https:\/\/rsubach.de\/wp-content\/uploads\/2023\/10\/PG03_Tierschutz-338x270.jpg 338w\" sizes=\"auto, (max-width: 1024px) 100vw, 1024px\" \/><\/figure><\/div>\n\n\n\n<div style=\"height:12px\" aria-hidden=\"true\" class=\"wp-block-spacer\"><\/div>\n\n\n\n<hr class=\"wp-block-separator has-alpha-channel-opacity is-style-wide\"\/>\n\n\n\n<div style=\"height:12px\" aria-hidden=\"true\" class=\"wp-block-spacer\"><\/div>\n\n\n\n<div class=\"wp-block-media-text alignwide is-stacked-on-mobile has-background\" style=\"background-color:#ffad1f78;grid-template-columns:40% auto\"><figure class=\"wp-block-media-text__media\"><img loading=\"lazy\" decoding=\"async\" width=\"1024\" height=\"819\" src=\"https:\/\/rsubach.de\/wp-content\/uploads\/2023\/10\/PG04_PointAlpha-1024x819.jpg\" alt=\"\" class=\"wp-image-26155 size-full\" srcset=\"https:\/\/rsubach.de\/wp-content\/uploads\/2023\/10\/PG04_PointAlpha-1024x819.jpg 1024w, https:\/\/rsubach.de\/wp-content\/uploads\/2023\/10\/PG04_PointAlpha-300x240.jpg 300w, https:\/\/rsubach.de\/wp-content\/uploads\/2023\/10\/PG04_PointAlpha-768x614.jpg 768w, https:\/\/rsubach.de\/wp-content\/uploads\/2023\/10\/PG04_PointAlpha-1536x1229.jpg 1536w, https:\/\/rsubach.de\/wp-content\/uploads\/2023\/10\/PG04_PointAlpha-2048x1638.jpg 2048w, https:\/\/rsubach.de\/wp-content\/uploads\/2023\/10\/PG04_PointAlpha-338x270.jpg 338w\" sizes=\"auto, (max-width: 1024px) 100vw, 1024px\" \/><\/figure><div class=\"wp-block-media-text__content\">\n<p class=\"has-black-color has-text-color\" style=\"font-size:18px\"><strong>Thema: Point Alpha &#8211; Kalter Krieg und Grenzteilung neben der Haust\u00fcr<\/strong><\/p>\n\n\n\n<p>Team: Johannes Borken, Julien Strau\u00df, Jason Most, Jonas M\u00e4nnecke<\/p>\n\n\n\n<p>Betreuer: Herr Helm<\/p>\n<\/div><\/div>\n\n\n\n<div style=\"height:12px\" aria-hidden=\"true\" class=\"wp-block-spacer\"><\/div>\n\n\n\n<hr class=\"wp-block-separator has-alpha-channel-opacity is-style-wide\"\/>\n\n\n\n<div style=\"height:12px\" aria-hidden=\"true\" class=\"wp-block-spacer\"><\/div>\n\n\n\n<div class=\"wp-block-media-text alignwide has-media-on-the-right is-stacked-on-mobile has-background\" style=\"background-color:#ffad1f78;grid-template-columns:auto 40%\"><div class=\"wp-block-media-text__content\">\n<p class=\"has-black-color has-text-color\" style=\"font-size:18px\"><strong>Thema: USA &#8211; Land der unbegrenzten M\u00f6glichkeiten?<\/strong><\/p>\n\n\n\n<p>Team: Felix M\u00f6ller, Lennox Sauer, Eric Deus, Max Braun<\/p>\n\n\n\n<p>Betreuer: Herr Ihling<\/p>\n<\/div><figure class=\"wp-block-media-text__media\"><img loading=\"lazy\" decoding=\"async\" width=\"1024\" height=\"819\" src=\"https:\/\/rsubach.de\/wp-content\/uploads\/2023\/10\/PG05_USA-1024x819.jpg\" alt=\"\" class=\"wp-image-26156 size-full\" srcset=\"https:\/\/rsubach.de\/wp-content\/uploads\/2023\/10\/PG05_USA-1024x819.jpg 1024w, https:\/\/rsubach.de\/wp-content\/uploads\/2023\/10\/PG05_USA-300x240.jpg 300w, https:\/\/rsubach.de\/wp-content\/uploads\/2023\/10\/PG05_USA-768x614.jpg 768w, https:\/\/rsubach.de\/wp-content\/uploads\/2023\/10\/PG05_USA-1536x1229.jpg 1536w, https:\/\/rsubach.de\/wp-content\/uploads\/2023\/10\/PG05_USA-2048x1639.jpg 2048w, https:\/\/rsubach.de\/wp-content\/uploads\/2023\/10\/PG05_USA-337x270.jpg 337w\" sizes=\"auto, (max-width: 1024px) 100vw, 1024px\" \/><\/figure><\/div>\n\n\n\n<div style=\"height:12px\" aria-hidden=\"true\" class=\"wp-block-spacer\"><\/div>\n\n\n\n<hr class=\"wp-block-separator has-alpha-channel-opacity is-style-wide\"\/>\n\n\n\n<div style=\"height:12px\" aria-hidden=\"true\" class=\"wp-block-spacer\"><\/div>\n\n\n\n<div class=\"wp-block-media-text alignwide is-stacked-on-mobile has-background\" style=\"background-color:#ffad1f78;grid-template-columns:40% auto\"><figure class=\"wp-block-media-text__media\"><img loading=\"lazy\" decoding=\"async\" width=\"1024\" height=\"819\" src=\"https:\/\/rsubach.de\/wp-content\/uploads\/2023\/10\/PG06_Mobilitaet-1024x819.jpg\" alt=\"\" class=\"wp-image-26157 size-full\" srcset=\"https:\/\/rsubach.de\/wp-content\/uploads\/2023\/10\/PG06_Mobilitaet-1024x819.jpg 1024w, https:\/\/rsubach.de\/wp-content\/uploads\/2023\/10\/PG06_Mobilitaet-300x240.jpg 300w, https:\/\/rsubach.de\/wp-content\/uploads\/2023\/10\/PG06_Mobilitaet-768x614.jpg 768w, https:\/\/rsubach.de\/wp-content\/uploads\/2023\/10\/PG06_Mobilitaet-1536x1229.jpg 1536w, https:\/\/rsubach.de\/wp-content\/uploads\/2023\/10\/PG06_Mobilitaet-2048x1638.jpg 2048w, https:\/\/rsubach.de\/wp-content\/uploads\/2023\/10\/PG06_Mobilitaet-338x270.jpg 338w\" sizes=\"auto, (max-width: 1024px) 100vw, 1024px\" \/><\/figure><div class=\"wp-block-media-text__content\">\n<p class=\"has-black-color has-text-color\" style=\"font-size:18px\"><strong>Thema: Mobilit\u00e4t &#8211; eine nie endende Reise? Von den Anf\u00e4ngen bis in die Gegenwart?<\/strong><\/p>\n\n\n\n<p>Team: Levin Deus, Kiano Kirchner, Pierre Diegues, Wayne Krummhaar<\/p>\n\n\n\n<p>Betreuer: Herr Hildebrandt<\/p>\n<\/div><\/div>\n\n\n\n<div style=\"height:12px\" aria-hidden=\"true\" class=\"wp-block-spacer\"><\/div>\n\n\n\n<hr class=\"wp-block-separator has-alpha-channel-opacity is-style-wide\"\/>\n\n\n\n<div style=\"height:12px\" aria-hidden=\"true\" class=\"wp-block-spacer\"><\/div>\n\n\n\n<div class=\"wp-block-media-text alignwide has-media-on-the-right is-stacked-on-mobile has-background\" style=\"background-color:#ffad1f78;grid-template-columns:auto 40%\"><div class=\"wp-block-media-text__content\">\n<p class=\"has-black-color has-text-color\" style=\"font-size:18px\"><strong>Thema: Mode im Wandel der Zeit: Wie beeinflusst sie unsere Identit\u00e4t und unsere Gesellschaft?<\/strong><\/p>\n\n\n\n<p>Team: Emilia Eitzert, Jolina Stockmar, Annika Klotzbach, Denise J\u00e4ger<\/p>\n\n\n\n<p>Betreuerin: Frau Nelkert<\/p>\n<\/div><figure class=\"wp-block-media-text__media\"><img loading=\"lazy\" decoding=\"async\" width=\"1024\" height=\"819\" src=\"https:\/\/rsubach.de\/wp-content\/uploads\/2023\/10\/PG07_Mode-1024x819.jpg\" alt=\"\" class=\"wp-image-26158 size-full\" srcset=\"https:\/\/rsubach.de\/wp-content\/uploads\/2023\/10\/PG07_Mode-1024x819.jpg 1024w, https:\/\/rsubach.de\/wp-content\/uploads\/2023\/10\/PG07_Mode-300x240.jpg 300w, https:\/\/rsubach.de\/wp-content\/uploads\/2023\/10\/PG07_Mode-768x614.jpg 768w, https:\/\/rsubach.de\/wp-content\/uploads\/2023\/10\/PG07_Mode-1536x1229.jpg 1536w, https:\/\/rsubach.de\/wp-content\/uploads\/2023\/10\/PG07_Mode-2048x1638.jpg 2048w, https:\/\/rsubach.de\/wp-content\/uploads\/2023\/10\/PG07_Mode-338x270.jpg 338w\" sizes=\"auto, (max-width: 1024px) 100vw, 1024px\" \/><\/figure><\/div>\n\n\n\n<div style=\"height:12px\" aria-hidden=\"true\" class=\"wp-block-spacer\"><\/div>\n\n\n\n<hr class=\"wp-block-separator has-alpha-channel-opacity is-style-wide\"\/>\n\n\n\n<div style=\"height:12px\" aria-hidden=\"true\" class=\"wp-block-spacer\"><\/div>\n\n\n\n<div class=\"wp-block-media-text alignwide is-stacked-on-mobile has-background\" style=\"background-color:#ffad1f78;grid-template-columns:40% auto\"><figure class=\"wp-block-media-text__media\"><img loading=\"lazy\" decoding=\"async\" width=\"1024\" height=\"819\" src=\"https:\/\/rsubach.de\/wp-content\/uploads\/2023\/10\/PG08_Bundeswehr-1024x819.jpg\" alt=\"\" class=\"wp-image-26159 size-full\" srcset=\"https:\/\/rsubach.de\/wp-content\/uploads\/2023\/10\/PG08_Bundeswehr-1024x819.jpg 1024w, https:\/\/rsubach.de\/wp-content\/uploads\/2023\/10\/PG08_Bundeswehr-300x240.jpg 300w, https:\/\/rsubach.de\/wp-content\/uploads\/2023\/10\/PG08_Bundeswehr-768x614.jpg 768w, https:\/\/rsubach.de\/wp-content\/uploads\/2023\/10\/PG08_Bundeswehr-1536x1229.jpg 1536w, https:\/\/rsubach.de\/wp-content\/uploads\/2023\/10\/PG08_Bundeswehr-2048x1638.jpg 2048w, https:\/\/rsubach.de\/wp-content\/uploads\/2023\/10\/PG08_Bundeswehr-338x270.jpg 338w\" sizes=\"auto, (max-width: 1024px) 100vw, 1024px\" \/><\/figure><div class=\"wp-block-media-text__content\">\n<p class=\"has-black-color has-text-color\" style=\"font-size:18px\"><strong>Thema: Die Bundeswehr im Wandel der Zeit<\/strong><\/p>\n\n\n\n<p>Team: Til I\u00dfbr\u00fccker, Aileen Wolfram, Max-Luca He\u00df, Pierre Kindschuh<\/p>\n\n\n\n<p>Betreuerin: Frau Meier-Trautmann<\/p>\n<\/div><\/div>\n\n\n\n<div style=\"height:12px\" aria-hidden=\"true\" class=\"wp-block-spacer\"><\/div>\n\n\n\n<hr class=\"wp-block-separator has-alpha-channel-opacity is-style-wide\"\/>\n\n\n\n<div style=\"height:12px\" aria-hidden=\"true\" class=\"wp-block-spacer\"><\/div>\n\n\n\n<div class=\"wp-block-media-text alignwide has-media-on-the-right is-stacked-on-mobile has-background\" style=\"background-color:#ffad1f78;grid-template-columns:auto 40%\"><div class=\"wp-block-media-text__content\">\n<p class=\"has-black-color has-text-color\" style=\"font-size:18px\"><strong>Thema: Per Internet finanziell unabh\u00e4ngig werden &#8211; Realit\u00e4t oder Illusion?<\/strong><\/p>\n\n\n\n<p>Team: Jamie Halver, Lara Barche, Melissa Mrowetz, Eva Meier<\/p>\n\n\n\n<p>Betreuerin: Frau Fischer<\/p>\n<\/div><figure class=\"wp-block-media-text__media\"><img loading=\"lazy\" decoding=\"async\" width=\"1024\" height=\"819\" src=\"https:\/\/rsubach.de\/wp-content\/uploads\/2023\/10\/PG09_Internet-1024x819.jpg\" alt=\"\" class=\"wp-image-26160 size-full\" srcset=\"https:\/\/rsubach.de\/wp-content\/uploads\/2023\/10\/PG09_Internet-1024x819.jpg 1024w, https:\/\/rsubach.de\/wp-content\/uploads\/2023\/10\/PG09_Internet-300x240.jpg 300w, https:\/\/rsubach.de\/wp-content\/uploads\/2023\/10\/PG09_Internet-768x614.jpg 768w, https:\/\/rsubach.de\/wp-content\/uploads\/2023\/10\/PG09_Internet-1536x1229.jpg 1536w, https:\/\/rsubach.de\/wp-content\/uploads\/2023\/10\/PG09_Internet-2048x1639.jpg 2048w, https:\/\/rsubach.de\/wp-content\/uploads\/2023\/10\/PG09_Internet-337x270.jpg 337w\" sizes=\"auto, (max-width: 1024px) 100vw, 1024px\" \/><\/figure><\/div>\n\n\n\n<div style=\"height:12px\" aria-hidden=\"true\" class=\"wp-block-spacer\"><\/div>\n\n\n\n<hr class=\"wp-block-separator has-alpha-channel-opacity is-style-wide\"\/>\n\n\n\n<div style=\"height:12px\" aria-hidden=\"true\" class=\"wp-block-spacer\"><\/div>\n\n\n\n<div class=\"wp-block-media-text alignwide is-stacked-on-mobile has-background\" style=\"background-color:#ffad1f78;grid-template-columns:40% auto\"><figure class=\"wp-block-media-text__media\"><img loading=\"lazy\" decoding=\"async\" width=\"1024\" height=\"819\" src=\"https:\/\/rsubach.de\/wp-content\/uploads\/2023\/10\/PG10_Organspende-1024x819.jpg\" alt=\"\" class=\"wp-image-26161 size-full\" srcset=\"https:\/\/rsubach.de\/wp-content\/uploads\/2023\/10\/PG10_Organspende-1024x819.jpg 1024w, https:\/\/rsubach.de\/wp-content\/uploads\/2023\/10\/PG10_Organspende-300x240.jpg 300w, https:\/\/rsubach.de\/wp-content\/uploads\/2023\/10\/PG10_Organspende-768x615.jpg 768w, https:\/\/rsubach.de\/wp-content\/uploads\/2023\/10\/PG10_Organspende-1536x1229.jpg 1536w, https:\/\/rsubach.de\/wp-content\/uploads\/2023\/10\/PG10_Organspende-337x270.jpg 337w, https:\/\/rsubach.de\/wp-content\/uploads\/2023\/10\/PG10_Organspende.jpg 1847w\" sizes=\"auto, (max-width: 1024px) 100vw, 1024px\" \/><\/figure><div class=\"wp-block-media-text__content\">\n<p class=\"has-black-color has-text-color\" style=\"font-size:18px\"><strong>Thema: Organspende &#8211; Richtig? Wichtig? Lebenswichtig?<\/strong><\/p>\n\n\n\n<p>Team: Zoya Youssef, Amelie Gimpel, Luisa Weber, Lilly Weber<\/p>\n\n\n\n<p>Betreuerin: Frau Neubert<\/p>\n<\/div><\/div>\n\n\n\n<div style=\"height:12px\" aria-hidden=\"true\" class=\"wp-block-spacer\"><\/div>\n\n\n\n<hr class=\"wp-block-separator has-alpha-channel-opacity is-style-wide\"\/>\n\n\n\n<div style=\"height:12px\" aria-hidden=\"true\" class=\"wp-block-spacer\"><\/div>\n\n\n\n<div class=\"wp-block-media-text alignwide has-media-on-the-right is-stacked-on-mobile has-background\" style=\"background-color:#ffad1f78;grid-template-columns:auto 40%\"><div class=\"wp-block-media-text__content\">\n<p class=\"has-black-color has-text-color\" style=\"font-size:18px\"><strong>Thema: Amerikanische Sportarten &#8211; unbegrenzte M\u00f6glichkeiten f\u00fcr Mensch und Wirtschaft<\/strong><\/p>\n\n\n\n<p>Team: Alex Uebe, Malte La\u00dflop, Dion Zeneli<\/p>\n\n\n\n<p>Betreuerin: Frau Timm<\/p>\n<\/div><figure class=\"wp-block-media-text__media\"><img loading=\"lazy\" decoding=\"async\" width=\"1024\" height=\"819\" src=\"https:\/\/rsubach.de\/wp-content\/uploads\/2023\/10\/PG11_Sportarten-1024x819.jpg\" alt=\"\" class=\"wp-image-26162 size-full\" srcset=\"https:\/\/rsubach.de\/wp-content\/uploads\/2023\/10\/PG11_Sportarten-1024x819.jpg 1024w, https:\/\/rsubach.de\/wp-content\/uploads\/2023\/10\/PG11_Sportarten-300x240.jpg 300w, https:\/\/rsubach.de\/wp-content\/uploads\/2023\/10\/PG11_Sportarten-768x614.jpg 768w, https:\/\/rsubach.de\/wp-content\/uploads\/2023\/10\/PG11_Sportarten-1536x1229.jpg 1536w, https:\/\/rsubach.de\/wp-content\/uploads\/2023\/10\/PG11_Sportarten-2048x1638.jpg 2048w, https:\/\/rsubach.de\/wp-content\/uploads\/2023\/10\/PG11_Sportarten-338x270.jpg 338w\" sizes=\"auto, (max-width: 1024px) 100vw, 1024px\" \/><\/figure><\/div>\n\n\n\n<div style=\"height:12px\" aria-hidden=\"true\" class=\"wp-block-spacer\"><\/div>\n\n\n\n<hr class=\"wp-block-separator has-alpha-channel-opacity is-style-wide\"\/>\n\n\n\n<div style=\"height:12px\" aria-hidden=\"true\" class=\"wp-block-spacer\"><\/div>\n\n\n\n<div class=\"wp-block-media-text alignwide is-stacked-on-mobile has-background\" style=\"background-color:#ffad1f78;grid-template-columns:40% auto\"><figure class=\"wp-block-media-text__media\"><img loading=\"lazy\" decoding=\"async\" width=\"1024\" height=\"819\" src=\"https:\/\/rsubach.de\/wp-content\/uploads\/2023\/10\/PG12_Massentierhaltung-1024x819.jpg\" alt=\"\" class=\"wp-image-26149 size-full\" srcset=\"https:\/\/rsubach.de\/wp-content\/uploads\/2023\/10\/PG12_Massentierhaltung-1024x819.jpg 1024w, https:\/\/rsubach.de\/wp-content\/uploads\/2023\/10\/PG12_Massentierhaltung-300x240.jpg 300w, https:\/\/rsubach.de\/wp-content\/uploads\/2023\/10\/PG12_Massentierhaltung-768x614.jpg 768w, https:\/\/rsubach.de\/wp-content\/uploads\/2023\/10\/PG12_Massentierhaltung-1536x1229.jpg 1536w, https:\/\/rsubach.de\/wp-content\/uploads\/2023\/10\/PG12_Massentierhaltung-2048x1639.jpg 2048w, https:\/\/rsubach.de\/wp-content\/uploads\/2023\/10\/PG12_Massentierhaltung-337x270.jpg 337w\" sizes=\"auto, (max-width: 1024px) 100vw, 1024px\" \/><\/figure><div class=\"wp-block-media-text__content\">\n<p class=\"has-black-color has-text-color\" style=\"font-size:18px\"><strong>Thema: Massentierhaltung &#8211; Schlecht f\u00fcr Mensch, Tier und Klima?<\/strong><\/p>\n\n\n\n<p>Team: Robin Schneider, Anna Ludwig, Mia Hartmann, Jasmin Kieschnick<\/p>\n\n\n\n<p>Betreuer: Herr Rudolph<\/p>\n<\/div><\/div>\n<\/div><\/article><\/section>\n","protected":false},"excerpt":{"rendered":"","protected":false},"author":1,"featured_media":0,"parent":7740,"menu_order":13,"comment_status":"closed","ping_status":"closed","template":"","meta":{"ngg_post_thumbnail":0,"footnotes":""},"class_list":["post-8880","page","type-page","status-publish","hentry"],"publishpress_future_action":{"enabled":false,"date":"2026-05-24 15:58:04","action":"change-status","newStatus":"draft","terms":[],"taxonomy":"","extraData":[]},"publishpress_future_workflow_manual_trigger":{"enabledWorkflows":[]},"rttpg_featured_image_url":null,"rttpg_author":{"display_name":"Uwe Borger","author_link":"https:\/\/rsubach.de\/?author=1"},"rttpg_comment":0,"rttpg_category":"","rttpg_excerpt":null,"_links":{"self":[{"href":"https:\/\/rsubach.de\/index.php?rest_route=\/wp\/v2\/pages\/8880","targetHints":{"allow":["GET"]}}],"collection":[{"href":"https:\/\/rsubach.de\/index.php?rest_route=\/wp\/v2\/pages"}],"about":[{"href":"https:\/\/rsubach.de\/index.php?rest_route=\/wp\/v2\/types\/page"}],"author":[{"embeddable":true,"href":"https:\/\/rsubach.de\/index.php?rest_route=\/wp\/v2\/users\/1"}],"replies":[{"embeddable":true,"href":"https:\/\/rsubach.de\/index.php?rest_route=%2Fwp%2Fv2%2Fcomments&post=8880"}],"version-history":[{"count":17,"href":"https:\/\/rsubach.de\/index.php?rest_route=\/wp\/v2\/pages\/8880\/revisions"}],"predecessor-version":[{"id":26207,"href":"https:\/\/rsubach.de\/index.php?rest_route=\/wp\/v2\/pages\/8880\/revisions\/26207"}],"up":[{"embeddable":true,"href":"https:\/\/rsubach.de\/index.php?rest_route=\/wp\/v2\/pages\/7740"}],"wp:attachment":[{"href":"https:\/\/rsubach.de\/index.php?rest_route=%2Fwp%2Fv2%2Fmedia&parent=8880"}],"curies":[{"name":"wp","href":"https:\/\/api.w.org\/{rel}","templated":true}]}}